{"id":1129,"date":"2018-10-08T19:57:48","date_gmt":"2018-10-08T22:57:48","guid":{"rendered":"https:\/\/insquitilipi-cha.infd.edu.ar\/sitio\/?page_id=1129"},"modified":"2025-10-20T19:53:39","modified_gmt":"2025-10-20T22:53:39","slug":"consejo-directivo","status":"publish","type":"page","link":"https:\/\/insquitilipi-cha.infd.edu.ar\/sitio\/consejo-directivo\/","title":{"rendered":"CONSEJO DIRECTIVO"},"content":{"rendered":"<h1 style=\"text-align: center;\"><span style=\"color: #008080;\">CONSEJO DIRECTIVO I. E. S. PISARELLO (2024)<\/span><\/h1>\n<h2><\/h2>\n<h2><span style=\"color: #ff6600;\">DOCENTES ELEGIDOS PARA CONSEJO DIRECTIVO (TITULARES)<\/span><\/h2>\n<ol>\n<li>\n<h4>BARRIOS, M\u00d3NICA SUSANA<\/h4>\n<\/li>\n<li>\n<h4>BLANAR, PABLO ALBERTO<\/h4>\n<\/li>\n<li>\n<h4>PELOZO, PABLO ALEXIS<\/h4>\n<\/li>\n<li>\n<h4>MARTINA, SERGIO RUB\u00c9N<\/h4>\n<\/li>\n<li>\n<h4>CRISTALDO, VER\u00d3NICA NOELIA<\/h4>\n<\/li>\n<\/ol>\n<h2><span style=\"color: #0000ff;\">DOCENTES ELEGIDOS PARA CONSEJO DIRECTIVO (SUPLENTES)<\/span><\/h2>\n<ol>\n<li>\n<h4><strong>PICCOLI, TERESA MARISEL<\/strong><\/h4>\n<\/li>\n<li>\n<h4><strong>COLLA, MARIANO WALDEMAR<\/strong><\/h4>\n<\/li>\n<li>\n<h4>FOGAR, M\u00d3NICA ANDREA<\/h4>\n<\/li>\n<li>\n<h4><strong>MOREIRA, SILVIA MABEL <\/strong><\/h4>\n<\/li>\n<li>\n<h4>PAVICICH, KARINA SOLEDAD<\/h4>\n<\/li>\n<\/ol>\n<hr \/>\n<h2><span style=\"color: #ff6600;\">ESTUDIANTES ELEGIDOS PARA CONSEJO DIRECTIVO (TITULARES)<\/span><\/h2>\n<ol>\n<li>\n<h4><strong>MONZ\u00d3N, LUCIANO LAUTARO \u2013 Artes Visuales <\/strong><\/h4>\n<\/li>\n<li>\n<h4><strong>VILLORDO, MILTON EZEQUIEL \u2013 Educaci\u00f3n Primaria<\/strong><\/h4>\n<\/li>\n<li>\n<h4><strong>JOVANOVICH, BRISA NOELIA \u2013 Artes Visuales<\/strong><\/h4>\n<\/li>\n<li>\n<h4><strong>MEZA, RAMONA ELIZABETH \u2013 Lengua y Literatura<\/strong><\/h4>\n<\/li>\n<li>\n<h4><strong>BENITEZ, C\u00c9SAR ARIEL \u2013 Educaci\u00f3n F\u00edsica <\/strong><\/h4>\n<\/li>\n<\/ol>\n<h2><span style=\"color: #0000ff;\">ESTUDIANTES ELEGIDOS PARA CONSEJO DIRECTIVO (SUPLENTES)<\/span><\/h2>\n<ol>\n<li>\n<h4>TRANGONI, JAVIER \u2013 Educaci\u00f3n F\u00edsica<\/h4>\n<\/li>\n<li>\n<h4>ARGA\u00d1ARAZ, MAR\u00cdA BEL\u00c9N \u2013 Educaci\u00f3n F\u00edsica<\/h4>\n<\/li>\n<li>\n<h4>ESQUIVEL, PATRICIA JAQUELINA \u2013 Educaci\u00f3n F\u00edsica<\/h4>\n<\/li>\n<li>\n<h4>RAMIREZ, V\u00cdCTOR GREGORIO \u2013 Educaci\u00f3n Primaria<\/h4>\n<\/li>\n<\/ol>\n","protected":false},"excerpt":{"rendered":"<p>CONSEJO DIRECTIVO I. E. S. PISARELLO (2024) DOCENTES ELEGIDOS PARA CONSEJO DIRECTIVO (TITULARES) BARRIOS, M\u00d3NICA SUSANA BLANAR, PABLO ALBERTO PELOZO, PABLO ALEXIS MARTINA, SERGIO RUB\u00c9N CRISTALDO, VER\u00d3NICA NOELIA DOCENTES ELEGIDOS PARA CONSEJO DIRECTIVO (SUPLENTES) PICCOLI, TERESA MARISEL COLLA, MARIANO WALDEMAR FOGAR, M\u00d3NICA ANDREA MOREIRA, SILVIA MABEL PAVICICH, KARINA SOLEDAD ESTUDIANTES ELEGIDOS PARA CONSEJO DIRECTIVO (TITULARES) &#8230; <a title=\"CONSEJO DIRECTIVO\" class=\"read-more\" href=\"https:\/\/insquitilipi-cha.infd.edu.ar\/sitio\/consejo-directivo\/\" aria-label=\"More on CONSEJO DIRECTIVO\">[+]<\/a><\/p>\n","protected":false},"author":921,"featured_media":0,"parent":0,"menu_order":0,"comment_status":"closed","ping_status":"closed","template":"","meta":[],"acf":[],"_links":{"self":[{"href":"https:\/\/insquitilipi-cha.infd.edu.ar\/sitio\/wp-json\/wp\/v2\/pages\/1129"}],"collection":[{"href":"https:\/\/insquitilipi-cha.infd.edu.ar\/sitio\/wp-json\/wp\/v2\/pages"}],"about":[{"href":"https:\/\/insquitilipi-cha.infd.edu.ar\/sitio\/wp-json\/wp\/v2\/types\/page"}],"author":[{"embeddable":true,"href":"https:\/\/insquitilipi-cha.infd.edu.ar\/sitio\/wp-json\/wp\/v2\/users\/921"}],"replies":[{"embeddable":true,"href":"https:\/\/insquitilipi-cha.infd.edu.ar\/sitio\/wp-json\/wp\/v2\/comments?post=1129"}],"version-history":[{"count":21,"href":"https:\/\/insquitilipi-cha.infd.edu.ar\/sitio\/wp-json\/wp\/v2\/pages\/1129\/revisions"}],"predecessor-version":[{"id":3963,"href":"https:\/\/insquitilipi-cha.infd.edu.ar\/sitio\/wp-json\/wp\/v2\/pages\/1129\/revisions\/3963"}],"wp:attachment":[{"href":"https:\/\/insquitilipi-cha.infd.edu.ar\/sitio\/wp-json\/wp\/v2\/media?parent=1129"}],"curies":[{"name":"wp","href":"https:\/\/api.w.org\/{rel}","templated":true}]}}