{"id":1147,"date":"2018-10-22T16:40:34","date_gmt":"2018-10-22T19:40:34","guid":{"rendered":"https:\/\/insquitilipi-cha.infd.edu.ar\/sitio\/?page_id=1147"},"modified":"2018-10-22T22:56:33","modified_gmt":"2018-10-23T01:56:33","slug":"actualizacion-academica","status":"publish","type":"page","link":"https:\/\/insquitilipi-cha.infd.edu.ar\/sitio\/actualizacion-academica\/","title":{"rendered":"ACTUALIZACI\u00d3N ACAD\u00c9MICA"},"content":{"rendered":"<h1 style=\"text-align: center;\"><span style=\"color: #0000ff;\">ACTUALIZACI\u00d3N ACAD\u00c9MICA EN FORMACI\u00d3N DOCENTE<\/span><\/h1>\n<h3>Docentes del Instituto Pisarello de Quitilipi participaron en la CABA de una jornada que integra como parte de la Actualizaci\u00f3n Acad\u00e9mica en Formaci\u00f3n Docente Inicial.<\/h3>\n<hr \/>\n<p>&nbsp;<\/p>\n<p><img decoding=\"async\" loading=\"lazy\" class=\"alignnone size-medium wp-image-1184\" src=\"https:\/\/insquitilipi-cha.infd.edu.ar\/sitio\/wp-content\/uploads\/2018\/10\/Actual2018_3-1000x750.jpg\" alt=\"\" width=\"1000\" height=\"750\" srcset=\"https:\/\/insquitilipi-cha.infd.edu.ar\/sitio\/wp-content\/uploads\/2018\/10\/Actual2018_3-1000x750.jpg 1000w, https:\/\/insquitilipi-cha.infd.edu.ar\/sitio\/wp-content\/uploads\/2018\/10\/Actual2018_3-768x576.jpg 768w, https:\/\/insquitilipi-cha.infd.edu.ar\/sitio\/wp-content\/uploads\/2018\/10\/Actual2018_3.jpg 1032w\" sizes=\"(max-width: 1000px) 100vw, 1000px\" \/> <img decoding=\"async\" loading=\"lazy\" class=\"alignnone size-medium wp-image-1183\" src=\"https:\/\/insquitilipi-cha.infd.edu.ar\/sitio\/wp-content\/uploads\/2018\/10\/Actual2018_2-1000x750.jpg\" alt=\"\" width=\"1000\" height=\"750\" srcset=\"https:\/\/insquitilipi-cha.infd.edu.ar\/sitio\/wp-content\/uploads\/2018\/10\/Actual2018_2-1000x750.jpg 1000w, https:\/\/insquitilipi-cha.infd.edu.ar\/sitio\/wp-content\/uploads\/2018\/10\/Actual2018_2-768x576.jpg 768w, https:\/\/insquitilipi-cha.infd.edu.ar\/sitio\/wp-content\/uploads\/2018\/10\/Actual2018_2.jpg 1032w\" sizes=\"(max-width: 1000px) 100vw, 1000px\" \/> <img decoding=\"async\" loading=\"lazy\" class=\"alignnone size-medium wp-image-1182\" src=\"https:\/\/insquitilipi-cha.infd.edu.ar\/sitio\/wp-content\/uploads\/2018\/10\/Actual2018_1-750x1000.jpg\" alt=\"\" width=\"750\" height=\"1000\" srcset=\"https:\/\/insquitilipi-cha.infd.edu.ar\/sitio\/wp-content\/uploads\/2018\/10\/Actual2018_1-750x1000.jpg 750w, https:\/\/insquitilipi-cha.infd.edu.ar\/sitio\/wp-content\/uploads\/2018\/10\/Actual2018_1-768x1024.jpg 768w, https:\/\/insquitilipi-cha.infd.edu.ar\/sitio\/wp-content\/uploads\/2018\/10\/Actual2018_1.jpg 780w\" sizes=\"(max-width: 750px) 100vw, 750px\" \/> <img decoding=\"async\" loading=\"lazy\" class=\"alignnone size-medium wp-image-1181\" src=\"https:\/\/insquitilipi-cha.infd.edu.ar\/sitio\/wp-content\/uploads\/2018\/10\/Actual2018_4-1000x750.jpg\" alt=\"\" width=\"1000\" height=\"750\" srcset=\"https:\/\/insquitilipi-cha.infd.edu.ar\/sitio\/wp-content\/uploads\/2018\/10\/Actual2018_4-1000x750.jpg 1000w, https:\/\/insquitilipi-cha.infd.edu.ar\/sitio\/wp-content\/uploads\/2018\/10\/Actual2018_4-768x576.jpg 768w, https:\/\/insquitilipi-cha.infd.edu.ar\/sitio\/wp-content\/uploads\/2018\/10\/Actual2018_4.jpg 1040w\" sizes=\"(max-width: 1000px) 100vw, 1000px\" \/><\/p>\n<p>&nbsp;<\/p>\n","protected":false},"excerpt":{"rendered":"<p>ACTUALIZACI\u00d3N ACAD\u00c9MICA EN FORMACI\u00d3N DOCENTE Docentes del Instituto Pisarello de Quitilipi participaron en la CABA de una jornada que integra como parte de la Actualizaci\u00f3n Acad\u00e9mica en Formaci\u00f3n Docente Inicial. &nbsp; &nbsp;<\/p>\n","protected":false},"author":921,"featured_media":0,"parent":0,"menu_order":0,"comment_status":"closed","ping_status":"closed","template":"","meta":[],"acf":[],"_links":{"self":[{"href":"https:\/\/insquitilipi-cha.infd.edu.ar\/sitio\/wp-json\/wp\/v2\/pages\/1147"}],"collection":[{"href":"https:\/\/insquitilipi-cha.infd.edu.ar\/sitio\/wp-json\/wp\/v2\/pages"}],"about":[{"href":"https:\/\/insquitilipi-cha.infd.edu.ar\/sitio\/wp-json\/wp\/v2\/types\/page"}],"author":[{"embeddable":true,"href":"https:\/\/insquitilipi-cha.infd.edu.ar\/sitio\/wp-json\/wp\/v2\/users\/921"}],"replies":[{"embeddable":true,"href":"https:\/\/insquitilipi-cha.infd.edu.ar\/sitio\/wp-json\/wp\/v2\/comments?post=1147"}],"version-history":[{"count":4,"href":"https:\/\/insquitilipi-cha.infd.edu.ar\/sitio\/wp-json\/wp\/v2\/pages\/1147\/revisions"}],"predecessor-version":[{"id":1186,"href":"https:\/\/insquitilipi-cha.infd.edu.ar\/sitio\/wp-json\/wp\/v2\/pages\/1147\/revisions\/1186"}],"wp:attachment":[{"href":"https:\/\/insquitilipi-cha.infd.edu.ar\/sitio\/wp-json\/wp\/v2\/media?parent=1147"}],"curies":[{"name":"wp","href":"https:\/\/api.w.org\/{rel}","templated":true}]}}