{"id":1248,"date":"2018-11-10T12:11:22","date_gmt":"2018-11-10T15:11:22","guid":{"rendered":"https:\/\/insquitilipi-cha.infd.edu.ar\/sitio\/?page_id=1248"},"modified":"2018-11-10T12:25:38","modified_gmt":"2018-11-10T15:25:38","slug":"publicacion-poemas","status":"publish","type":"page","link":"https:\/\/insquitilipi-cha.infd.edu.ar\/sitio\/publicacion-poemas\/","title":{"rendered":"PUBLICACI\u00d3N POEMAS"},"content":{"rendered":"<h1 style=\"text-align: center;\"><span style=\"color: #993300;\">PUBLICACI\u00d3N DE LIBRO DE POEMAS<\/span><\/h1>\n<h2><span style=\"color: #0000ff;\">Estudiantes del 4to a\u00f1o del Profesorado para Educaci\u00f3n Secundaria en Lengua y Literatura escriben poes\u00edas y luego de una selecci\u00f3n son editadas y publicadas localmente.<\/span><\/h2>\n<h2><span style=\"color: #0000ff;\">El Prof. Dante Borelli es quien coordina y gu\u00eda esta actividad educativa.\u00a0<\/span><\/h2>\n<p><img decoding=\"async\" loading=\"lazy\" class=\"alignnone size-full wp-image-1252\" src=\"https:\/\/insquitilipi-cha.infd.edu.ar\/sitio\/wp-content\/uploads\/2018\/11\/Borelli6.jpg\" alt=\"\" width=\"960\" height=\"720\" srcset=\"https:\/\/insquitilipi-cha.infd.edu.ar\/sitio\/wp-content\/uploads\/2018\/11\/Borelli6.jpg 960w, https:\/\/insquitilipi-cha.infd.edu.ar\/sitio\/wp-content\/uploads\/2018\/11\/Borelli6-768x576.jpg 768w\" sizes=\"(max-width: 960px) 100vw, 960px\" \/> <img decoding=\"async\" loading=\"lazy\" class=\"alignnone size-medium wp-image-1253\" src=\"https:\/\/insquitilipi-cha.infd.edu.ar\/sitio\/wp-content\/uploads\/2018\/11\/Borelli1.jpg\" alt=\"\" width=\"720\" height=\"960\" \/> <img decoding=\"async\" loading=\"lazy\" class=\"alignnone size-medium wp-image-1254\" src=\"https:\/\/insquitilipi-cha.infd.edu.ar\/sitio\/wp-content\/uploads\/2018\/11\/Borelli2.jpg\" alt=\"\" width=\"720\" height=\"960\" \/> <img decoding=\"async\" loading=\"lazy\" class=\"alignnone size-medium wp-image-1255\" src=\"https:\/\/insquitilipi-cha.infd.edu.ar\/sitio\/wp-content\/uploads\/2018\/11\/Borelli3.jpg\" alt=\"\" width=\"960\" height=\"720\" srcset=\"https:\/\/insquitilipi-cha.infd.edu.ar\/sitio\/wp-content\/uploads\/2018\/11\/Borelli3.jpg 960w, https:\/\/insquitilipi-cha.infd.edu.ar\/sitio\/wp-content\/uploads\/2018\/11\/Borelli3-768x576.jpg 768w\" sizes=\"(max-width: 960px) 100vw, 960px\" \/> <img decoding=\"async\" loading=\"lazy\" class=\"alignnone size-medium wp-image-1256\" src=\"https:\/\/insquitilipi-cha.infd.edu.ar\/sitio\/wp-content\/uploads\/2018\/11\/Borelli4.jpg\" alt=\"\" width=\"720\" height=\"960\" \/> <img decoding=\"async\" loading=\"lazy\" class=\"alignnone size-medium wp-image-1257\" src=\"https:\/\/insquitilipi-cha.infd.edu.ar\/sitio\/wp-content\/uploads\/2018\/11\/Borelli5.jpg\" alt=\"\" width=\"960\" height=\"720\" srcset=\"https:\/\/insquitilipi-cha.infd.edu.ar\/sitio\/wp-content\/uploads\/2018\/11\/Borelli5.jpg 960w, https:\/\/insquitilipi-cha.infd.edu.ar\/sitio\/wp-content\/uploads\/2018\/11\/Borelli5-768x576.jpg 768w\" sizes=\"(max-width: 960px) 100vw, 960px\" \/><\/p>\n","protected":false},"excerpt":{"rendered":"<p>PUBLICACI\u00d3N DE LIBRO DE POEMAS Estudiantes del 4to a\u00f1o del Profesorado para Educaci\u00f3n Secundaria en Lengua y Literatura escriben poes\u00edas y luego de una selecci\u00f3n son editadas y publicadas localmente. El Prof. Dante Borelli es quien coordina y gu\u00eda esta actividad educativa.\u00a0<\/p>\n","protected":false},"author":921,"featured_media":0,"parent":0,"menu_order":0,"comment_status":"closed","ping_status":"closed","template":"","meta":[],"acf":[],"_links":{"self":[{"href":"https:\/\/insquitilipi-cha.infd.edu.ar\/sitio\/wp-json\/wp\/v2\/pages\/1248"}],"collection":[{"href":"https:\/\/insquitilipi-cha.infd.edu.ar\/sitio\/wp-json\/wp\/v2\/pages"}],"about":[{"href":"https:\/\/insquitilipi-cha.infd.edu.ar\/sitio\/wp-json\/wp\/v2\/types\/page"}],"author":[{"embeddable":true,"href":"https:\/\/insquitilipi-cha.infd.edu.ar\/sitio\/wp-json\/wp\/v2\/users\/921"}],"replies":[{"embeddable":true,"href":"https:\/\/insquitilipi-cha.infd.edu.ar\/sitio\/wp-json\/wp\/v2\/comments?post=1248"}],"version-history":[{"count":3,"href":"https:\/\/insquitilipi-cha.infd.edu.ar\/sitio\/wp-json\/wp\/v2\/pages\/1248\/revisions"}],"predecessor-version":[{"id":1258,"href":"https:\/\/insquitilipi-cha.infd.edu.ar\/sitio\/wp-json\/wp\/v2\/pages\/1248\/revisions\/1258"}],"wp:attachment":[{"href":"https:\/\/insquitilipi-cha.infd.edu.ar\/sitio\/wp-json\/wp\/v2\/media?parent=1248"}],"curies":[{"name":"wp","href":"https:\/\/api.w.org\/{rel}","templated":true}]}}