{"id":1293,"date":"2018-11-10T21:03:26","date_gmt":"2018-11-11T00:03:26","guid":{"rendered":"https:\/\/insquitilipi-cha.infd.edu.ar\/sitio\/?page_id=1293"},"modified":"2018-11-10T21:06:50","modified_gmt":"2018-11-11T00:06:50","slug":"publicacion-infd","status":"publish","type":"page","link":"https:\/\/insquitilipi-cha.infd.edu.ar\/sitio\/publicacion-infd\/","title":{"rendered":"PUBLICACI\u00d3N INFD"},"content":{"rendered":"<h1 style=\"text-align: center;\"><span style=\"color: #0000ff;\">LA INVESTIGACI\u00d3N EN LOS INSTITUTOS DE FORMACI\u00d3N DOCENTE<\/span><\/h1>\n<h3>El INFOD public\u00f3 la serie, denominada\u00a0<span style=\"color: #0000ff;\">\u201cLa investigaci\u00f3n en los Institutos de Formaci\u00f3n Docente\u201d<\/span>, est\u00e1 conformada por tres vol\u00famenes tem\u00e1ticos:<\/h3>\n<ul>\n<li>\n<h3><span style=\"color: #0000ff;\">Pr\u00e1cticas de ense\u00f1anza<\/span><\/h3>\n<\/li>\n<li>\n<h3><span style=\"color: #0000ff;\">Formaci\u00f3n docente<\/span><\/h3>\n<\/li>\n<li>\n<h3><span style=\"color: #0000ff;\">Inclusi\u00f3n, trayectorias y diversidad cultural.<\/span><\/h3>\n<\/li>\n<\/ul>\n<h3>Esta publicaci\u00f3n digital compila una serie de art\u00edculos elaborados a partir de los resultados de las investigaciones realizadas por los equipos de los Institutos Superiores de Formaci\u00f3n Docente de todo el pa\u00eds. Su objetivo es difundir el conocimiento pedag\u00f3gico producido para enriquecer, diversificar y mejorar las pr\u00e1cticas de ense\u00f1anza y los aprendizajes.<\/h3>\n<h3><\/h3>\n<h3><span style=\"color: #0000ff;\">En el\u00a0<strong>Volumen 2:\u00a0<\/strong><strong>Formaci\u00f3n docente<\/strong>\u00a0se encuentra el trabajo\u00a0<span style=\"color: #ff0000;\"><em>MODALIDADES E INSTRUMENTOS DE EVALUACI\u00d3N EN UN PROFESORADO DE QU\u00cdMICA DE CHACO<\/em><\/span>, escrito por los docentes\u00a0<span style=\"color: #ff0000;\">Laura Cayr\u00e9, Mario Molina y Rosa Osicka<\/span>, del IES Pisarello.<\/span><\/h3>\n<p><img decoding=\"async\" loading=\"lazy\" class=\"alignnone  wp-image-1286\" src=\"https:\/\/insquitilipi-cha.infd.edu.ar\/sitio\/wp-content\/uploads\/2018\/11\/Volumen-1-1000x692.jpg\" alt=\"\" width=\"467\" height=\"323\" srcset=\"https:\/\/insquitilipi-cha.infd.edu.ar\/sitio\/wp-content\/uploads\/2018\/11\/Volumen-1-1000x692.jpg 1000w, https:\/\/insquitilipi-cha.infd.edu.ar\/sitio\/wp-content\/uploads\/2018\/11\/Volumen-1-768x532.jpg 768w, https:\/\/insquitilipi-cha.infd.edu.ar\/sitio\/wp-content\/uploads\/2018\/11\/Volumen-1.jpg 1040w\" sizes=\"(max-width: 467px) 100vw, 467px\" \/><\/p>\n<h2><a href=\"https:\/\/insquitilipi-cha.infd.edu.ar\/sitio\/wp-content\/uploads\/2018\/11\/VOLUMEN-1_-PR\u00c1CTICAS-DOCENTES-Y-DE-ENSE\u00d1ANZA.pdf\" target=\"_blank\" rel=\"noopener\">VOLUMEN 1_ PR\u00c1CTICAS DOCENTES Y DE ENSE\u00d1ANZA<\/a><\/h2>\n<p><img decoding=\"async\" loading=\"lazy\" class=\"alignnone  wp-image-1287\" src=\"https:\/\/insquitilipi-cha.infd.edu.ar\/sitio\/wp-content\/uploads\/2018\/11\/Volumen-2-1000x692.jpg\" alt=\"\" width=\"474\" height=\"328\" srcset=\"https:\/\/insquitilipi-cha.infd.edu.ar\/sitio\/wp-content\/uploads\/2018\/11\/Volumen-2-1000x692.jpg 1000w, https:\/\/insquitilipi-cha.infd.edu.ar\/sitio\/wp-content\/uploads\/2018\/11\/Volumen-2-768x532.jpg 768w, https:\/\/insquitilipi-cha.infd.edu.ar\/sitio\/wp-content\/uploads\/2018\/11\/Volumen-2.jpg 1040w\" sizes=\"(max-width: 474px) 100vw, 474px\" \/><\/p>\n<h2><span style=\"color: #ff0000;\"><a style=\"color: #ff0000;\" href=\"https:\/\/insquitilipi-cha.infd.edu.ar\/sitio\/wp-content\/uploads\/2018\/11\/VOLUMEN-2_-FORMACI\u00d3N-DOCENTE.pdf\" target=\"_blank\" rel=\"noopener\">VOLUMEN 2_ FORMACI\u00d3N DOCENTE<\/a><\/span><\/h2>\n<p><img decoding=\"async\" loading=\"lazy\" class=\"alignnone  wp-image-1288\" src=\"https:\/\/insquitilipi-cha.infd.edu.ar\/sitio\/wp-content\/uploads\/2018\/11\/Volumen-3-1000x692.jpg\" alt=\"\" width=\"474\" height=\"328\" srcset=\"https:\/\/insquitilipi-cha.infd.edu.ar\/sitio\/wp-content\/uploads\/2018\/11\/Volumen-3-1000x692.jpg 1000w, https:\/\/insquitilipi-cha.infd.edu.ar\/sitio\/wp-content\/uploads\/2018\/11\/Volumen-3-768x532.jpg 768w, https:\/\/insquitilipi-cha.infd.edu.ar\/sitio\/wp-content\/uploads\/2018\/11\/Volumen-3.jpg 1040w\" sizes=\"(max-width: 474px) 100vw, 474px\" \/><\/p>\n<h2><a href=\"https:\/\/insquitilipi-cha.infd.edu.ar\/sitio\/wp-content\/uploads\/2018\/11\/VOLUMEN-3_-INCLUSI\u00d3N-TRAYECTORIAS-EDUCATIVAS-Y-APRENDIZAJES-DE-LOS-ESTUDIANTES.pdf\" target=\"_blank\" rel=\"noopener\">VOLUMEN 3_ INCLUSI\u00d3N, TRAYECTORIAS EDUCATIVAS Y APRENDIZAJES DE LOS ESTUDIANTES<\/a><\/h2>\n<p>&nbsp;<\/p>\n","protected":false},"excerpt":{"rendered":"<p>LA INVESTIGACI\u00d3N EN LOS INSTITUTOS DE FORMACI\u00d3N DOCENTE El INFOD public\u00f3 la serie, denominada\u00a0\u201cLa investigaci\u00f3n en los Institutos de Formaci\u00f3n Docente\u201d, est\u00e1 conformada por tres vol\u00famenes tem\u00e1ticos: Pr\u00e1cticas de ense\u00f1anza Formaci\u00f3n docente Inclusi\u00f3n, trayectorias y diversidad cultural. Esta publicaci\u00f3n digital compila una serie de art\u00edculos elaborados a partir de los resultados de las investigaciones realizadas &#8230; <a title=\"PUBLICACI\u00d3N INFD\" class=\"read-more\" href=\"https:\/\/insquitilipi-cha.infd.edu.ar\/sitio\/publicacion-infd\/\" aria-label=\"More on PUBLICACI\u00d3N INFD\">[+]<\/a><\/p>\n","protected":false},"author":921,"featured_media":0,"parent":0,"menu_order":0,"comment_status":"closed","ping_status":"closed","template":"","meta":[],"acf":[],"_links":{"self":[{"href":"https:\/\/insquitilipi-cha.infd.edu.ar\/sitio\/wp-json\/wp\/v2\/pages\/1293"}],"collection":[{"href":"https:\/\/insquitilipi-cha.infd.edu.ar\/sitio\/wp-json\/wp\/v2\/pages"}],"about":[{"href":"https:\/\/insquitilipi-cha.infd.edu.ar\/sitio\/wp-json\/wp\/v2\/types\/page"}],"author":[{"embeddable":true,"href":"https:\/\/insquitilipi-cha.infd.edu.ar\/sitio\/wp-json\/wp\/v2\/users\/921"}],"replies":[{"embeddable":true,"href":"https:\/\/insquitilipi-cha.infd.edu.ar\/sitio\/wp-json\/wp\/v2\/comments?post=1293"}],"version-history":[{"count":3,"href":"https:\/\/insquitilipi-cha.infd.edu.ar\/sitio\/wp-json\/wp\/v2\/pages\/1293\/revisions"}],"predecessor-version":[{"id":1297,"href":"https:\/\/insquitilipi-cha.infd.edu.ar\/sitio\/wp-json\/wp\/v2\/pages\/1293\/revisions\/1297"}],"wp:attachment":[{"href":"https:\/\/insquitilipi-cha.infd.edu.ar\/sitio\/wp-json\/wp\/v2\/media?parent=1293"}],"curies":[{"name":"wp","href":"https:\/\/api.w.org\/{rel}","templated":true}]}}