{"id":1471,"date":"2019-04-08T15:44:54","date_gmt":"2019-04-08T18:44:54","guid":{"rendered":"https:\/\/insquitilipi-cha.infd.edu.ar\/sitio\/?page_id=1471"},"modified":"2024-07-09T18:11:29","modified_gmt":"2024-07-09T21:11:29","slug":"9_julio","status":"publish","type":"page","link":"https:\/\/insquitilipi-cha.infd.edu.ar\/sitio\/9_julio\/","title":{"rendered":"9 DE JULIO"},"content":{"rendered":"<h1 style=\"text-align: center;\"><span style=\"color: #0000ff;\">PREPAR\u00c1NDONOS PARA EL 9 DE JULIO<\/span><\/h1>\n<h4>Estudiantes del Profesorado de Educaci\u00f3n Superior en Artes Visuales elaborando en el I.E.S. una pintura conmemorativa en preparaci\u00f3n\u00a0 para el 9 de Julio de 2024.<\/h4>\n<p><img decoding=\"async\" loading=\"lazy\" class=\"alignnone size-medium wp-image-3590\" src=\"https:\/\/insquitilipi-cha.infd.edu.ar\/sitio\/wp-content\/uploads\/2024\/07\/1-1-1000x753.jpeg\" alt=\"\" width=\"1000\" height=\"753\" srcset=\"https:\/\/insquitilipi-cha.infd.edu.ar\/sitio\/wp-content\/uploads\/2024\/07\/1-1-1000x753.jpeg 1000w, https:\/\/insquitilipi-cha.infd.edu.ar\/sitio\/wp-content\/uploads\/2024\/07\/1-1-768x578.jpeg 768w, https:\/\/insquitilipi-cha.infd.edu.ar\/sitio\/wp-content\/uploads\/2024\/07\/1-1-1536x1156.jpeg 1536w, https:\/\/insquitilipi-cha.infd.edu.ar\/sitio\/wp-content\/uploads\/2024\/07\/1-1.jpeg 1600w\" sizes=\"(max-width: 1000px) 100vw, 1000px\" \/> <img decoding=\"async\" loading=\"lazy\" class=\"alignnone size-medium wp-image-3591\" src=\"https:\/\/insquitilipi-cha.infd.edu.ar\/sitio\/wp-content\/uploads\/2024\/07\/2-1-753x1000.jpeg\" alt=\"\" width=\"753\" height=\"1000\" srcset=\"https:\/\/insquitilipi-cha.infd.edu.ar\/sitio\/wp-content\/uploads\/2024\/07\/2-1-753x1000.jpeg 753w, https:\/\/insquitilipi-cha.infd.edu.ar\/sitio\/wp-content\/uploads\/2024\/07\/2-1-768x1021.jpeg 768w, https:\/\/insquitilipi-cha.infd.edu.ar\/sitio\/wp-content\/uploads\/2024\/07\/2-1-1156x1536.jpeg 1156w, https:\/\/insquitilipi-cha.infd.edu.ar\/sitio\/wp-content\/uploads\/2024\/07\/2-1.jpeg 1204w\" sizes=\"(max-width: 753px) 100vw, 753px\" \/> <img decoding=\"async\" loading=\"lazy\" class=\"alignnone size-medium wp-image-3592\" src=\"https:\/\/insquitilipi-cha.infd.edu.ar\/sitio\/wp-content\/uploads\/2024\/07\/2A-1000x750.jpeg\" alt=\"\" width=\"1000\" height=\"750\" srcset=\"https:\/\/insquitilipi-cha.infd.edu.ar\/sitio\/wp-content\/uploads\/2024\/07\/2A-1000x750.jpeg 1000w, https:\/\/insquitilipi-cha.infd.edu.ar\/sitio\/wp-content\/uploads\/2024\/07\/2A-768x576.jpeg 768w, https:\/\/insquitilipi-cha.infd.edu.ar\/sitio\/wp-content\/uploads\/2024\/07\/2A.jpeg 1040w\" sizes=\"(max-width: 1000px) 100vw, 1000px\" \/> <img decoding=\"async\" loading=\"lazy\" class=\"alignnone size-medium wp-image-3593\" src=\"https:\/\/insquitilipi-cha.infd.edu.ar\/sitio\/wp-content\/uploads\/2024\/07\/3-1000x750.jpeg\" alt=\"\" width=\"1000\" height=\"750\" srcset=\"https:\/\/insquitilipi-cha.infd.edu.ar\/sitio\/wp-content\/uploads\/2024\/07\/3-1000x750.jpeg 1000w, https:\/\/insquitilipi-cha.infd.edu.ar\/sitio\/wp-content\/uploads\/2024\/07\/3-1900x1425.jpeg 1900w, https:\/\/insquitilipi-cha.infd.edu.ar\/sitio\/wp-content\/uploads\/2024\/07\/3-768x576.jpeg 768w, https:\/\/insquitilipi-cha.infd.edu.ar\/sitio\/wp-content\/uploads\/2024\/07\/3-1536x1152.jpeg 1536w, https:\/\/insquitilipi-cha.infd.edu.ar\/sitio\/wp-content\/uploads\/2024\/07\/3-2048x1536.jpeg 2048w\" sizes=\"(max-width: 1000px) 100vw, 1000px\" \/> <img decoding=\"async\" loading=\"lazy\" class=\"alignnone size-medium wp-image-3594\" src=\"https:\/\/insquitilipi-cha.infd.edu.ar\/sitio\/wp-content\/uploads\/2024\/07\/4-750x1000.jpeg\" alt=\"\" width=\"750\" height=\"1000\" srcset=\"https:\/\/insquitilipi-cha.infd.edu.ar\/sitio\/wp-content\/uploads\/2024\/07\/4-750x1000.jpeg 750w, https:\/\/insquitilipi-cha.infd.edu.ar\/sitio\/wp-content\/uploads\/2024\/07\/4-768x1024.jpeg 768w, https:\/\/insquitilipi-cha.infd.edu.ar\/sitio\/wp-content\/uploads\/2024\/07\/4-1152x1536.jpeg 1152w, https:\/\/insquitilipi-cha.infd.edu.ar\/sitio\/wp-content\/uploads\/2024\/07\/4.jpeg 1200w\" sizes=\"(max-width: 750px) 100vw, 750px\" \/> <img decoding=\"async\" loading=\"lazy\" class=\"alignnone size-medium wp-image-3595\" src=\"https:\/\/insquitilipi-cha.infd.edu.ar\/sitio\/wp-content\/uploads\/2024\/07\/5-1000x750.jpeg\" alt=\"\" width=\"1000\" height=\"750\" srcset=\"https:\/\/insquitilipi-cha.infd.edu.ar\/sitio\/wp-content\/uploads\/2024\/07\/5-1000x750.jpeg 1000w, https:\/\/insquitilipi-cha.infd.edu.ar\/sitio\/wp-content\/uploads\/2024\/07\/5-768x576.jpeg 768w, https:\/\/insquitilipi-cha.infd.edu.ar\/sitio\/wp-content\/uploads\/2024\/07\/5-1536x1152.jpeg 1536w, https:\/\/insquitilipi-cha.infd.edu.ar\/sitio\/wp-content\/uploads\/2024\/07\/5.jpeg 1600w\" sizes=\"(max-width: 1000px) 100vw, 1000px\" \/><\/p>\n","protected":false},"excerpt":{"rendered":"<p>PREPAR\u00c1NDONOS PARA EL 9 DE JULIO Estudiantes del Profesorado de Educaci\u00f3n Superior en Artes Visuales elaborando en el I.E.S. una pintura conmemorativa en preparaci\u00f3n\u00a0 para el 9 de Julio de 2024.<\/p>\n","protected":false},"author":921,"featured_media":0,"parent":0,"menu_order":0,"comment_status":"closed","ping_status":"closed","template":"","meta":[],"acf":[],"_links":{"self":[{"href":"https:\/\/insquitilipi-cha.infd.edu.ar\/sitio\/wp-json\/wp\/v2\/pages\/1471"}],"collection":[{"href":"https:\/\/insquitilipi-cha.infd.edu.ar\/sitio\/wp-json\/wp\/v2\/pages"}],"about":[{"href":"https:\/\/insquitilipi-cha.infd.edu.ar\/sitio\/wp-json\/wp\/v2\/types\/page"}],"author":[{"embeddable":true,"href":"https:\/\/insquitilipi-cha.infd.edu.ar\/sitio\/wp-json\/wp\/v2\/users\/921"}],"replies":[{"embeddable":true,"href":"https:\/\/insquitilipi-cha.infd.edu.ar\/sitio\/wp-json\/wp\/v2\/comments?post=1471"}],"version-history":[{"count":8,"href":"https:\/\/insquitilipi-cha.infd.edu.ar\/sitio\/wp-json\/wp\/v2\/pages\/1471\/revisions"}],"predecessor-version":[{"id":3597,"href":"https:\/\/insquitilipi-cha.infd.edu.ar\/sitio\/wp-json\/wp\/v2\/pages\/1471\/revisions\/3597"}],"wp:attachment":[{"href":"https:\/\/insquitilipi-cha.infd.edu.ar\/sitio\/wp-json\/wp\/v2\/media?parent=1471"}],"curies":[{"name":"wp","href":"https:\/\/api.w.org\/{rel}","templated":true}]}}