{"id":1638,"date":"2019-09-17T23:01:13","date_gmt":"2019-09-18T02:01:13","guid":{"rendered":"https:\/\/insquitilipi-cha.infd.edu.ar\/sitio\/?page_id=1638"},"modified":"2024-11-04T12:41:40","modified_gmt":"2024-11-04T15:41:40","slug":"elecciones-2024","status":"publish","type":"page","link":"https:\/\/insquitilipi-cha.infd.edu.ar\/sitio\/elecciones-2024\/","title":{"rendered":"ELECCIONES 2024"},"content":{"rendered":"<h1 style=\"text-align: center;\"><span style=\"color: #800000;\"><strong>ELECCIONES 2024<\/strong><\/span><\/h1>\n<p><img decoding=\"async\" loading=\"lazy\" class=\"size-full wp-image-731 alignleft\" src=\"https:\/\/insquitilipi-cha.infd.edu.ar\/sitio\/wp-content\/uploads\/2018\/08\/aviso_importante.gif\" alt=\"\" width=\"496\" height=\"228\" \/><\/p>\n<h5>\u00a0<\/h5>\n<h5>\u00a0<\/h5>\n<h4>\u00a0<\/h4>\n<hr \/>\n<h2 style=\"text-align: center;\"><span style=\"color: #e81313;\"><span style=\"color: #ff6600;\">CRONOGRAMA ELECCIONARIO<\/span><\/span><\/h2>\n<p><img decoding=\"async\" loading=\"lazy\" class=\"alignnone size-full wp-image-3635\" src=\"https:\/\/insquitilipi-cha.infd.edu.ar\/sitio\/wp-content\/uploads\/2024\/09\/Elecciones-2024-cronog.jpg\" alt=\"\" width=\"960\" height=\"720\" srcset=\"https:\/\/insquitilipi-cha.infd.edu.ar\/sitio\/wp-content\/uploads\/2024\/09\/Elecciones-2024-cronog.jpg 960w, https:\/\/insquitilipi-cha.infd.edu.ar\/sitio\/wp-content\/uploads\/2024\/09\/Elecciones-2024-cronog-768x576.jpg 768w\" sizes=\"(max-width: 960px) 100vw, 960px\" \/><\/p>\n<hr \/>\n<h4><span style=\"color: #000000;\">HORARIOS PARA CONSULTAS Y SOLICITUDES<\/span><\/h4>\n<h3><span style=\"color: #0000ff;\"><strong>JUNTA ELECTORAL ELECCI\u00d3N CENTRO DE ESTUDIANTES<\/strong><\/span><\/h3>\n<ul>\n<li>\n<h4>LOPEZ, KAREN<\/h4>\n<\/li>\n<li>\n<h4>MIJALUK, MAURO<\/h4>\n<\/li>\n<li>\n<h4>SOLIS, PRISCILA<\/h4>\n<\/li>\n<\/ul>\n<h3><span style=\"color: #800000;\">JUNTA ELECTORAL ELECCI\u00d3N CONSEJO DIRECTIVO<\/span><\/h3>\n<ul>\n<li>\n<h4>CAYR\u00c9, LAURA CECILIA (rectora)<\/h4>\n<\/li>\n<li>\n<h4>BILLA RODRIGUEZ, FIONA<\/h4>\n<\/li>\n<li>\n<h4>MENDOZA, ROC\u00cdO<\/h4>\n<\/li>\n<\/ul>\n<h3 style=\"text-align: left;\"><span style=\"color: #ff0000;\"><a style=\"color: #ff0000;\" href=\"https:\/\/insquitilipi-cha.infd.edu.ar\/sitio\/wp-content\/uploads\/2022\/06\/Horarios-JUNTA.pdf\" target=\"_blank\" rel=\"noopener\"><img decoding=\"async\" loading=\"lazy\" class=\"wp-image-2288 alignleft\" src=\"https:\/\/insquitilipi-cha.infd.edu.ar\/sitio\/wp-content\/uploads\/2021\/05\/Flecha-roja-mov.gif\" alt=\"\" width=\"105\" height=\"100\" \/>Contactos JUNTA ELECTORAL<\/a><\/span><\/h3>\n<h4><span style=\"color: #0000ff;\">Consult\u00e1 con tu bedel<\/span><\/h4>\n<p>\u00a0<\/p>\n<h3 style=\"text-align: center;\"><span style=\"color: #ff0000;\">ELECCIONES CONSEJO DIRECTIVO<\/span><\/h3>\n<h3 style=\"text-align: center;\"><span style=\"color: #ff0000;\">VOTACIONES:<\/span> <span style=\"color: #0000ff;\">Lunes 04\/11\/2024 de 9:00 a 20:00 hs<\/span><\/h3>\n<p>\u00a0<\/p>\n<h5 style=\"text-align: left;\">La emisi\u00f3n del sufragio es obligatorio para <strong>estudiantes<\/strong> y docentes incluidos en los PADRONES DEFINITIVOS.<\/h5>\n<h5>Los estudiantes deben presentarse con libreta de alumno y DNI.<\/h5>\n<hr \/>\n<h2 style=\"text-align: center;\"><span style=\"color: #ff6600;\">CANDIDATOS A CONSEJO SUPERIOR<\/span><\/h2>\n<h5><span style=\"color: #0000ff;\"><strong>CANDIDATOS ESTUDIANTILES COMO CONSEJEROS<\/strong><\/span><\/h5>\n<h5><span style=\"color: #0000ff;\"><strong>5 TITULARES &#8211; 4<\/strong> SUPLENTES<\/span><\/h5>\n<ol>\n<li><strong>ARGA\u00d1ARAZ, MAR\u00cdA BEL\u00c9N &#8211; <em>3er a\u00f1o Educaci\u00f3n F\u00edsica <\/em>\u00a0<\/strong><\/li>\n<li><strong>BENITEZ, C\u00c9SAR ARIEL &#8211; <em>3er a\u00f1o Educaci\u00f3n F\u00edsica <\/em>\u00a0<\/strong><\/li>\n<li><strong>ESQUIVEL, PATRICIA JAQUELINA &#8211; <em>3er a\u00f1o Educaci\u00f3n F\u00edsica <\/em>\u00a0<\/strong><\/li>\n<li><strong>JOVANOVICH, BRISA &#8211; <em>3er a\u00f1o Artes Visuales<\/em><\/strong><\/li>\n<li><strong>MEZA, RAMONA ELIZABETH &#8211; <em>4to a\u00f1o Lengua y Literatura<\/em><\/strong><\/li>\n<li><strong>MONZ\u00d3N, LUCIANO LAUTARO &#8211; <em>3er a\u00f1o Artes Visuales<\/em><\/strong><\/li>\n<li><strong>RAMIREZ, V\u00cdCTOR GREGORIO<em> &#8211;<\/em> <em>3er a\u00f1o Educaci\u00f3n Primaria<\/em><\/strong><\/li>\n<li><strong>TRANGONI, JAVIER &#8211; <em>3er a\u00f1o Educaci\u00f3n F\u00edsica <\/em>\u00a0<\/strong><\/li>\n<li><strong>VILLORDO, MILTON EZEQUIEL &#8211; <em>3er a\u00f1o\u00a0 Educaci\u00f3n Primaria<\/em><\/strong><\/li>\n<\/ol>\n<hr \/>\n<h5><span style=\"color: #0000ff;\"><strong>CANDIDATOS PROFESORES QUE SE POSTULARON PARA CONSEJEROS<\/strong> <\/span><\/h5>\n<ul>\n<li>\n<h5><strong><em>ALEGRE PAOLA EVEL\u00cdN<\/em><\/strong><\/h5>\n<\/li>\n<li>\n<h5><strong><em>BARRIOS M\u00d3NICA SUSANA<\/em><\/strong><\/h5>\n<\/li>\n<li>\n<h5><strong><em>BLANAR PABLO<\/em><\/strong><\/h5>\n<\/li>\n<\/ul>\n<p><strong><span style=\"color: #ff0000;\">IMPORTANTE:<\/span> <span style=\"color: #ff6600;\"><em>TODOS LOS DOCENTES QUE APARECEN EN LA LISTA EN EL CUARTO OSCURO SON ELEGIBLES 5 TITULARES Y 5 SUPLENTES<\/em><\/span><\/strong><\/p>\n<hr \/>\n<h4><span style=\"color: #ff6600;\">AUTORIDADES DE MESA DE DOCENTES<\/span><\/h4>\n<p><span style=\"color: #0000ff;\"><strong>TURNO MA\u00d1ANA: de 9:00 a 12:45 hs<\/strong><\/span><\/p>\n<p><strong>Presidente: KUKER, Lidia Noem\u00ed <\/strong><\/p>\n<p><strong>\u00a0Vocales: P\u00c1EZ, Gricelda Noem\u00ed &#8211; PAVICICH, Karina Soledad<\/strong><\/p>\n<p><strong>\u00a0<\/strong><\/p>\n<p><span style=\"color: #0000ff;\"><strong>TURNO SIESTA: 12:45 A 17:00 hs<\/strong><\/span><\/p>\n<p><strong>Presidente: RADOVANCIC, Sonia Lurdes <\/strong><\/p>\n<p><strong>\u00a0Vocales:\u00a0 QUIROZ, Antonia Elizabeth \u2013 FOGAR, M\u00f3nica Andrea <\/strong><\/p>\n<p><strong>\u00a0<\/strong><\/p>\n<p><span style=\"color: #0000ff;\"><strong>TURNO NOCHE: 17:00 a 20:00 hs (Cierre votaci\u00f3n)<\/strong><\/span><\/p>\n<p><strong>Presidente: GALEANO, Silvia Teresa \u2013 FORTINI, Juan <\/strong><\/p>\n<p><strong>\u00a0Vocal:\u00a0 RADICH, Sergio \u2013 ENCINA, Silvia <\/strong><\/p>\n<p>\u00a0<\/p>\n<h4><span style=\"color: #800000;\">AUTORIDADES DE MESA DE ESTUDIANTES<\/span><\/h4>\n<p><span style=\"color: #0000ff;\"><strong>TURNO MA\u00d1ANA: DE 9:00 a 12:45 hs<\/strong><\/span><\/p>\n<p><strong><u>Presidente:<\/u><\/strong><strong> Titular: AGUIRRE, Yamila Antonella<\/strong><\/p>\n<p><strong>\u00a0\u00a0\u00a0\u00a0\u00a0\u00a0\u00a0\u00a0\u00a0\u00a0\u00a0\u00a0\u00a0\u00a0\u00a0\u00a0\u00a0\u00a0\u00a0\u00a0 Suplente: Mart\u00ednez, Mario Adri\u00e1n<\/strong><\/p>\n<p><strong><u>Vocales:<\/u><\/strong><strong> Centuri\u00f3n, Tatiana Stella Maris &#8211; Encinas, M\u00f3nica Beatriz &#8211; Cabral, Facundo Nicol\u00e1s &#8211; Navarro, Claudia Marcela &#8211; Avalos, Marco Andr\u00e9s.<\/strong><\/p>\n<p><strong>\u00a0<\/strong><\/p>\n<p><span style=\"color: #0000ff;\"><strong>TURNO SIESTA: 12:45 A 17:00 hs<\/strong><\/span><\/p>\n<p><strong>Presidente: Titular: ESPESO, Facundo Tom\u00e1s<\/strong><\/p>\n<p><strong>\u00a0\u00a0\u00a0\u00a0\u00a0\u00a0\u00a0\u00a0\u00a0\u00a0\u00a0\u00a0\u00a0\u00a0\u00a0\u00a0\u00a0\u00a0\u00a0\u00a0\u00a0 Suplente: OJEDA, Micaela Araceli<\/strong><\/p>\n<p><strong>Vocales: G\u00f3mez, Priscila Marisel &#8211; Romero, Santiago Ra\u00fal &#8211; Sosa, Paola Ver\u00f3nica &#8211; Monz\u00f3n, Luciano Lautaro<\/strong><\/p>\n<p><strong>\u00a0<\/strong><\/p>\n<p><span style=\"color: #0000ff;\"><strong>TURNO NOCHE: 17:00 a 20:00 hs (Cierre votaci\u00f3n)<\/strong><\/span><\/p>\n<p><strong>Presidente: Titular: S\u00c1NCHEZ, Juan Andr\u00e9s<\/strong><\/p>\n<p><strong>\u00a0\u00a0\u00a0\u00a0\u00a0\u00a0\u00a0\u00a0\u00a0\u00a0\u00a0\u00a0\u00a0\u00a0\u00a0\u00a0\u00a0\u00a0\u00a0\u00a0\u00a0 Suplente: CHAMORRO, Claudia Patricia<\/strong><\/p>\n<p><strong>Vocales: Saucedo, Florencia Bel\u00e9n &#8211; Bartoloni, Natalia Viviana &#8211; Villordo, Ver\u00f3nica Bel\u00e9n &#8211; Aguirre Castell\u00e1, Edgardo Imanol &#8211; Sena, Roberto Carlos &#8211; Sena, Camila Ayel\u00e9n<\/strong><\/p>\n<hr \/>\n<h2 style=\"text-align: center;\">\u00a0<\/h2>\n\n\n<p><\/p>\n","protected":false},"excerpt":{"rendered":"<p>ELECCIONES 2024 \u00a0 \u00a0 \u00a0 CRONOGRAMA ELECCIONARIO HORARIOS PARA CONSULTAS Y SOLICITUDES JUNTA ELECTORAL ELECCI\u00d3N CENTRO DE ESTUDIANTES LOPEZ, KAREN MIJALUK, MAURO SOLIS, PRISCILA JUNTA ELECTORAL ELECCI\u00d3N CONSEJO DIRECTIVO CAYR\u00c9, LAURA CECILIA (rectora) BILLA RODRIGUEZ, FIONA MENDOZA, ROC\u00cdO Contactos JUNTA ELECTORAL Consult\u00e1 con tu bedel \u00a0 ELECCIONES CONSEJO DIRECTIVO VOTACIONES: Lunes 04\/11\/2024 de 9:00 a &#8230; <a title=\"ELECCIONES 2024\" class=\"read-more\" href=\"https:\/\/insquitilipi-cha.infd.edu.ar\/sitio\/elecciones-2024\/\" aria-label=\"More on ELECCIONES 2024\">[+]<\/a><\/p>\n","protected":false},"author":921,"featured_media":0,"parent":0,"menu_order":0,"comment_status":"closed","ping_status":"closed","template":"","meta":[],"acf":[],"_links":{"self":[{"href":"https:\/\/insquitilipi-cha.infd.edu.ar\/sitio\/wp-json\/wp\/v2\/pages\/1638"}],"collection":[{"href":"https:\/\/insquitilipi-cha.infd.edu.ar\/sitio\/wp-json\/wp\/v2\/pages"}],"about":[{"href":"https:\/\/insquitilipi-cha.infd.edu.ar\/sitio\/wp-json\/wp\/v2\/types\/page"}],"author":[{"embeddable":true,"href":"https:\/\/insquitilipi-cha.infd.edu.ar\/sitio\/wp-json\/wp\/v2\/users\/921"}],"replies":[{"embeddable":true,"href":"https:\/\/insquitilipi-cha.infd.edu.ar\/sitio\/wp-json\/wp\/v2\/comments?post=1638"}],"version-history":[{"count":52,"href":"https:\/\/insquitilipi-cha.infd.edu.ar\/sitio\/wp-json\/wp\/v2\/pages\/1638\/revisions"}],"predecessor-version":[{"id":3715,"href":"https:\/\/insquitilipi-cha.infd.edu.ar\/sitio\/wp-json\/wp\/v2\/pages\/1638\/revisions\/3715"}],"wp:attachment":[{"href":"https:\/\/insquitilipi-cha.infd.edu.ar\/sitio\/wp-json\/wp\/v2\/media?parent=1638"}],"curies":[{"name":"wp","href":"https:\/\/api.w.org\/{rel}","templated":true}]}}