{"id":1667,"date":"2019-10-18T01:59:36","date_gmt":"2019-10-18T04:59:36","guid":{"rendered":"https:\/\/insquitilipi-cha.infd.edu.ar\/sitio\/?page_id=1667"},"modified":"2019-10-20T23:27:55","modified_gmt":"2019-10-21T02:27:55","slug":"muestra-2019","status":"publish","type":"page","link":"https:\/\/insquitilipi-cha.infd.edu.ar\/sitio\/muestra-2019\/","title":{"rendered":"MUESTRA 2019"},"content":{"rendered":"<h1 style=\"text-align: center;\"><span style=\"color: #339966;\">MUESTRA INSTITUCIONAL 2019<\/span><\/h1>\n<h3><\/h3>\n<h3><\/h3>\n<h3><strong>El\u00a0JUEVES <span style=\"color: #ff0000;\">17 de OCTUBRE<\/span>\u00a0se llev\u00f3 a cabo en sus instalaciones la\u00a0<span style=\"color: #ff0000;\">MUESTRA INSTITUCIONAL<\/span> 2019\u00a0DEL I.E.S. PISARELLO.<\/strong><\/h3>\n<h4>Una jornada que nos permiti\u00f3 compartir las producciones y experiencias de aprendizaje de los estudiantes de las siete carreras de formaci\u00f3n docente que posee\u00a0nuestro instituto formador. Fue una oportunidad para mostrar qu\u00e9 y c\u00f3mo aprenden los futuros docentes. Y hemos vivido otra exitosa edici\u00f3n de la Muestra Institucional, con la visita de alumnos y docentes de las escuelas asociadas, autoridades educativas y de la comunidad. Numerosos trabajos en los diversos stands y un cierre a puro teatro fueron los protagonistas de la jornada de hoy. Nuestras felicitaciones a estudiantes y profesores que en un trabajo compartido hicieron posible la concreci\u00f3n de esta excelente muestra.<\/h4>\n<h3><img decoding=\"async\" loading=\"lazy\" class=\"alignnone size-medium wp-image-1664\" src=\"https:\/\/insquitilipi-cha.infd.edu.ar\/sitio\/wp-content\/uploads\/2019\/10\/Tarjeta-Muestra-Inst-2019-1000x756.jpg\" alt=\"\" width=\"1000\" height=\"756\" srcset=\"https:\/\/insquitilipi-cha.infd.edu.ar\/sitio\/wp-content\/uploads\/2019\/10\/Tarjeta-Muestra-Inst-2019-1000x756.jpg 1000w, https:\/\/insquitilipi-cha.infd.edu.ar\/sitio\/wp-content\/uploads\/2019\/10\/Tarjeta-Muestra-Inst-2019-768x581.jpg 768w, https:\/\/insquitilipi-cha.infd.edu.ar\/sitio\/wp-content\/uploads\/2019\/10\/Tarjeta-Muestra-Inst-2019.jpg 1451w\" sizes=\"(max-width: 1000px) 100vw, 1000px\" \/><\/h3>\n<p>&nbsp;<\/p>\n<h1><span style=\"color: #0000ff;\">IM\u00c1GENES<\/span><\/h1>\n<p>&nbsp;<\/p>\n<p><img decoding=\"async\" loading=\"lazy\" class=\"alignnone size-full wp-image-1677\" src=\"https:\/\/insquitilipi-cha.infd.edu.ar\/sitio\/wp-content\/uploads\/2019\/10\/72259140.jpg\" alt=\"\" width=\"720\" height=\"540\" \/><\/p>\n<p><img decoding=\"async\" loading=\"lazy\" class=\"alignnone size-full wp-image-1676\" src=\"https:\/\/insquitilipi-cha.infd.edu.ar\/sitio\/wp-content\/uploads\/2019\/10\/72400458.jpg\" alt=\"\" width=\"960\" height=\"720\" srcset=\"https:\/\/insquitilipi-cha.infd.edu.ar\/sitio\/wp-content\/uploads\/2019\/10\/72400458.jpg 960w, https:\/\/insquitilipi-cha.infd.edu.ar\/sitio\/wp-content\/uploads\/2019\/10\/72400458-768x576.jpg 768w\" sizes=\"(max-width: 960px) 100vw, 960px\" \/> <img decoding=\"async\" loading=\"lazy\" class=\"alignnone size-full wp-image-1675\" src=\"https:\/\/insquitilipi-cha.infd.edu.ar\/sitio\/wp-content\/uploads\/2019\/10\/72381302.jpg\" alt=\"\" width=\"960\" height=\"720\" srcset=\"https:\/\/insquitilipi-cha.infd.edu.ar\/sitio\/wp-content\/uploads\/2019\/10\/72381302.jpg 960w, https:\/\/insquitilipi-cha.infd.edu.ar\/sitio\/wp-content\/uploads\/2019\/10\/72381302-768x576.jpg 768w\" sizes=\"(max-width: 960px) 100vw, 960px\" \/><\/p>\n<p><img decoding=\"async\" loading=\"lazy\" class=\"alignnone size-full wp-image-1678\" src=\"https:\/\/insquitilipi-cha.infd.edu.ar\/sitio\/wp-content\/uploads\/2019\/10\/72478188.jpg\" alt=\"\" width=\"960\" height=\"720\" srcset=\"https:\/\/insquitilipi-cha.infd.edu.ar\/sitio\/wp-content\/uploads\/2019\/10\/72478188.jpg 960w, https:\/\/insquitilipi-cha.infd.edu.ar\/sitio\/wp-content\/uploads\/2019\/10\/72478188-768x576.jpg 768w\" sizes=\"(max-width: 960px) 100vw, 960px\" \/><\/p>\n<p><img decoding=\"async\" loading=\"lazy\" class=\"alignnone size-medium wp-image-1727\" src=\"https:\/\/insquitilipi-cha.infd.edu.ar\/sitio\/wp-content\/uploads\/2019\/10\/72720242.jpg\" alt=\"\" width=\"535\" height=\"960\" \/> <img decoding=\"async\" loading=\"lazy\" class=\"alignnone size-full wp-image-1728\" src=\"https:\/\/insquitilipi-cha.infd.edu.ar\/sitio\/wp-content\/uploads\/2019\/10\/72689571.jpg\" alt=\"\" width=\"960\" height=\"540\" srcset=\"https:\/\/insquitilipi-cha.infd.edu.ar\/sitio\/wp-content\/uploads\/2019\/10\/72689571.jpg 960w, https:\/\/insquitilipi-cha.infd.edu.ar\/sitio\/wp-content\/uploads\/2019\/10\/72689571-768x432.jpg 768w\" sizes=\"(max-width: 960px) 100vw, 960px\" \/><\/p>\n<p>&nbsp;<\/p>\n<p><img decoding=\"async\" loading=\"lazy\" class=\"alignnone size-medium wp-image-1680\" src=\"https:\/\/insquitilipi-cha.infd.edu.ar\/sitio\/wp-content\/uploads\/2019\/10\/72458639.jpg\" alt=\"\" width=\"960\" height=\"720\" srcset=\"https:\/\/insquitilipi-cha.infd.edu.ar\/sitio\/wp-content\/uploads\/2019\/10\/72458639.jpg 960w, https:\/\/insquitilipi-cha.infd.edu.ar\/sitio\/wp-content\/uploads\/2019\/10\/72458639-768x576.jpg 768w\" sizes=\"(max-width: 960px) 100vw, 960px\" \/> <img decoding=\"async\" loading=\"lazy\" class=\"alignnone size-medium wp-image-1681\" src=\"https:\/\/insquitilipi-cha.infd.edu.ar\/sitio\/wp-content\/uploads\/2019\/10\/72474086.jpg\" alt=\"\" width=\"960\" height=\"720\" srcset=\"https:\/\/insquitilipi-cha.infd.edu.ar\/sitio\/wp-content\/uploads\/2019\/10\/72474086.jpg 960w, https:\/\/insquitilipi-cha.infd.edu.ar\/sitio\/wp-content\/uploads\/2019\/10\/72474086-768x576.jpg 768w\" sizes=\"(max-width: 960px) 100vw, 960px\" \/><\/p>\n<p><img decoding=\"async\" loading=\"lazy\" class=\"alignnone size-full wp-image-1683\" src=\"https:\/\/insquitilipi-cha.infd.edu.ar\/sitio\/wp-content\/uploads\/2019\/10\/72686608.jpg\" alt=\"\" width=\"720\" height=\"540\" \/> <img decoding=\"async\" loading=\"lazy\" class=\"alignnone size-medium wp-image-1684\" src=\"https:\/\/insquitilipi-cha.infd.edu.ar\/sitio\/wp-content\/uploads\/2019\/10\/72565634.jpg\" alt=\"\" width=\"720\" height=\"540\" \/> <img decoding=\"async\" loading=\"lazy\" class=\"alignnone size-medium wp-image-1685\" src=\"https:\/\/insquitilipi-cha.infd.edu.ar\/sitio\/wp-content\/uploads\/2019\/10\/72567060.jpg\" alt=\"\" width=\"960\" height=\"619\" srcset=\"https:\/\/insquitilipi-cha.infd.edu.ar\/sitio\/wp-content\/uploads\/2019\/10\/72567060.jpg 960w, https:\/\/insquitilipi-cha.infd.edu.ar\/sitio\/wp-content\/uploads\/2019\/10\/72567060-768x495.jpg 768w\" sizes=\"(max-width: 960px) 100vw, 960px\" \/> <img decoding=\"async\" loading=\"lazy\" class=\"alignnone size-medium wp-image-1686\" src=\"https:\/\/insquitilipi-cha.infd.edu.ar\/sitio\/wp-content\/uploads\/2019\/10\/72576086.jpg\" alt=\"\" width=\"960\" height=\"720\" srcset=\"https:\/\/insquitilipi-cha.infd.edu.ar\/sitio\/wp-content\/uploads\/2019\/10\/72576086.jpg 960w, https:\/\/insquitilipi-cha.infd.edu.ar\/sitio\/wp-content\/uploads\/2019\/10\/72576086-768x576.jpg 768w\" sizes=\"(max-width: 960px) 100vw, 960px\" \/> <img decoding=\"async\" loading=\"lazy\" class=\"alignnone size-medium wp-image-1687\" src=\"https:\/\/insquitilipi-cha.infd.edu.ar\/sitio\/wp-content\/uploads\/2019\/10\/72630236.jpg\" alt=\"\" width=\"960\" height=\"720\" srcset=\"https:\/\/insquitilipi-cha.infd.edu.ar\/sitio\/wp-content\/uploads\/2019\/10\/72630236.jpg 960w, https:\/\/insquitilipi-cha.infd.edu.ar\/sitio\/wp-content\/uploads\/2019\/10\/72630236-768x576.jpg 768w\" sizes=\"(max-width: 960px) 100vw, 960px\" \/> <img decoding=\"async\" loading=\"lazy\" class=\"alignnone size-medium wp-image-1688\" src=\"https:\/\/insquitilipi-cha.infd.edu.ar\/sitio\/wp-content\/uploads\/2019\/10\/72642025.jpg\" alt=\"\" width=\"960\" height=\"720\" srcset=\"https:\/\/insquitilipi-cha.infd.edu.ar\/sitio\/wp-content\/uploads\/2019\/10\/72642025.jpg 960w, https:\/\/insquitilipi-cha.infd.edu.ar\/sitio\/wp-content\/uploads\/2019\/10\/72642025-768x576.jpg 768w\" sizes=\"(max-width: 960px) 100vw, 960px\" \/> <img decoding=\"async\" loading=\"lazy\" class=\"alignnone size-medium wp-image-1689\" src=\"https:\/\/insquitilipi-cha.infd.edu.ar\/sitio\/wp-content\/uploads\/2019\/10\/72653166.jpg\" alt=\"\" width=\"714\" height=\"960\" \/> <img decoding=\"async\" loading=\"lazy\" class=\"alignnone size-medium wp-image-1690\" src=\"https:\/\/insquitilipi-cha.infd.edu.ar\/sitio\/wp-content\/uploads\/2019\/10\/72686176.jpg\" alt=\"\" width=\"720\" height=\"960\" \/> <img decoding=\"async\" loading=\"lazy\" class=\"alignnone size-medium wp-image-1691\" src=\"https:\/\/insquitilipi-cha.infd.edu.ar\/sitio\/wp-content\/uploads\/2019\/10\/72686379.jpg\" alt=\"\" width=\"960\" height=\"720\" srcset=\"https:\/\/insquitilipi-cha.infd.edu.ar\/sitio\/wp-content\/uploads\/2019\/10\/72686379.jpg 960w, https:\/\/insquitilipi-cha.infd.edu.ar\/sitio\/wp-content\/uploads\/2019\/10\/72686379-768x576.jpg 768w\" sizes=\"(max-width: 960px) 100vw, 960px\" \/><\/p>\n<p><img decoding=\"async\" loading=\"lazy\" class=\"alignnone size-full wp-image-1692\" src=\"https:\/\/insquitilipi-cha.infd.edu.ar\/sitio\/wp-content\/uploads\/2019\/10\/72696891.jpg\" alt=\"\" width=\"960\" height=\"720\" srcset=\"https:\/\/insquitilipi-cha.infd.edu.ar\/sitio\/wp-content\/uploads\/2019\/10\/72696891.jpg 960w, https:\/\/insquitilipi-cha.infd.edu.ar\/sitio\/wp-content\/uploads\/2019\/10\/72696891-768x576.jpg 768w\" sizes=\"(max-width: 960px) 100vw, 960px\" \/> <img decoding=\"async\" loading=\"lazy\" class=\"alignnone size-medium wp-image-1693\" src=\"https:\/\/insquitilipi-cha.infd.edu.ar\/sitio\/wp-content\/uploads\/2019\/10\/72777034.jpg\" alt=\"\" width=\"960\" height=\"720\" srcset=\"https:\/\/insquitilipi-cha.infd.edu.ar\/sitio\/wp-content\/uploads\/2019\/10\/72777034.jpg 960w, https:\/\/insquitilipi-cha.infd.edu.ar\/sitio\/wp-content\/uploads\/2019\/10\/72777034-768x576.jpg 768w\" sizes=\"(max-width: 960px) 100vw, 960px\" \/> <img decoding=\"async\" loading=\"lazy\" class=\"alignnone size-medium wp-image-1694\" src=\"https:\/\/insquitilipi-cha.infd.edu.ar\/sitio\/wp-content\/uploads\/2019\/10\/72780323.jpg\" alt=\"\" width=\"960\" height=\"720\" srcset=\"https:\/\/insquitilipi-cha.infd.edu.ar\/sitio\/wp-content\/uploads\/2019\/10\/72780323.jpg 960w, https:\/\/insquitilipi-cha.infd.edu.ar\/sitio\/wp-content\/uploads\/2019\/10\/72780323-768x576.jpg 768w\" sizes=\"(max-width: 960px) 100vw, 960px\" \/> <img decoding=\"async\" loading=\"lazy\" class=\"alignnone size-medium wp-image-1695\" src=\"https:\/\/insquitilipi-cha.infd.edu.ar\/sitio\/wp-content\/uploads\/2019\/10\/72820081.jpg\" alt=\"\" width=\"720\" height=\"540\" \/> <img decoding=\"async\" loading=\"lazy\" class=\"alignnone size-medium wp-image-1696\" src=\"https:\/\/insquitilipi-cha.infd.edu.ar\/sitio\/wp-content\/uploads\/2019\/10\/72821932.jpg\" alt=\"\" width=\"960\" height=\"720\" srcset=\"https:\/\/insquitilipi-cha.infd.edu.ar\/sitio\/wp-content\/uploads\/2019\/10\/72821932.jpg 960w, https:\/\/insquitilipi-cha.infd.edu.ar\/sitio\/wp-content\/uploads\/2019\/10\/72821932-768x576.jpg 768w\" sizes=\"(max-width: 960px) 100vw, 960px\" \/> <img decoding=\"async\" loading=\"lazy\" class=\"alignnone size-medium wp-image-1697\" src=\"https:\/\/insquitilipi-cha.infd.edu.ar\/sitio\/wp-content\/uploads\/2019\/10\/72967830.jpg\" alt=\"\" width=\"960\" height=\"720\" srcset=\"https:\/\/insquitilipi-cha.infd.edu.ar\/sitio\/wp-content\/uploads\/2019\/10\/72967830.jpg 960w, https:\/\/insquitilipi-cha.infd.edu.ar\/sitio\/wp-content\/uploads\/2019\/10\/72967830-768x576.jpg 768w\" sizes=\"(max-width: 960px) 100vw, 960px\" \/> <img decoding=\"async\" loading=\"lazy\" class=\"alignnone size-medium wp-image-1698\" src=\"https:\/\/insquitilipi-cha.infd.edu.ar\/sitio\/wp-content\/uploads\/2019\/10\/73064149.jpg\" alt=\"\" width=\"720\" height=\"540\" \/> <img decoding=\"async\" loading=\"lazy\" class=\"alignnone size-medium wp-image-1699\" src=\"https:\/\/insquitilipi-cha.infd.edu.ar\/sitio\/wp-content\/uploads\/2019\/10\/73112781.jpg\" alt=\"\" width=\"960\" height=\"720\" srcset=\"https:\/\/insquitilipi-cha.infd.edu.ar\/sitio\/wp-content\/uploads\/2019\/10\/73112781.jpg 960w, https:\/\/insquitilipi-cha.infd.edu.ar\/sitio\/wp-content\/uploads\/2019\/10\/73112781-768x576.jpg 768w\" sizes=\"(max-width: 960px) 100vw, 960px\" \/> <img decoding=\"async\" loading=\"lazy\" class=\"alignnone size-medium wp-image-1700\" src=\"https:\/\/insquitilipi-cha.infd.edu.ar\/sitio\/wp-content\/uploads\/2019\/10\/73122608.jpg\" alt=\"\" width=\"714\" height=\"960\" \/><\/p>\n<p><img decoding=\"async\" loading=\"lazy\" class=\"alignnone size-full wp-image-1702\" src=\"https:\/\/insquitilipi-cha.infd.edu.ar\/sitio\/wp-content\/uploads\/2019\/10\/73399794.jpg\" alt=\"\" width=\"960\" height=\"720\" srcset=\"https:\/\/insquitilipi-cha.infd.edu.ar\/sitio\/wp-content\/uploads\/2019\/10\/73399794.jpg 960w, https:\/\/insquitilipi-cha.infd.edu.ar\/sitio\/wp-content\/uploads\/2019\/10\/73399794-768x576.jpg 768w\" sizes=\"(max-width: 960px) 100vw, 960px\" \/> <img decoding=\"async\" loading=\"lazy\" class=\"alignnone size-medium wp-image-1703\" src=\"https:\/\/insquitilipi-cha.infd.edu.ar\/sitio\/wp-content\/uploads\/2019\/10\/73132819.jpg\" alt=\"\" width=\"960\" height=\"720\" srcset=\"https:\/\/insquitilipi-cha.infd.edu.ar\/sitio\/wp-content\/uploads\/2019\/10\/73132819.jpg 960w, https:\/\/insquitilipi-cha.infd.edu.ar\/sitio\/wp-content\/uploads\/2019\/10\/73132819-768x576.jpg 768w\" sizes=\"(max-width: 960px) 100vw, 960px\" \/> <img decoding=\"async\" loading=\"lazy\" class=\"alignnone size-medium wp-image-1704\" src=\"https:\/\/insquitilipi-cha.infd.edu.ar\/sitio\/wp-content\/uploads\/2019\/10\/73149509.jpg\" alt=\"\" width=\"960\" height=\"720\" srcset=\"https:\/\/insquitilipi-cha.infd.edu.ar\/sitio\/wp-content\/uploads\/2019\/10\/73149509.jpg 960w, https:\/\/insquitilipi-cha.infd.edu.ar\/sitio\/wp-content\/uploads\/2019\/10\/73149509-768x576.jpg 768w\" sizes=\"(max-width: 960px) 100vw, 960px\" \/> <img decoding=\"async\" loading=\"lazy\" class=\"alignnone size-medium wp-image-1705\" src=\"https:\/\/insquitilipi-cha.infd.edu.ar\/sitio\/wp-content\/uploads\/2019\/10\/73150687.jpg\" alt=\"\" width=\"960\" height=\"539\" srcset=\"https:\/\/insquitilipi-cha.infd.edu.ar\/sitio\/wp-content\/uploads\/2019\/10\/73150687.jpg 960w, https:\/\/insquitilipi-cha.infd.edu.ar\/sitio\/wp-content\/uploads\/2019\/10\/73150687-768x431.jpg 768w\" sizes=\"(max-width: 960px) 100vw, 960px\" \/> <img decoding=\"async\" loading=\"lazy\" class=\"alignnone size-medium wp-image-1706\" src=\"https:\/\/insquitilipi-cha.infd.edu.ar\/sitio\/wp-content\/uploads\/2019\/10\/73346535.jpg\" alt=\"\" width=\"960\" height=\"720\" srcset=\"https:\/\/insquitilipi-cha.infd.edu.ar\/sitio\/wp-content\/uploads\/2019\/10\/73346535.jpg 960w, https:\/\/insquitilipi-cha.infd.edu.ar\/sitio\/wp-content\/uploads\/2019\/10\/73346535-768x576.jpg 768w\" sizes=\"(max-width: 960px) 100vw, 960px\" \/> <img decoding=\"async\" loading=\"lazy\" class=\"alignnone size-medium wp-image-1707\" src=\"https:\/\/insquitilipi-cha.infd.edu.ar\/sitio\/wp-content\/uploads\/2019\/10\/73349331.jpg\" alt=\"\" width=\"720\" height=\"540\" \/> <img decoding=\"async\" loading=\"lazy\" class=\"alignnone size-medium wp-image-1708\" src=\"https:\/\/insquitilipi-cha.infd.edu.ar\/sitio\/wp-content\/uploads\/2019\/10\/73361227.jpg\" alt=\"\" width=\"960\" height=\"720\" srcset=\"https:\/\/insquitilipi-cha.infd.edu.ar\/sitio\/wp-content\/uploads\/2019\/10\/73361227.jpg 960w, https:\/\/insquitilipi-cha.infd.edu.ar\/sitio\/wp-content\/uploads\/2019\/10\/73361227-768x576.jpg 768w\" sizes=\"(max-width: 960px) 100vw, 960px\" \/> <img decoding=\"async\" loading=\"lazy\" class=\"alignnone size-medium wp-image-1709\" src=\"https:\/\/insquitilipi-cha.infd.edu.ar\/sitio\/wp-content\/uploads\/2019\/10\/73388529.jpg\" alt=\"\" width=\"960\" height=\"720\" srcset=\"https:\/\/insquitilipi-cha.infd.edu.ar\/sitio\/wp-content\/uploads\/2019\/10\/73388529.jpg 960w, https:\/\/insquitilipi-cha.infd.edu.ar\/sitio\/wp-content\/uploads\/2019\/10\/73388529-768x576.jpg 768w\" sizes=\"(max-width: 960px) 100vw, 960px\" \/><\/p>\n<p><img decoding=\"async\" loading=\"lazy\" class=\"alignnone size-full wp-image-1711\" src=\"https:\/\/insquitilipi-cha.infd.edu.ar\/sitio\/wp-content\/uploads\/2019\/10\/74915069.jpg\" alt=\"\" width=\"960\" height=\"720\" srcset=\"https:\/\/insquitilipi-cha.infd.edu.ar\/sitio\/wp-content\/uploads\/2019\/10\/74915069.jpg 960w, https:\/\/insquitilipi-cha.infd.edu.ar\/sitio\/wp-content\/uploads\/2019\/10\/74915069-768x576.jpg 768w\" sizes=\"(max-width: 960px) 100vw, 960px\" \/> <img decoding=\"async\" loading=\"lazy\" class=\"alignnone size-medium wp-image-1712\" src=\"https:\/\/insquitilipi-cha.infd.edu.ar\/sitio\/wp-content\/uploads\/2019\/10\/73482586.jpg\" alt=\"\" width=\"960\" height=\"720\" srcset=\"https:\/\/insquitilipi-cha.infd.edu.ar\/sitio\/wp-content\/uploads\/2019\/10\/73482586.jpg 960w, https:\/\/insquitilipi-cha.infd.edu.ar\/sitio\/wp-content\/uploads\/2019\/10\/73482586-768x576.jpg 768w\" sizes=\"(max-width: 960px) 100vw, 960px\" \/> <img decoding=\"async\" loading=\"lazy\" class=\"alignnone size-medium wp-image-1713\" src=\"https:\/\/insquitilipi-cha.infd.edu.ar\/sitio\/wp-content\/uploads\/2019\/10\/73513598.jpg\" alt=\"\" width=\"960\" height=\"720\" srcset=\"https:\/\/insquitilipi-cha.infd.edu.ar\/sitio\/wp-content\/uploads\/2019\/10\/73513598.jpg 960w, https:\/\/insquitilipi-cha.infd.edu.ar\/sitio\/wp-content\/uploads\/2019\/10\/73513598-768x576.jpg 768w\" sizes=\"(max-width: 960px) 100vw, 960px\" \/> <img decoding=\"async\" loading=\"lazy\" class=\"alignnone size-medium wp-image-1714\" src=\"https:\/\/insquitilipi-cha.infd.edu.ar\/sitio\/wp-content\/uploads\/2019\/10\/74209241.jpg\" alt=\"\" width=\"720\" height=\"540\" \/> <img decoding=\"async\" loading=\"lazy\" class=\"alignnone size-medium wp-image-1715\" src=\"https:\/\/insquitilipi-cha.infd.edu.ar\/sitio\/wp-content\/uploads\/2019\/10\/74334096.jpg\" alt=\"\" width=\"960\" height=\"720\" srcset=\"https:\/\/insquitilipi-cha.infd.edu.ar\/sitio\/wp-content\/uploads\/2019\/10\/74334096.jpg 960w, https:\/\/insquitilipi-cha.infd.edu.ar\/sitio\/wp-content\/uploads\/2019\/10\/74334096-768x576.jpg 768w\" sizes=\"(max-width: 960px) 100vw, 960px\" \/> <img decoding=\"async\" loading=\"lazy\" class=\"alignnone size-medium wp-image-1716\" src=\"https:\/\/insquitilipi-cha.infd.edu.ar\/sitio\/wp-content\/uploads\/2019\/10\/74336215.jpg\" alt=\"\" width=\"960\" height=\"720\" srcset=\"https:\/\/insquitilipi-cha.infd.edu.ar\/sitio\/wp-content\/uploads\/2019\/10\/74336215.jpg 960w, https:\/\/insquitilipi-cha.infd.edu.ar\/sitio\/wp-content\/uploads\/2019\/10\/74336215-768x576.jpg 768w\" sizes=\"(max-width: 960px) 100vw, 960px\" \/> <img decoding=\"async\" loading=\"lazy\" class=\"alignnone size-medium wp-image-1717\" src=\"https:\/\/insquitilipi-cha.infd.edu.ar\/sitio\/wp-content\/uploads\/2019\/10\/74348669.jpg\" alt=\"\" width=\"720\" height=\"540\" \/> <img decoding=\"async\" loading=\"lazy\" class=\"alignnone size-medium wp-image-1718\" src=\"https:\/\/insquitilipi-cha.infd.edu.ar\/sitio\/wp-content\/uploads\/2019\/10\/74477095.jpg\" alt=\"\" width=\"720\" height=\"540\" \/> <img decoding=\"async\" loading=\"lazy\" class=\"alignnone size-medium wp-image-1719\" src=\"https:\/\/insquitilipi-cha.infd.edu.ar\/sitio\/wp-content\/uploads\/2019\/10\/74494389.jpg\" alt=\"\" width=\"960\" height=\"720\" srcset=\"https:\/\/insquitilipi-cha.infd.edu.ar\/sitio\/wp-content\/uploads\/2019\/10\/74494389.jpg 960w, https:\/\/insquitilipi-cha.infd.edu.ar\/sitio\/wp-content\/uploads\/2019\/10\/74494389-768x576.jpg 768w\" sizes=\"(max-width: 960px) 100vw, 960px\" \/> <img decoding=\"async\" loading=\"lazy\" class=\"alignnone size-medium wp-image-1720\" src=\"https:\/\/insquitilipi-cha.infd.edu.ar\/sitio\/wp-content\/uploads\/2019\/10\/74667913.jpg\" alt=\"\" width=\"720\" height=\"540\" \/> <img decoding=\"async\" loading=\"lazy\" class=\"alignnone size-medium wp-image-1721\" src=\"https:\/\/insquitilipi-cha.infd.edu.ar\/sitio\/wp-content\/uploads\/2019\/10\/74693539.jpg\" alt=\"\" width=\"960\" height=\"720\" srcset=\"https:\/\/insquitilipi-cha.infd.edu.ar\/sitio\/wp-content\/uploads\/2019\/10\/74693539.jpg 960w, https:\/\/insquitilipi-cha.infd.edu.ar\/sitio\/wp-content\/uploads\/2019\/10\/74693539-768x576.jpg 768w\" sizes=\"(max-width: 960px) 100vw, 960px\" \/> <img decoding=\"async\" loading=\"lazy\" class=\"alignnone size-medium wp-image-1722\" src=\"https:\/\/insquitilipi-cha.infd.edu.ar\/sitio\/wp-content\/uploads\/2019\/10\/74843791.jpg\" alt=\"\" width=\"720\" height=\"960\" \/><\/p>\n<p>&nbsp;<\/p>\n","protected":false},"excerpt":{"rendered":"<p>MUESTRA INSTITUCIONAL 2019 El\u00a0JUEVES 17 de OCTUBRE\u00a0se llev\u00f3 a cabo en sus instalaciones la\u00a0MUESTRA INSTITUCIONAL 2019\u00a0DEL I.E.S. PISARELLO. Una jornada que nos permiti\u00f3 compartir las producciones y experiencias de aprendizaje de los estudiantes de las siete carreras de formaci\u00f3n docente que posee\u00a0nuestro instituto formador. Fue una oportunidad para mostrar qu\u00e9 y c\u00f3mo aprenden los futuros &#8230; <a title=\"MUESTRA 2019\" class=\"read-more\" href=\"https:\/\/insquitilipi-cha.infd.edu.ar\/sitio\/muestra-2019\/\" aria-label=\"More on MUESTRA 2019\">[+]<\/a><\/p>\n","protected":false},"author":921,"featured_media":0,"parent":0,"menu_order":0,"comment_status":"closed","ping_status":"closed","template":"","meta":[],"acf":[],"_links":{"self":[{"href":"https:\/\/insquitilipi-cha.infd.edu.ar\/sitio\/wp-json\/wp\/v2\/pages\/1667"}],"collection":[{"href":"https:\/\/insquitilipi-cha.infd.edu.ar\/sitio\/wp-json\/wp\/v2\/pages"}],"about":[{"href":"https:\/\/insquitilipi-cha.infd.edu.ar\/sitio\/wp-json\/wp\/v2\/types\/page"}],"author":[{"embeddable":true,"href":"https:\/\/insquitilipi-cha.infd.edu.ar\/sitio\/wp-json\/wp\/v2\/users\/921"}],"replies":[{"embeddable":true,"href":"https:\/\/insquitilipi-cha.infd.edu.ar\/sitio\/wp-json\/wp\/v2\/comments?post=1667"}],"version-history":[{"count":11,"href":"https:\/\/insquitilipi-cha.infd.edu.ar\/sitio\/wp-json\/wp\/v2\/pages\/1667\/revisions"}],"predecessor-version":[{"id":1729,"href":"https:\/\/insquitilipi-cha.infd.edu.ar\/sitio\/wp-json\/wp\/v2\/pages\/1667\/revisions\/1729"}],"wp:attachment":[{"href":"https:\/\/insquitilipi-cha.infd.edu.ar\/sitio\/wp-json\/wp\/v2\/media?parent=1667"}],"curies":[{"name":"wp","href":"https:\/\/api.w.org\/{rel}","templated":true}]}}