{"id":2169,"date":"2021-03-03T08:53:15","date_gmt":"2021-03-03T11:53:15","guid":{"rendered":"https:\/\/insquitilipi-cha.infd.edu.ar\/sitio\/?page_id=2169"},"modified":"2021-05-05T12:15:41","modified_gmt":"2021-05-05T15:15:41","slug":"postitulos","status":"publish","type":"page","link":"https:\/\/insquitilipi-cha.infd.edu.ar\/sitio\/postitulos\/","title":{"rendered":"POST\u00cdTULOS"},"content":{"rendered":"<h1 style=\"text-align: center;\"><span style=\"color: #0000ff;\">POST\u00cdTULOS 2021<\/span><\/h1>\n<hr \/>\n<h3><span style=\"color: #ff00ff;\"><em>Se recuerda a aquellas personas que se han inscripto en cualquiera de las propuestas del IES Pisarello que el plazo de entrega de TODA la documentaci\u00f3n solicitada <span style=\"color: #000000;\">(foto 4&#215;4, copia de DNI, copia de T\u00edtulo docente)<\/span> es el <span style=\"color: #000080;\">LUNES 26 de abril<\/span><\/em><\/span><\/h3>\n<h3><\/h3>\n<hr \/>\n<p>&nbsp;<\/p>\n<p><img decoding=\"async\" loading=\"lazy\" class=\"aligncenter wp-image-2189\" src=\"https:\/\/insquitilipi-cha.infd.edu.ar\/sitio\/wp-content\/uploads\/2021\/03\/Flyer-Postitulo-CS-Nat-Pisarello-706x1000.jpeg\" alt=\"\" width=\"424\" height=\"600\" srcset=\"https:\/\/insquitilipi-cha.infd.edu.ar\/sitio\/wp-content\/uploads\/2021\/03\/Flyer-Postitulo-CS-Nat-Pisarello-706x1000.jpeg 706w, https:\/\/insquitilipi-cha.infd.edu.ar\/sitio\/wp-content\/uploads\/2021\/03\/Flyer-Postitulo-CS-Nat-Pisarello-768x1087.jpeg 768w, https:\/\/insquitilipi-cha.infd.edu.ar\/sitio\/wp-content\/uploads\/2021\/03\/Flyer-Postitulo-CS-Nat-Pisarello.jpeg 904w\" sizes=\"(max-width: 424px) 100vw, 424px\" \/><\/p>\n<h3><span style=\"color: #ff00ff;\">EL AULA VIRTUAL YA EST\u00c1 DISPONIBLE. Ingresar seg\u00fan las indicaciones enviadas por correo<\/span><\/h3>\n<h4><strong>Informaci\u00f3n de la propuesta\u00a0<\/strong><strong>\u00a0 \u21d2\u00a0\u00a0<em><a href=\"https:\/\/insquitilipi-cha.infd.edu.ar\/sitio\/wp-content\/uploads\/2021\/04\/Actualizaci\u00f3n-Naturales-Pisarello_Resumido.pdf\" target=\"_blank\" rel=\"noopener\">Actualizaci\u00f3n Naturales Pisarello_Resumido<\/a><\/em><\/strong><\/h4>\n<h4><span style=\"color: #ff6600;\"><span style=\"color: #000000;\">Inscribirse Aqu\u00ed<\/span>\u00a0 \u00a0 \u00a0\u00a0<span style=\"color: #ff0000;\"><a style=\"color: #ff0000;\" href=\"http:\/\/insup.com.ar\/Pisarello\/Ingresos\/inscripcion.php\" target=\"_blank\" rel=\"noopener\">Es obligatorio que se consigne un correo electr\u00f3nico<\/a><\/span><\/span><\/h4>\n<h2><span style=\"color: #ff0000;\">CUPO COMPLETO<\/span><\/h2>\n<hr \/>\n<p>&nbsp;<\/p>\n<p><img decoding=\"async\" loading=\"lazy\" class=\"aligncenter wp-image-2192\" src=\"https:\/\/insquitilipi-cha.infd.edu.ar\/sitio\/wp-content\/uploads\/2021\/03\/Flyer-Actualiz-Capac-Motoras_Pisarello-707x1000.jpeg\" alt=\"\" width=\"424\" height=\"600\" srcset=\"https:\/\/insquitilipi-cha.infd.edu.ar\/sitio\/wp-content\/uploads\/2021\/03\/Flyer-Actualiz-Capac-Motoras_Pisarello-707x1000.jpeg 707w, https:\/\/insquitilipi-cha.infd.edu.ar\/sitio\/wp-content\/uploads\/2021\/03\/Flyer-Actualiz-Capac-Motoras_Pisarello-768x1086.jpeg 768w, https:\/\/insquitilipi-cha.infd.edu.ar\/sitio\/wp-content\/uploads\/2021\/03\/Flyer-Actualiz-Capac-Motoras_Pisarello.jpeg 877w\" sizes=\"(max-width: 424px) 100vw, 424px\" \/><\/p>\n<h3><span style=\"color: #ff00ff;\">Inicia el 08 de mayo de 2021<\/span><\/h3>\n<h4><strong>Informaci\u00f3n de la propuesta\u00a0<\/strong><strong>\u00a0 \u21d2\u00a0<em><a href=\"https:\/\/insquitilipi-cha.infd.edu.ar\/sitio\/wp-content\/uploads\/2021\/04\/Actualizaci\u00f3n-Capac-Motoras-Pisarello_Resumido.pdf\">Actualizaci\u00f3n Capac Motoras Pisarello_Resumido<\/a><\/em><\/strong><\/h4>\n<h4><span style=\"color: #ff6600;\"><span style=\"color: #000000;\">Inscribirse Aqu\u00ed\u00a0<\/span> \u00a0 \u00a0\u00a0<\/span><span style=\"color: #ff6600;\"><span style=\"color: #ff0000;\"><a style=\"color: #ff0000;\" href=\"http:\/\/insup.com.ar\/Pisarello\/Ingresos\/inscripcion.php\" target=\"_blank\" rel=\"noopener\">Es obligatorio que se consigne un correo electr\u00f3nico<\/a><\/span><\/span><\/h4>\n<h2><span style=\"color: #ff0000;\">CUPO COMPLETO<\/span><\/h2>\n<hr \/>\n<h5 style=\"text-align: center;\"><span style=\"color: #0000ff;\"><strong><span style=\"color: #33cccc;\">Consultas y env\u00edo de Documentaci\u00f3n:<\/span> <a href=\"mailto:postitulos.pisarello@gmail.com\">postitulos.pisarello@gmail.com<\/a><\/strong><\/span><\/h5>\n","protected":false},"excerpt":{"rendered":"<p>POST\u00cdTULOS 2021 Se recuerda a aquellas personas que se han inscripto en cualquiera de las propuestas del IES Pisarello que el plazo de entrega de TODA la documentaci\u00f3n solicitada (foto 4&#215;4, copia de DNI, copia de T\u00edtulo docente) es el LUNES 26 de abril &nbsp; EL AULA VIRTUAL YA EST\u00c1 DISPONIBLE. Ingresar seg\u00fan las indicaciones &#8230; <a title=\"POST\u00cdTULOS\" class=\"read-more\" href=\"https:\/\/insquitilipi-cha.infd.edu.ar\/sitio\/postitulos\/\" aria-label=\"More on POST\u00cdTULOS\">[+]<\/a><\/p>\n","protected":false},"author":921,"featured_media":0,"parent":0,"menu_order":0,"comment_status":"closed","ping_status":"closed","template":"","meta":[],"acf":[],"_links":{"self":[{"href":"https:\/\/insquitilipi-cha.infd.edu.ar\/sitio\/wp-json\/wp\/v2\/pages\/2169"}],"collection":[{"href":"https:\/\/insquitilipi-cha.infd.edu.ar\/sitio\/wp-json\/wp\/v2\/pages"}],"about":[{"href":"https:\/\/insquitilipi-cha.infd.edu.ar\/sitio\/wp-json\/wp\/v2\/types\/page"}],"author":[{"embeddable":true,"href":"https:\/\/insquitilipi-cha.infd.edu.ar\/sitio\/wp-json\/wp\/v2\/users\/921"}],"replies":[{"embeddable":true,"href":"https:\/\/insquitilipi-cha.infd.edu.ar\/sitio\/wp-json\/wp\/v2\/comments?post=2169"}],"version-history":[{"count":31,"href":"https:\/\/insquitilipi-cha.infd.edu.ar\/sitio\/wp-json\/wp\/v2\/pages\/2169\/revisions"}],"predecessor-version":[{"id":2285,"href":"https:\/\/insquitilipi-cha.infd.edu.ar\/sitio\/wp-json\/wp\/v2\/pages\/2169\/revisions\/2285"}],"wp:attachment":[{"href":"https:\/\/insquitilipi-cha.infd.edu.ar\/sitio\/wp-json\/wp\/v2\/media?parent=2169"}],"curies":[{"name":"wp","href":"https:\/\/api.w.org\/{rel}","templated":true}]}}