{"id":2576,"date":"2021-12-20T08:43:01","date_gmt":"2021-12-20T11:43:01","guid":{"rendered":"https:\/\/insquitilipi-cha.infd.edu.ar\/sitio\/?page_id=2576"},"modified":"2021-12-21T10:24:00","modified_gmt":"2021-12-21T13:24:00","slug":"actualizacion-ensenanza-ciencias-primario","status":"publish","type":"page","link":"https:\/\/insquitilipi-cha.infd.edu.ar\/sitio\/actualizacion-ensenanza-ciencias-primario\/","title":{"rendered":"ACTUALIZACI\u00d3N ENSE\u00d1ANZA CIENCIAS PRIMARIO"},"content":{"rendered":"\n<h2 class=\"has-text-align-center wp-block-heading\"><strong><span style=\"color:#3a2ed1\" class=\"has-inline-color\">ACTUALIZACI\u00d3N ACAD\u00c9MICA EN ENSE\u00d1ANZA DE LAS CIENCIAS NATURALES EN EL NIVEL PRIMARIO<\/span><\/strong><\/h2>\n\n\n\n<p><\/p>\n\n\n\n<ul><li><strong>Oferente: <\/strong>Instituto de Educaci\u00f3n Superior Juan Jos\u00e9 Gualberto Pisarello&nbsp;<\/li><\/ul>\n\n\n\n<ul><li><strong>A\u00f1o de dictado: 2021<\/strong><\/li><\/ul>\n\n\n\n<ul><li><strong>Certificaci\u00f3n que otorga: <\/strong>Actualizaci\u00f3n Acad\u00e9mica en Ense\u00f1anza de las Ciencias Naturales en el Nivel Primario<\/li><\/ul>\n\n\n\n<figure class=\"wp-block-image size-large\"><img decoding=\"async\" loading=\"lazy\" width=\"904\" height=\"1280\" src=\"https:\/\/insquitilipi-cha.infd.edu.ar\/sitio\/wp-content\/uploads\/2021\/03\/Flyer-Postitulo-CS-Nat-Pisarello.jpeg\" alt=\"\" class=\"wp-image-2189\" srcset=\"https:\/\/insquitilipi-cha.infd.edu.ar\/sitio\/wp-content\/uploads\/2021\/03\/Flyer-Postitulo-CS-Nat-Pisarello.jpeg 904w, https:\/\/insquitilipi-cha.infd.edu.ar\/sitio\/wp-content\/uploads\/2021\/03\/Flyer-Postitulo-CS-Nat-Pisarello-706x1000.jpeg 706w, https:\/\/insquitilipi-cha.infd.edu.ar\/sitio\/wp-content\/uploads\/2021\/03\/Flyer-Postitulo-CS-Nat-Pisarello-768x1087.jpeg 768w\" sizes=\"(max-width: 904px) 100vw, 904px\" \/><\/figure>\n\n\n\n<figure class=\"wp-block-image size-large\"><img decoding=\"async\" loading=\"lazy\" width=\"974\" height=\"494\" src=\"https:\/\/insquitilipi-cha.infd.edu.ar\/sitio\/wp-content\/uploads\/2021\/12\/image.png\" alt=\"\" class=\"wp-image-2583\" srcset=\"https:\/\/insquitilipi-cha.infd.edu.ar\/sitio\/wp-content\/uploads\/2021\/12\/image.png 974w, https:\/\/insquitilipi-cha.infd.edu.ar\/sitio\/wp-content\/uploads\/2021\/12\/image-768x390.png 768w\" sizes=\"(max-width: 974px) 100vw, 974px\" \/><\/figure>\n\n\n\n<figure class=\"wp-block-image size-large\"><img decoding=\"async\" loading=\"lazy\" width=\"974\" height=\"497\" src=\"https:\/\/insquitilipi-cha.infd.edu.ar\/sitio\/wp-content\/uploads\/2021\/12\/image-1.png\" alt=\"\" class=\"wp-image-2585\" srcset=\"https:\/\/insquitilipi-cha.infd.edu.ar\/sitio\/wp-content\/uploads\/2021\/12\/image-1.png 974w, https:\/\/insquitilipi-cha.infd.edu.ar\/sitio\/wp-content\/uploads\/2021\/12\/image-1-768x392.png 768w\" sizes=\"(max-width: 974px) 100vw, 974px\" \/><\/figure>\n\n\n\n<figure class=\"wp-block-image size-large\"><img decoding=\"async\" loading=\"lazy\" width=\"974\" height=\"523\" src=\"https:\/\/insquitilipi-cha.infd.edu.ar\/sitio\/wp-content\/uploads\/2021\/12\/image-2.png\" alt=\"\" class=\"wp-image-2586\" srcset=\"https:\/\/insquitilipi-cha.infd.edu.ar\/sitio\/wp-content\/uploads\/2021\/12\/image-2.png 974w, https:\/\/insquitilipi-cha.infd.edu.ar\/sitio\/wp-content\/uploads\/2021\/12\/image-2-768x412.png 768w\" sizes=\"(max-width: 974px) 100vw, 974px\" \/><\/figure>\n\n\n\n<figure class=\"wp-block-image size-large\"><img decoding=\"async\" loading=\"lazy\" width=\"974\" height=\"505\" src=\"https:\/\/insquitilipi-cha.infd.edu.ar\/sitio\/wp-content\/uploads\/2021\/12\/image-3.png\" alt=\"\" class=\"wp-image-2587\" srcset=\"https:\/\/insquitilipi-cha.infd.edu.ar\/sitio\/wp-content\/uploads\/2021\/12\/image-3.png 974w, https:\/\/insquitilipi-cha.infd.edu.ar\/sitio\/wp-content\/uploads\/2021\/12\/image-3-768x398.png 768w\" sizes=\"(max-width: 974px) 100vw, 974px\" \/><\/figure>\n\n\n\n<figure class=\"wp-block-image size-large\"><img decoding=\"async\" loading=\"lazy\" width=\"974\" height=\"470\" src=\"https:\/\/insquitilipi-cha.infd.edu.ar\/sitio\/wp-content\/uploads\/2021\/12\/image-4.png\" alt=\"\" class=\"wp-image-2590\" srcset=\"https:\/\/insquitilipi-cha.infd.edu.ar\/sitio\/wp-content\/uploads\/2021\/12\/image-4.png 974w, https:\/\/insquitilipi-cha.infd.edu.ar\/sitio\/wp-content\/uploads\/2021\/12\/image-4-768x371.png 768w\" sizes=\"(max-width: 974px) 100vw, 974px\" \/><\/figure>\n\n\n\n<figure class=\"wp-block-image size-large\"><img decoding=\"async\" loading=\"lazy\" width=\"974\" height=\"478\" src=\"https:\/\/insquitilipi-cha.infd.edu.ar\/sitio\/wp-content\/uploads\/2021\/12\/image-5.png\" alt=\"\" class=\"wp-image-2591\" srcset=\"https:\/\/insquitilipi-cha.infd.edu.ar\/sitio\/wp-content\/uploads\/2021\/12\/image-5.png 974w, https:\/\/insquitilipi-cha.infd.edu.ar\/sitio\/wp-content\/uploads\/2021\/12\/image-5-768x377.png 768w\" sizes=\"(max-width: 974px) 100vw, 974px\" \/><\/figure>\n\n\n\n<figure class=\"wp-block-image size-large\"><img decoding=\"async\" loading=\"lazy\" width=\"974\" height=\"472\" src=\"https:\/\/insquitilipi-cha.infd.edu.ar\/sitio\/wp-content\/uploads\/2021\/12\/image-6.png\" alt=\"\" class=\"wp-image-2592\" srcset=\"https:\/\/insquitilipi-cha.infd.edu.ar\/sitio\/wp-content\/uploads\/2021\/12\/image-6.png 974w, https:\/\/insquitilipi-cha.infd.edu.ar\/sitio\/wp-content\/uploads\/2021\/12\/image-6-768x372.png 768w\" sizes=\"(max-width: 974px) 100vw, 974px\" \/><\/figure>\n\n\n\n<figure class=\"wp-block-image size-large is-resized\"><img decoding=\"async\" loading=\"lazy\" src=\"https:\/\/insquitilipi-cha.infd.edu.ar\/sitio\/wp-content\/uploads\/2021\/12\/image-7.png\" alt=\"\" class=\"wp-image-2594\" width=\"968\" height=\"456\" srcset=\"https:\/\/insquitilipi-cha.infd.edu.ar\/sitio\/wp-content\/uploads\/2021\/12\/image-7.png 974w, https:\/\/insquitilipi-cha.infd.edu.ar\/sitio\/wp-content\/uploads\/2021\/12\/image-7-768x362.png 768w\" sizes=\"(max-width: 968px) 100vw, 968px\" \/><\/figure>\n","protected":false},"excerpt":{"rendered":"<p>ACTUALIZACI\u00d3N ACAD\u00c9MICA EN ENSE\u00d1ANZA DE LAS CIENCIAS NATURALES EN EL NIVEL PRIMARIO Oferente: Instituto de Educaci\u00f3n Superior Juan Jos\u00e9 Gualberto Pisarello&nbsp; A\u00f1o de dictado: 2021 Certificaci\u00f3n que otorga: Actualizaci\u00f3n Acad\u00e9mica en Ense\u00f1anza de las Ciencias Naturales en el Nivel Primario<\/p>\n","protected":false},"author":921,"featured_media":0,"parent":0,"menu_order":0,"comment_status":"closed","ping_status":"closed","template":"","meta":[],"acf":[],"_links":{"self":[{"href":"https:\/\/insquitilipi-cha.infd.edu.ar\/sitio\/wp-json\/wp\/v2\/pages\/2576"}],"collection":[{"href":"https:\/\/insquitilipi-cha.infd.edu.ar\/sitio\/wp-json\/wp\/v2\/pages"}],"about":[{"href":"https:\/\/insquitilipi-cha.infd.edu.ar\/sitio\/wp-json\/wp\/v2\/types\/page"}],"author":[{"embeddable":true,"href":"https:\/\/insquitilipi-cha.infd.edu.ar\/sitio\/wp-json\/wp\/v2\/users\/921"}],"replies":[{"embeddable":true,"href":"https:\/\/insquitilipi-cha.infd.edu.ar\/sitio\/wp-json\/wp\/v2\/comments?post=2576"}],"version-history":[{"count":7,"href":"https:\/\/insquitilipi-cha.infd.edu.ar\/sitio\/wp-json\/wp\/v2\/pages\/2576\/revisions"}],"predecessor-version":[{"id":2597,"href":"https:\/\/insquitilipi-cha.infd.edu.ar\/sitio\/wp-json\/wp\/v2\/pages\/2576\/revisions\/2597"}],"wp:attachment":[{"href":"https:\/\/insquitilipi-cha.infd.edu.ar\/sitio\/wp-json\/wp\/v2\/media?parent=2576"}],"curies":[{"name":"wp","href":"https:\/\/api.w.org\/{rel}","templated":true}]}}