{"id":855,"date":"2018-08-30T12:52:38","date_gmt":"2018-08-30T15:52:38","guid":{"rendered":"https:\/\/insquitilipi-cha.infd.edu.ar\/sitio\/informacion-para-el-docente\/"},"modified":"2026-03-31T19:55:35","modified_gmt":"2026-03-31T22:55:35","slug":"informacion-para-el-docente","status":"publish","type":"page","link":"https:\/\/insquitilipi-cha.infd.edu.ar\/sitio\/informacion-para-el-docente\/","title":{"rendered":"INFORMACION PARA EL DOCENTE"},"content":{"rendered":"\n<p><\/p>\n\n\n<h1 style=\"text-align: center;\"><span style=\"color: #ff0000;\">INSCRIPCIONES INTERINATOS Y SUPLENCIAS PERIODO \u00abB\u00bb 2026<\/span><\/h1>\n<p>\u00a0<\/p>\n<p><img decoding=\"async\" loading=\"lazy\" class=\"alignnone size-medium wp-image-4169\" src=\"https:\/\/insquitilipi-cha.infd.edu.ar\/sitio\/wp-content\/uploads\/2026\/03\/Nota-B-2026-607x1000.jpg\" alt=\"\" width=\"607\" height=\"1000\" srcset=\"https:\/\/insquitilipi-cha.infd.edu.ar\/sitio\/wp-content\/uploads\/2026\/03\/Nota-B-2026-607x1000.jpg 607w, https:\/\/insquitilipi-cha.infd.edu.ar\/sitio\/wp-content\/uploads\/2026\/03\/Nota-B-2026-1154x1900.jpg 1154w, https:\/\/insquitilipi-cha.infd.edu.ar\/sitio\/wp-content\/uploads\/2026\/03\/Nota-B-2026-768x1265.jpg 768w, https:\/\/insquitilipi-cha.infd.edu.ar\/sitio\/wp-content\/uploads\/2026\/03\/Nota-B-2026-933x1536.jpg 933w, https:\/\/insquitilipi-cha.infd.edu.ar\/sitio\/wp-content\/uploads\/2026\/03\/Nota-B-2026.jpg 1224w\" sizes=\"(max-width: 607px) 100vw, 607px\" \/><\/p>\n<h4><a href=\"https:\/\/insquitilipi-cha.infd.edu.ar\/sitio\/wp-content\/uploads\/2026\/03\/INSTRUCTIVO-PARA-INSCRIPCION-A-INTERINATOS-Y-SUPLENCIAS-PERIODO-B-2026.pdf\" target=\"_blank\" rel=\"noopener\"><span style=\"color: #ff00ff;\">INSTRUCTIVO PARA INSCRIPCI\u00d3N A INTERINATOS Y SUPLENCIAS PERIODO B 2026<\/span><\/a><\/h4>\n<hr \/>\n<h1 style=\"text-align: center;\"><span style=\"color: #ff6600;\">NUEVA RECTIFICACI\u00d3N\/ RATIFICACI\u00d3N DE INTERINATOS Y SUPLENCIAS \u00abPERIODO A\u00bb 2025<\/span><\/h1>\n<h4><span style=\"color: #000080;\"><a href=\"https:\/\/insquitilipi-cha.infd.edu.ar\/sitio\/wp-content\/uploads\/2026\/03\/NUEVA-Nota-Rectificacion-P.A-2025.pdf\" target=\"_blank\" rel=\"noopener\"><strong>NOTA Y LINK DE RECTIFICACIONES Periodo \u00abA\u00bb<\/strong><\/a><strong>\u00a0<\/strong><\/span><\/h4>\n<p>\u00a0<\/p>\n<hr \/>\n<h1 style=\"text-align: center;\"><span style=\"color: #008000;\">RECTIFICACI\u00d3N\/ RATIFICACI\u00d3N DE INTERINATOS Y SUPLENCIAS \u00abPERIODO B\u00bb 2025<\/span><\/h1>\n<h4><a href=\"https:\/\/insquitilipi-cha.infd.edu.ar\/sitio\/wp-content\/uploads\/2026\/03\/Nota-Rectificacion-PB-2025.pdf\" target=\"_blank\" rel=\"noopener\"><span style=\"color: #ff6600;\"><strong>NOTA Y LINK DE RECTIFICACIO<\/strong><strong>NES Per\u00edodo <\/strong>B<\/span><\/a>\u00a0<\/h4>\n<p>\u00a0<\/p>\n<hr \/>\n<h1 style=\"text-align: center;\"><span style=\"color: #0000ff;\">RECTIFICACI\u00d3N\/ RATIFICACI\u00d3N DE INTERINATOS Y SUPLENCIAS PERIODO A 2025<\/span><\/h1>\n<p>\u00a0<\/p>\n<h4><a href=\"https:\/\/insquitilipi-cha.infd.edu.ar\/sitio\/wp-content\/uploads\/2025\/12\/Nota-Rectificacion-PA-2025.pdf\" target=\"_blank\" rel=\"noopener\"><span style=\"color: #ff6600;\"><strong><span style=\"color: #333399;\"><em>NOTA Y LINK DE RECTIFICACIONES Per\u00edodo A<\/em><\/span><\/strong><\/span><\/a><em>\u00a0<\/em>\u00a0<\/h4>\n<p>\u00a0<\/p>\n<hr \/>\n<h1 style=\"text-align: center;\"><span style=\"color: #ff0000;\">INSCRIPCIONES INTERINATOS Y SUPLENCIAS PERIODO \u00abB\u00bb 2025<\/span><\/h1>\n<p><img decoding=\"async\" loading=\"lazy\" class=\"alignnone size-medium wp-image-3937\" src=\"https:\/\/insquitilipi-cha.infd.edu.ar\/sitio\/wp-content\/uploads\/2025\/10\/b-2025-607x1000.jpg\" alt=\"\" width=\"607\" height=\"1000\" srcset=\"https:\/\/insquitilipi-cha.infd.edu.ar\/sitio\/wp-content\/uploads\/2025\/10\/b-2025-607x1000.jpg 607w, https:\/\/insquitilipi-cha.infd.edu.ar\/sitio\/wp-content\/uploads\/2025\/10\/b-2025-1154x1900.jpg 1154w, https:\/\/insquitilipi-cha.infd.edu.ar\/sitio\/wp-content\/uploads\/2025\/10\/b-2025-768x1265.jpg 768w, https:\/\/insquitilipi-cha.infd.edu.ar\/sitio\/wp-content\/uploads\/2025\/10\/b-2025-933x1536.jpg 933w, https:\/\/insquitilipi-cha.infd.edu.ar\/sitio\/wp-content\/uploads\/2025\/10\/b-2025.jpg 1224w\" sizes=\"(max-width: 607px) 100vw, 607px\" \/><\/p>\n<h4><a href=\"https:\/\/insquitilipi-cha.infd.edu.ar\/sitio\/wp-content\/uploads\/2025\/10\/Nota-PERIODO-B-2025-Rectores.pdf\" target=\"_blank\" rel=\"noopener\">Nota PER\u00cdODO B 2025- Rectores<\/a><\/h4>\n<p>\u00a0<\/p>\n<hr \/>\n<h1 style=\"text-align: center;\"><span style=\"color: #0000ff;\">LISTADOS INTERINATOS Y SUPLENCIAS PERIODO \u00abA\u00bb 2025<\/span><\/h1>\n<p><img decoding=\"async\" loading=\"lazy\" class=\"alignnone size-medium wp-image-3923\" src=\"https:\/\/insquitilipi-cha.infd.edu.ar\/sitio\/wp-content\/uploads\/2025\/09\/A-RECTORES-LISTA-PERIODO-A-2025-607x1000.png\" alt=\"\" width=\"607\" height=\"1000\" srcset=\"https:\/\/insquitilipi-cha.infd.edu.ar\/sitio\/wp-content\/uploads\/2025\/09\/A-RECTORES-LISTA-PERIODO-A-2025-607x1000.png 607w, https:\/\/insquitilipi-cha.infd.edu.ar\/sitio\/wp-content\/uploads\/2025\/09\/A-RECTORES-LISTA-PERIODO-A-2025-1154x1900.png 1154w, https:\/\/insquitilipi-cha.infd.edu.ar\/sitio\/wp-content\/uploads\/2025\/09\/A-RECTORES-LISTA-PERIODO-A-2025-768x1265.png 768w, https:\/\/insquitilipi-cha.infd.edu.ar\/sitio\/wp-content\/uploads\/2025\/09\/A-RECTORES-LISTA-PERIODO-A-2025-933x1536.png 933w, https:\/\/insquitilipi-cha.infd.edu.ar\/sitio\/wp-content\/uploads\/2025\/09\/A-RECTORES-LISTA-PERIODO-A-2025.png 1224w\" sizes=\"(max-width: 607px) 100vw, 607px\" \/><\/p>\n<h4><a href=\"https:\/\/insquitilipi-cha.infd.edu.ar\/sitio\/wp-content\/uploads\/2025\/09\/A-RECTORES-LISTA-PERIODO-A-2025-PDF.pdf\">A RE<strong>CTORES LISTA PERIODO A 2025-PDF<\/strong><\/a><\/h4>\n<p>\u00a0<\/p>\n<p><img decoding=\"async\" loading=\"lazy\" class=\"alignnone size-medium wp-image-3928\" src=\"https:\/\/insquitilipi-cha.infd.edu.ar\/sitio\/wp-content\/uploads\/2025\/09\/0-607x1000.jpg\" alt=\"\" width=\"607\" height=\"1000\" srcset=\"https:\/\/insquitilipi-cha.infd.edu.ar\/sitio\/wp-content\/uploads\/2025\/09\/0-607x1000.jpg 607w, https:\/\/insquitilipi-cha.infd.edu.ar\/sitio\/wp-content\/uploads\/2025\/09\/0-1154x1900.jpg 1154w, https:\/\/insquitilipi-cha.infd.edu.ar\/sitio\/wp-content\/uploads\/2025\/09\/0-768x1265.jpg 768w, https:\/\/insquitilipi-cha.infd.edu.ar\/sitio\/wp-content\/uploads\/2025\/09\/0-933x1536.jpg 933w, https:\/\/insquitilipi-cha.infd.edu.ar\/sitio\/wp-content\/uploads\/2025\/09\/0.jpg 1224w\" sizes=\"(max-width: 607px) 100vw, 607px\" \/><\/p>\n<p>\u00a0<\/p>\n<hr \/>\n<h1 style=\"text-align: center;\"><span style=\"color: #ff0000;\">INSCRIPCIONES INTERINATOS Y SUPLENCIAS PERIODO \u00abA\u00bb 2026<\/span><\/h1>\n<p><!--more--><\/p>\n<h2>\u00a0<\/h2>\n<ul>\n<li>\n<h2><span style=\"color: #0000ff;\"><em><a href=\"https:\/\/insquitilipi-cha.infd.edu.ar\/sitio\/wp-content\/uploads\/2025\/05\/A-INSTIUTOS-COMUNICAR-PERIODO-A-2026-ies.pdf\" target=\"_blank\" rel=\"noopener\">COMUNICADO INT. y SUP. \u00abPER\u00cdODO A\u00bb 2026<\/a><\/em><\/span><\/h2>\n<\/li>\n<li>\n<h2><a href=\"https:\/\/insquitilipi-cha.infd.edu.ar\/sitio\/wp-content\/uploads\/2025\/05\/INSTRUCTIVO-INSCRIPCION-A-INTERINATOS-Y-SUPLENCIAS-2026.pdf\" target=\"_blank\" rel=\"noopener\"><span style=\"color: #008000;\"><em>INSTRUCTIVO PARA INSCRIPCI\u00d3N A INTERINATOS Y SUPLENCIAS \u00abPERIODO A\u00bb 2026<\/em><\/span><\/a><\/h2>\n<\/li>\n<\/ul>\n<h3>\u00a0<\/h3>\n<h3 style=\"text-align: left;\"><span style=\"color: #ff9900;\">Carreras a Inscribirse<\/span><\/h3>\n<h5><span style=\"color: #993300;\"><strong><span class=\"has-inline-color has-black-color\"><span style=\"color: #993300;\">Profesorado de Educaci\u00f3n Primaria<\/span><\/span><\/strong><\/span><\/h5>\n<h5><span style=\"color: #993300;\"><strong><span class=\"has-inline-color has-black-color\"><span style=\"color: #993300;\">Profesorado para<\/span> <span style=\"color: #993300;\">la Educaci\u00f3n Secundaria en Qu\u00edmica\u00a0<\/span><\/span><\/strong><\/span><span style=\"color: #993300;\">( 3\u00b0 y 4 a\u00f1os)<\/span><\/h5>\n<h5><strong><span class=\"has-inline-color has-black-color\"><span style=\"color: #993300;\">Profesorado para<\/span> <span style=\"color: #993300;\">la Educaci\u00f3n Secundaria en Lengua<\/span> <span style=\"color: #993300;\">y Literatura<\/span><\/span><\/strong><\/h5>\n<h5><strong><span class=\"has-inline-color has-black-color\"><span style=\"color: #993300;\">Profesorado de Educaci\u00f3n Superior en Educaci\u00f3n F\u00edsica<\/span><\/span><\/strong><\/h5>\n<h5><strong><span class=\"has-inline-color has-black-color\"><span style=\"color: #993300;\">Profesorado de Educaci\u00f3n Superior en Artes Visuales,\u00a0<\/span><\/span><\/strong><strong><span style=\"color: #993300;\">orient. en pintura<\/span><\/strong><\/h5>\n<h5><strong><span class=\"has-inline-color has-black-color\"><span style=\"color: #993300;\">Profesorado de Educaci\u00f3n<\/span> <span style=\"color: #993300;\">Superior en<\/span><\/span><\/strong><span style=\"color: #993300;\"> M\u00fasica (3\u00b0, 4\u00b0 y 5\u00b0 a\u00f1os)<\/span><\/h5>\n<h5><strong><span style=\"color: #993300;\">Profesorado de Educaci\u00f3n Especial, orient. en Disc. Intelectual (<\/span><\/strong><span style=\"color: #993300;\"> 3\u00b0 y 4\u00b0 a\u00f1os<\/span><strong><span style=\"color: #993300;\">)<\/span><\/strong><\/h5>\n<h1 style=\"text-align: center;\">\u00a0<\/h1>\n<hr \/>\n<p><blockquote class=\"wp-embedded-content\" data-secret=\"NvzuJ5BEea\"><a href=\"https:\/\/insquitilipi-cha.infd.edu.ar\/sitio\/planes-de-estudio-dc\/\">PLANES DE ESTUDIO &#8211; DISE\u00d1OS CURRICULARES<\/a><\/blockquote><iframe class=\"wp-embedded-content\" sandbox=\"allow-scripts\" security=\"restricted\" style=\"position: absolute; clip: rect(1px, 1px, 1px, 1px);\" title=\"\u00abPLANES DE ESTUDIO &#8211; DISE\u00d1OS CURRICULARES\u00bb \u2014 INSTITUTO DE EDUCACI\u00d3N SUPERIOR &quot;JUAN JOS\u00c9 GUALBERTO PISARELLO&quot;\" src=\"https:\/\/insquitilipi-cha.infd.edu.ar\/sitio\/planes-de-estudio-dc\/embed\/#?secret=LWRerAXsZM#?secret=NvzuJ5BEea\" data-secret=\"NvzuJ5BEea\" width=\"600\" height=\"338\" frameborder=\"0\" marginwidth=\"0\" marginheight=\"0\" scrolling=\"no\"><\/iframe><\/p>\n<hr \/>\n<h3><a href=\"https:\/\/drive.google.com\/file\/d\/1DRqQDj8Z2tjYVYoW14OV2vK5uoq3MXJ9\/view?usp=sharing\" target=\"_blank\" rel=\"noopener\"><span style=\"color: #339966;\">Competencias de T\u00edtulos 1ro y 2do A\u00f1os<\/span><\/a><\/h3>\n<h3><a href=\"https:\/\/drive.google.com\/file\/d\/1t3vMn1h0ErQcogzRrZ4pEA7hm9rfIWh7\/view?usp=sharing\" target=\"_blank\" rel=\"noopener\"><span style=\"color: #339966;\">Competencias de T\u00edtulos 3ro, 4to y 5to A\u00f1os<\/span><\/a><\/h3>\n<p>\u00a0<\/p>","protected":false},"excerpt":{"rendered":"<p>INSCRIPCIONES INTERINATOS Y SUPLENCIAS PERIODO \u00abB\u00bb 2026 \u00a0 INSTRUCTIVO PARA INSCRIPCI\u00d3N A INTERINATOS Y SUPLENCIAS PERIODO B 2026 NUEVA RECTIFICACI\u00d3N\/ RATIFICACI\u00d3N DE INTERINATOS Y SUPLENCIAS \u00abPERIODO A\u00bb 2025 NOTA Y LINK DE RECTIFICACIONES Periodo \u00abA\u00bb\u00a0 \u00a0 RECTIFICACI\u00d3N\/ RATIFICACI\u00d3N DE INTERINATOS Y SUPLENCIAS \u00abPERIODO B\u00bb 2025 NOTA Y LINK DE RECTIFICACIONES Per\u00edodo B\u00a0 \u00a0 RECTIFICACI\u00d3N\/ RATIFICACI\u00d3N &#8230; <a title=\"INFORMACION PARA EL DOCENTE\" class=\"read-more\" href=\"https:\/\/insquitilipi-cha.infd.edu.ar\/sitio\/informacion-para-el-docente\/\" aria-label=\"More on INFORMACION PARA EL DOCENTE\">[+]<\/a><\/p>\n","protected":false},"author":921,"featured_media":0,"parent":0,"menu_order":0,"comment_status":"closed","ping_status":"closed","template":"","meta":[],"acf":[],"_links":{"self":[{"href":"https:\/\/insquitilipi-cha.infd.edu.ar\/sitio\/wp-json\/wp\/v2\/pages\/855"}],"collection":[{"href":"https:\/\/insquitilipi-cha.infd.edu.ar\/sitio\/wp-json\/wp\/v2\/pages"}],"about":[{"href":"https:\/\/insquitilipi-cha.infd.edu.ar\/sitio\/wp-json\/wp\/v2\/types\/page"}],"author":[{"embeddable":true,"href":"https:\/\/insquitilipi-cha.infd.edu.ar\/sitio\/wp-json\/wp\/v2\/users\/921"}],"replies":[{"embeddable":true,"href":"https:\/\/insquitilipi-cha.infd.edu.ar\/sitio\/wp-json\/wp\/v2\/comments?post=855"}],"version-history":[{"count":118,"href":"https:\/\/insquitilipi-cha.infd.edu.ar\/sitio\/wp-json\/wp\/v2\/pages\/855\/revisions"}],"predecessor-version":[{"id":4171,"href":"https:\/\/insquitilipi-cha.infd.edu.ar\/sitio\/wp-json\/wp\/v2\/pages\/855\/revisions\/4171"}],"wp:attachment":[{"href":"https:\/\/insquitilipi-cha.infd.edu.ar\/sitio\/wp-json\/wp\/v2\/media?parent=855"}],"curies":[{"name":"wp","href":"https:\/\/api.w.org\/{rel}","templated":true}]}}