{"id":861,"date":"2018-08-30T12:52:40","date_gmt":"2018-08-30T15:52:40","guid":{"rendered":"https:\/\/insquitilipi-cha.infd.edu.ar\/sitio\/cooperadora\/"},"modified":"2019-03-18T22:10:07","modified_gmt":"2019-03-19T01:10:07","slug":"cooperadora","status":"publish","type":"page","link":"https:\/\/insquitilipi-cha.infd.edu.ar\/sitio\/cooperadora\/","title":{"rendered":"COOPERADORA"},"content":{"rendered":"<h1 style=\"text-align: center;\"><span style=\"color: #0000ff;\">LLAMADO A LICITACI\u00d3N<\/span><\/h1>\n<h3>La Asociaci\u00f3n Cooperadora del Instituto de Educaci\u00f3n Superior \u00abJuan Jos\u00e9 Gualberto Pisarello\u00bb COMUNICA que se encuentra\u00a0abierta la <span style=\"color: #ff0000;\">LICITACI\u00d3N<\/span> para prestar el <span style=\"color: #ff0000;\">SERVICIO DE BUFET<\/span> en dicha instituci\u00f3n.<\/h3>\n<h3><strong><span style=\"color: #000000;\">Se recibir\u00e1n las ofertas por escrito en la <span style=\"color: #0000ff;\">Secretar\u00eda<\/span> de la instituci\u00f3n desde el <span style=\"color: #ff0000;\">18\/03\/2019 al 22\/03\/2019<\/span> desde las <span style=\"color: #ff0000;\">18:00<\/span> a las <span style=\"color: #ff0000;\">21:00<\/span>.<\/span><\/strong><\/h3>\n<p>&nbsp;<\/p>\n<p><span style=\"font-family: 'comic sans ms', sans-serif; font-size: 12pt;\">Reconocimiento MECCyT \u00a0<a href=\"https:\/\/insquitilipi-cha.infd.edu.ar\/aula\/archivos\/repositorio\/\/0\/175\/RESOLUCION-04929-17_Cooperadora.pdf\" target=\"_NEW\"><strong>RESOLUCION-04929-17_Cooperadora.pdf<\/strong><\/a><\/span><\/p>\n","protected":false},"excerpt":{"rendered":"<p>LLAMADO A LICITACI\u00d3N La Asociaci\u00f3n Cooperadora del Instituto de Educaci\u00f3n Superior \u00abJuan Jos\u00e9 Gualberto Pisarello\u00bb COMUNICA que se encuentra\u00a0abierta la LICITACI\u00d3N para prestar el SERVICIO DE BUFET en dicha instituci\u00f3n. Se recibir\u00e1n las ofertas por escrito en la Secretar\u00eda de la instituci\u00f3n desde el 18\/03\/2019 al 22\/03\/2019 desde las 18:00 a las 21:00. &nbsp; Reconocimiento &#8230; <a title=\"COOPERADORA\" class=\"read-more\" href=\"https:\/\/insquitilipi-cha.infd.edu.ar\/sitio\/cooperadora\/\" aria-label=\"More on COOPERADORA\">[+]<\/a><\/p>\n","protected":false},"author":921,"featured_media":0,"parent":0,"menu_order":0,"comment_status":"closed","ping_status":"closed","template":"","meta":[],"acf":[],"_links":{"self":[{"href":"https:\/\/insquitilipi-cha.infd.edu.ar\/sitio\/wp-json\/wp\/v2\/pages\/861"}],"collection":[{"href":"https:\/\/insquitilipi-cha.infd.edu.ar\/sitio\/wp-json\/wp\/v2\/pages"}],"about":[{"href":"https:\/\/insquitilipi-cha.infd.edu.ar\/sitio\/wp-json\/wp\/v2\/types\/page"}],"author":[{"embeddable":true,"href":"https:\/\/insquitilipi-cha.infd.edu.ar\/sitio\/wp-json\/wp\/v2\/users\/921"}],"replies":[{"embeddable":true,"href":"https:\/\/insquitilipi-cha.infd.edu.ar\/sitio\/wp-json\/wp\/v2\/comments?post=861"}],"version-history":[{"count":4,"href":"https:\/\/insquitilipi-cha.infd.edu.ar\/sitio\/wp-json\/wp\/v2\/pages\/861\/revisions"}],"predecessor-version":[{"id":1440,"href":"https:\/\/insquitilipi-cha.infd.edu.ar\/sitio\/wp-json\/wp\/v2\/pages\/861\/revisions\/1440"}],"wp:attachment":[{"href":"https:\/\/insquitilipi-cha.infd.edu.ar\/sitio\/wp-json\/wp\/v2\/media?parent=861"}],"curies":[{"name":"wp","href":"https:\/\/api.w.org\/{rel}","templated":true}]}}