{"id":877,"date":"2018-08-30T12:52:47","date_gmt":"2018-08-30T15:52:47","guid":{"rendered":"https:\/\/insquitilipi-cha.infd.edu.ar\/sitio\/autoridades\/"},"modified":"2025-10-20T20:12:17","modified_gmt":"2025-10-20T23:12:17","slug":"autoridades","status":"publish","type":"page","link":"https:\/\/insquitilipi-cha.infd.edu.ar\/sitio\/autoridades\/","title":{"rendered":"Autoridades"},"content":{"rendered":"<p style=\"text-align: center;\"><strong>\u00a0<\/strong><\/p>\n<h1 style=\"text-align: center;\" align=\"center\"><span style=\"font-size: 24.0pt; line-height: 107%; font-family: 'Arial Black',sans-serif; color: blue; background: white;\">AUTORIDADES<\/span><\/h1>\n<h2 style=\"text-align: left;\"><span style=\"font-family: 'comic sans ms', sans-serif; font-size: 12pt;\"><strong><span data-mce-mark=\"1\">Rectora:\u00a0<\/span>Lic. Laura Cecilia CAYR\u00c9<\/strong><\/span><\/h2>\n<p><span style=\"font-family: 'comic sans ms', sans-serif; font-size: 12pt;\"><strong>Vicerrector: Mg. Mario Rolando MOLINA<\/strong><\/span><\/p>\n<p><span style=\"font-family: 'comic sans ms', sans-serif; font-size: 12pt;\"><strong>Secretaria Acad\u00e9mica (Coordinadora Pedag\u00f3gica): Prof. Sonia Lurdes RADOVANCIC<\/strong><\/span><\/p>\n<h2><span style=\"font-family: 'comic sans ms', sans-serif; font-size: 12pt;\"><strong>Secretaria Administrativa:\u00a0<\/strong><\/span><span style=\"font-family: 'comic sans ms', sans-serif; font-size: 12pt;\"><strong>Prof. Miguel \u00c1ngel VEGA<\/strong><\/span><\/h2>\n<h2><span style=\"font-family: 'comic sans ms', sans-serif; font-size: 12pt;\"><strong>Prosecretario Administrativo: Prof. Juan Fortini<\/strong><\/span><\/h2>\n<h2 style=\"text-align: left;\"><span style=\"font-family: 'comic sans ms', sans-serif; font-size: 12pt;\"><span style=\"font-family: 'comic sans ms', sans-serif;\"><strong>Coordinadora de Carrera: Prof. Lidia Noem\u00ed K\u00dcKER<\/strong><\/span><\/span><\/h2>\n<p><span style=\"font-family: 'comic sans ms', sans-serif; font-size: 12pt;\">\u00a0<\/span><\/p>\n<p><span style=\"font-family: 'comic sans ms', sans-serif; font-size: 12pt;\">\u00a0<\/span><\/p>\n<div>\n<div>\n<p><span style=\"font-family: verdana, geneva; font-size: 10pt;\">\u00a0<\/span><\/p>\n<\/div>\n<\/div>\n<p><span style=\"font-family: verdana, geneva; font-size: 10pt;\">\u00a0<\/span><\/p>\n<p><span style=\"font-family: verdana, geneva; font-size: 10pt;\">\u00a0<\/span><\/p>\n","protected":false},"excerpt":{"rendered":"<p>\u00a0 AUTORIDADES Rectora:\u00a0Lic. Laura Cecilia CAYR\u00c9 Vicerrector: Mg. Mario Rolando MOLINA Secretaria Acad\u00e9mica (Coordinadora Pedag\u00f3gica): Prof. Sonia Lurdes RADOVANCIC Secretaria Administrativa:\u00a0Prof. Miguel \u00c1ngel VEGA Prosecretario Administrativo: Prof. Juan Fortini Coordinadora de Carrera: Prof. Lidia Noem\u00ed K\u00dcKER \u00a0 \u00a0 \u00a0 \u00a0 \u00a0<\/p>\n","protected":false},"author":921,"featured_media":0,"parent":0,"menu_order":0,"comment_status":"closed","ping_status":"closed","template":"","meta":[],"acf":[],"_links":{"self":[{"href":"https:\/\/insquitilipi-cha.infd.edu.ar\/sitio\/wp-json\/wp\/v2\/pages\/877"}],"collection":[{"href":"https:\/\/insquitilipi-cha.infd.edu.ar\/sitio\/wp-json\/wp\/v2\/pages"}],"about":[{"href":"https:\/\/insquitilipi-cha.infd.edu.ar\/sitio\/wp-json\/wp\/v2\/types\/page"}],"author":[{"embeddable":true,"href":"https:\/\/insquitilipi-cha.infd.edu.ar\/sitio\/wp-json\/wp\/v2\/users\/921"}],"replies":[{"embeddable":true,"href":"https:\/\/insquitilipi-cha.infd.edu.ar\/sitio\/wp-json\/wp\/v2\/comments?post=877"}],"version-history":[{"count":18,"href":"https:\/\/insquitilipi-cha.infd.edu.ar\/sitio\/wp-json\/wp\/v2\/pages\/877\/revisions"}],"predecessor-version":[{"id":3964,"href":"https:\/\/insquitilipi-cha.infd.edu.ar\/sitio\/wp-json\/wp\/v2\/pages\/877\/revisions\/3964"}],"wp:attachment":[{"href":"https:\/\/insquitilipi-cha.infd.edu.ar\/sitio\/wp-json\/wp\/v2\/media?parent=877"}],"curies":[{"name":"wp","href":"https:\/\/api.w.org\/{rel}","templated":true}]}}