{"id":888,"date":"2018-08-30T12:52:51","date_gmt":"2018-08-30T15:52:51","guid":{"rendered":"https:\/\/insquitilipi-cha.infd.edu.ar\/sitio\/planes-de-estudio\/"},"modified":"2025-12-03T20:30:49","modified_gmt":"2025-12-03T23:30:49","slug":"planes-de-estudio-dc","status":"publish","type":"page","link":"https:\/\/insquitilipi-cha.infd.edu.ar\/sitio\/planes-de-estudio-dc\/","title":{"rendered":"PLANES DE ESTUDIO &#8211; DISE\u00d1OS CURRICULARES"},"content":{"rendered":"\n<p><\/p>\n\n\n\n<p><\/p>\n\n\n\n<p class=\"has-white-color has-vivid-purple-background-color has-text-color has-background has-large-font-size\"><strong>DISE\u00d1OS CURRICULARES I.E.S. PISARELLO<\/strong><\/p>\n\n\n\n<div class=\"wp-block-group is-layout-flow\"><div class=\"wp-block-group__inner-container\">\n<div class=\"wp-block-columns is-layout-flex wp-container-2\">\n<div class=\"wp-block-column is-layout-flow\" style=\"flex-basis:100%\">\n<figure class=\"wp-block-table is-style-stripes\"><table class=\"has-background\" style=\"background-color:#e9fbe5\"><tbody><tr><td><strong><mark style=\"background-color:rgba(0, 0, 0, 0)\" class=\"has-inline-color has-luminous-vivid-orange-color\"><a rel=\"noreferrer noopener\" href=\"https:\/\/drive.google.com\/file\/d\/1qwVgaq7i_Ey_qnSZIAWHVwrYoueTHmLv\/view?usp=sharing\" target=\"_blank\">DISE\u00d1O CURRICULAR PROF. EN LENGUA Y LITERATURA<\/a><\/mark><\/strong> <strong>(4 a\u00f1os)<\/strong><\/td><td><\/td><\/tr><tr><td><strong><mark style=\"background-color:rgba(0, 0, 0, 0)\" class=\"has-inline-color has-luminous-vivid-orange-color\"><a rel=\"noreferrer noopener\" href=\"https:\/\/drive.google.com\/file\/d\/1vfajope33WmZpfPJYH7LqmM0NvOsLc8z\/view?usp=sharing\" target=\"_blank\">DISE\u00d1O CURRICULAR PROF. DE EDUCACI\u00d3N PRIMARIA<\/a><\/mark><\/strong> <strong>(4 a\u00f1os)<\/strong><\/td><td><\/td><\/tr><tr><td><mark style=\"background-color:rgba(0, 0, 0, 0)\" class=\"has-inline-color has-luminous-vivid-orange-color\"><strong><a rel=\"noreferrer noopener\" href=\"https:\/\/drive.google.com\/file\/d\/13t0uzxKRV1NGGGAD2mJK-9OVL6Vow3mE\/view?usp=sharing\" target=\"_blank\">DISE\u00d1O CURRICULAR PROF. EN QU\u00cdMICA<\/a><\/strong><\/mark> <strong>(4 a\u00f1os)<\/strong><\/td><td><\/td><\/tr><tr><td><strong><mark style=\"background-color:rgba(0, 0, 0, 0)\" class=\"has-inline-color has-luminous-vivid-orange-color\"><a href=\"https:\/\/insquitilipi-cha.infd.edu.ar\/sitio\/wp-content\/uploads\/2025\/07\/Resol-0277_17-DC-EDUC-FISICA-nuevo.pdf\" target=\"_blank\" rel=\"noreferrer noopener\">DISE\u00d1O CURRICULAR PROF. EDUC. F\u00cdSICA NUEVO<\/a><\/mark><\/strong> <strong>(5 a\u00f1os)<\/strong><\/td><td><\/td><\/tr><tr><td><strong><mark style=\"background-color:rgba(0, 0, 0, 0)\" class=\"has-inline-color has-luminous-vivid-orange-color\"><a rel=\"noreferrer noopener\" href=\"https:\/\/drive.google.com\/file\/d\/10gAnuI2kkX9rtDno_-g33ICj7-tc2v96\/view?usp=sharing\" target=\"_blank\">DISE\u00d1O CURRICULAR PROF. EN ARTES VISUALES<\/a><\/mark><\/strong> <strong>(5 a\u00f1os)<\/strong><\/td><td><\/td><\/tr><tr><td><strong><a rel=\"noreferrer noopener\" href=\"https:\/\/insquitilipi-cha.infd.edu.ar\/sitio\/wp-content\/uploads\/2022\/02\/RESOL-7494-14-Diseno-MUSICA.pdf\" target=\"_blank\">DISE\u00d1O CURRICULAR PROF. EN M\u00daSICA<\/a><\/strong> <strong>(5 a\u00f1os)<\/strong><\/td><td><\/td><\/tr><tr><td><strong><mark style=\"background-color:rgba(0, 0, 0, 0)\" class=\"has-inline-color has-luminous-vivid-orange-color\"><a rel=\"noreferrer noopener\" href=\"https:\/\/insquitilipi-cha.infd.edu.ar\/sitio\/wp-content\/uploads\/2022\/12\/RESOL-07591-14.pdf_Diseno-Dic-Intelectual.pdf\" target=\"_blank\">DISE\u00d1O CURRICULAR PROF. EDUC. ESPECIAL (Disc. Intelectual)<\/a><\/mark><\/strong> <strong>(4 a\u00f1os)<\/strong><\/td><td><\/td><\/tr><tr><td><strong><a rel=\"noreferrer noopener\" href=\"https:\/\/insquitilipi-cha.infd.edu.ar\/sitio\/wp-content\/uploads\/2025\/03\/RESOLUCION-06570-14-DISENO-CURRICULAR-BIOLOGIA.pdf\" target=\"_blank\">DISE\u00d1O CURRICULAR PROF. EN BIOLOG\u00cdA<\/a><\/strong> <strong>(4 a\u00f1os)<\/strong><\/td><td><\/td><\/tr><\/tbody><\/table><\/figure>\n<\/div>\n<\/div>\n\n\n\n<p><\/p>\n\n\n\n<p><\/p>\n<\/div><\/div>\n\n\n\n<h2 class=\"wp-block-heading Titulo_resaltado\"><span style=\"color: #0000ff;\"><em><span style=\"font-family: 'arial black', 'avant garde';\">PLANES DE ESTUDIO I. E. S. PISARELLO<\/span><\/em><\/span><\/h2>\n\n\n\n<div class=\"wp-block-group is-layout-flow\"><div class=\"wp-block-group__inner-container\">\n<figure class=\"wp-block-table alignleft is-style-stripes\"><table class=\"has-contrast-color has-text-color has-background\" style=\"background-color:#fcf0ef\"><tbody><tr><td><strong><span class=\"has-inline-color has-black-color\">Profesorado de Educaci\u00f3n Primaria (Plan viejo)<\/span><\/strong><\/td><td><a href=\"https:\/\/insquitilipi-cha.infd.edu.ar\/sitio\/wp-content\/uploads\/2025\/12\/Resol-4281-09-Plan-Estudios-PEP-viejo.pdf\" data-type=\"URL\" data-id=\"https:\/\/insquitilipi-cha.infd.edu.ar\/sitio\/wp-content\/uploads\/2025\/12\/Resol-4281-09-Plan-Estudios-PEP-viejo.pdf\" target=\"_blank\" rel=\"noreferrer noopener\"><strong style=\"font-size: inherit; font-family: inherit;\">PEP_Plan_Estudios_viejo.pdf<\/strong> <\/a><\/td><\/tr><tr><td><strong><span class=\"has-inline-color has-black-color\">Profesorado para la Educaci\u00f3n Secundaria en Qu\u00edmica (Plan viejo)<\/span><\/strong><\/td><td><strong style=\"font-size: inherit; font-family: inherit;\"><a href=\"https:\/\/insquitilipi-cha.infd.edu.ar\/sitio\/wp-content\/uploads\/2025\/12\/Resol-4279_09-Plan-Estudios-Quimica-viejo.pdf\">Quimica_Plan_Estudios_viejo.pdf<\/a><\/strong><\/td><\/tr><tr><td><strong><span class=\"has-inline-color has-black-color\">Profesorado para la Educaci\u00f3n Secundaria en Lengua y Literatura (Plan viejo)<\/span><\/strong><\/td><td> <a href=\"https:\/\/insquitilipi-cha.infd.edu.ar\/sitio\/wp-content\/uploads\/2025\/12\/Resol-4279_09-Plan-Estudios-Lengua-viejo.pdf\" target=\"_blank\" rel=\"noreferrer noopener\"><strong style=\"font-size: inherit; font-family: inherit;\">Lengua_y_Lit_Plan_Estudios_viejo.pdf<\/strong> <\/a><\/td><\/tr><tr><td><strong><span class=\"has-inline-color has-black-color\">Profesorado para la Educaci\u00f3n Primaria (Plan nuevo)<\/span><\/strong><\/td><td><a rel=\"noreferrer noopener\" href=\"https:\/\/insquitilipi-cha.infd.edu.ar\/sitio\/wp-content\/uploads\/2025\/12\/Resol-7594-14-Plan-Estudios-PEP-nuevo.pdf\" target=\"_blank\"><strong style=\"font-size: inherit; font-family: inherit;\">PEP_Plan_Estudios_nuevo.pdf<\/strong><\/a> <\/td><\/tr><tr><td><strong><span class=\"has-inline-color has-black-color\">Profesorado de Educaci\u00f3n Secundaria en Qu\u00edmica (Plan nuevo)<\/span><\/strong><\/td><td><a href=\"https:\/\/insquitilipi-cha.infd.edu.ar\/sitio\/wp-content\/uploads\/2025\/12\/Resol-7610_14-Plan-Estudios-Quimica-nuevo.pdf\" target=\"_blank\" rel=\"noreferrer noopener\"><strong style=\"font-size: inherit; font-family: inherit;\">Quimica_Plan_Estudios_nuevo.pdf<\/strong> <\/a><\/td><\/tr><tr><td><strong><span class=\"has-inline-color has-black-color\">Profesorado para la Educaci\u00f3n Secundaria en Lengua y Literatura (Plan nuevo_modif)<\/span><\/strong><\/td><td><a href=\"https:\/\/insquitilipi-cha.infd.edu.ar\/sitio\/wp-content\/uploads\/2022\/04\/RESOL_2579_17-Plan-Lengua-Modif.pdf\" target=\"_blank\" rel=\"noreferrer noopener\"><strong style=\"font-size: inherit; font-family: inherit;\">Lengua_y_Lit_Plan_Estudios_nuevo.pdf<\/strong> <\/a><\/td><\/tr><tr><td><strong><span class=\"has-inline-color has-black-color\">Profesorado de Educaci\u00f3n Superior en Artes Visuales (Pintura)<\/span><\/strong><\/td><td><strong style=\"font-size: inherit; font-family: inherit;\"><a href=\"https:\/\/insquitilipi-cha.infd.edu.ar\/sitio\/wp-content\/uploads\/2025\/12\/Resol-7603-14-AV-Plan-Estudios.pdf\" target=\"_blank\" rel=\"noreferrer noopener\">Artes_Visuales_Plan_Estudios.pdf<\/a><\/strong> <\/td><\/tr><tr><td><strong><span class=\"has-inline-color has-black-color\">Profesorado de Educaci\u00f3n Superior en Educaci\u00f3n F\u00edsica<\/span><\/strong><\/td><td><strong style=\"font-size: inherit; font-family: inherit;\"><a href=\"https:\/\/insquitilipi-cha.infd.edu.ar\/sitio\/wp-content\/uploads\/2025\/12\/Resol-7593_14-Plan-Estudios-EF-viejo.pdf\">Educacion_Fisica_Plan_Estudios.pdf<\/a><\/strong> <\/td><\/tr><tr><td><strong><span class=\"has-inline-color has-black-color\">Profesorado de Educaci\u00f3n Superior en educaci\u00f3n F\u00edsica (Plan 2017)<\/span><\/strong><\/td><td><a href=\"https:\/\/insquitilipi-cha.infd.edu.ar\/sitio\/wp-content\/uploads\/2025\/12\/Resol-1941_17-Plan-Estudios-EF-nuevo.pdf\" target=\"_blank\" rel=\"noreferrer noopener\"><strong style=\"font-size: inherit; font-family: inherit;\">PLAN_DE_ESTUDIOS_ED_FCA2017.pdf<\/strong> <\/a><\/td><\/tr><tr><td><strong><span class=\"has-inline-color has-black-color\">Profesorado para la Educaci\u00f3n Inicial<\/span><\/strong><\/td><td><a href=\"https:\/\/insquitilipi-cha.infd.edu.ar\/sitio\/wp-content\/uploads\/2025\/12\/Resol-7595-14-Plan-Estudios-PEI.pdf\" target=\"_blank\" rel=\"noreferrer noopener\"><strong style=\"font-size: inherit; font-family: inherit;\">PEI_Plan_Estudios.pdf<\/strong> <\/a><\/td><\/tr><tr><td><strong><span class=\"has-inline-color has-black-color\">Profesorado para la Educaci\u00f3n Secundaria en F\u00edsica<\/span><\/strong><\/td><td><a rel=\"noreferrer noopener\" href=\"https:\/\/insquitilipi-cha.infd.edu.ar\/sitio\/wp-content\/uploads\/2021\/11\/RES.-00858-17-MOD.-PLAN-ESTUDIOS-FISICA.pdf\" target=\"_blank\"><strong>Prof. F\u00edsica_Plan_Estud<\/strong>i<strong>os modif.pdf<\/strong><\/a><\/td><\/tr><tr><td><strong><span class=\"has-inline-color has-black-color\">Profesorado de Educaci\u00f3n Superior en M\u00fasica<\/span><\/strong><\/td><td><strong><a href=\"https:\/\/insquitilipi-cha.infd.edu.ar\/sitio\/wp-content\/uploads\/2022\/02\/RESOL-7596-14-PLAN-DE-ESTUDIOS-MUSICA.pdf\" target=\"_blank\" rel=\"noreferrer noopener\">Prof. M\u00fasica Plan_Estudios<\/a><\/strong><br><\/td><\/tr><tr><td><strong>Profesorado de Educaci\u00f3n Especial orient. en Disc. Intelectual<\/strong><\/td><td><strong><a href=\"https:\/\/insquitilipi-cha.infd.edu.ar\/sitio\/wp-content\/uploads\/2022\/12\/RESOL-07629-14.pdf_Plan-Dic-Intelectual.pdf\" target=\"_blank\" rel=\"noreferrer noopener\">Prof. Educ Especial_Plan<\/a><\/strong><\/td><\/tr><tr><td><strong><mark style=\"background-color:rgba(0, 0, 0, 0)\" class=\"has-inline-color has-black-color\">Profesorado para la Educaci\u00f3n Secundaria en<\/mark><\/strong> <strong>Biolog\u00eda<\/strong><\/td><td><strong><a href=\"https:\/\/insquitilipi-cha.infd.edu.ar\/sitio\/wp-content\/uploads\/2025\/03\/RESOLUCION-07611-14.pdf-PLAN-DE-ESTUDIOS-Biologia.pdf\" target=\"_blank\" rel=\"noreferrer noopener\">Prof. de Biolog\u00eda<\/a><\/strong><\/td><\/tr><\/tbody><\/table><\/figure>\n<\/div><\/div>\n\n\n\n<p><\/p>\n\n\n\n<p><\/p>\n","protected":false},"excerpt":{"rendered":"<p>DISE\u00d1OS CURRICULARES I.E.S. PISARELLO DISE\u00d1O CURRICULAR PROF. EN LENGUA Y LITERATURA (4 a\u00f1os) DISE\u00d1O CURRICULAR PROF. DE EDUCACI\u00d3N PRIMARIA (4 a\u00f1os) DISE\u00d1O CURRICULAR PROF. EN QU\u00cdMICA (4 a\u00f1os) DISE\u00d1O CURRICULAR PROF. EDUC. F\u00cdSICA NUEVO (5 a\u00f1os) DISE\u00d1O CURRICULAR PROF. EN ARTES VISUALES (5 a\u00f1os) DISE\u00d1O CURRICULAR PROF. EN M\u00daSICA (5 a\u00f1os) DISE\u00d1O CURRICULAR PROF. EDUC. &#8230; <a title=\"PLANES DE ESTUDIO &#8211; DISE\u00d1OS CURRICULARES\" class=\"read-more\" href=\"https:\/\/insquitilipi-cha.infd.edu.ar\/sitio\/planes-de-estudio-dc\/\" aria-label=\"More on PLANES DE ESTUDIO &#8211; DISE\u00d1OS CURRICULARES\">[+]<\/a><\/p>\n","protected":false},"author":921,"featured_media":0,"parent":0,"menu_order":0,"comment_status":"closed","ping_status":"closed","template":"","meta":[],"acf":[],"_links":{"self":[{"href":"https:\/\/insquitilipi-cha.infd.edu.ar\/sitio\/wp-json\/wp\/v2\/pages\/888"}],"collection":[{"href":"https:\/\/insquitilipi-cha.infd.edu.ar\/sitio\/wp-json\/wp\/v2\/pages"}],"about":[{"href":"https:\/\/insquitilipi-cha.infd.edu.ar\/sitio\/wp-json\/wp\/v2\/types\/page"}],"author":[{"embeddable":true,"href":"https:\/\/insquitilipi-cha.infd.edu.ar\/sitio\/wp-json\/wp\/v2\/users\/921"}],"replies":[{"embeddable":true,"href":"https:\/\/insquitilipi-cha.infd.edu.ar\/sitio\/wp-json\/wp\/v2\/comments?post=888"}],"version-history":[{"count":83,"href":"https:\/\/insquitilipi-cha.infd.edu.ar\/sitio\/wp-json\/wp\/v2\/pages\/888\/revisions"}],"predecessor-version":[{"id":4071,"href":"https:\/\/insquitilipi-cha.infd.edu.ar\/sitio\/wp-json\/wp\/v2\/pages\/888\/revisions\/4071"}],"wp:attachment":[{"href":"https:\/\/insquitilipi-cha.infd.edu.ar\/sitio\/wp-json\/wp\/v2\/media?parent=888"}],"curies":[{"name":"wp","href":"https:\/\/api.w.org\/{rel}","templated":true}]}}