{"id":890,"date":"2018-08-30T12:52:52","date_gmt":"2018-08-30T15:52:52","guid":{"rendered":"https:\/\/insquitilipi-cha.infd.edu.ar\/sitio\/correlatividades\/"},"modified":"2025-03-31T22:49:30","modified_gmt":"2025-04-01T01:49:30","slug":"correlatividades","status":"publish","type":"page","link":"https:\/\/insquitilipi-cha.infd.edu.ar\/sitio\/correlatividades\/","title":{"rendered":"CORRELATIVIDADES"},"content":{"rendered":"<h1 style=\"text-align: center;\">CORRELATIVIDADES CARRERAS I. E. S. PISARELLO<\/h1>\n<p><span style=\"font-size: 12pt; color: #000000;\"><strong><span style=\"font-family: arial, helvetica, sans-serif;\">Duraci\u00f3n de Regularidad\u00a0 \u00a0&#8212; <span style=\"font-size: 12pt;\"><a href=\"https:\/\/insquitilipi-cha.infd.edu.ar\/aula\/archivos\/repositorio\/\/0\/38\/RESOLUCION-08924-12-Regularidad.pdf\" target=\"_NEW\" rel=\"noopener\">RESOLUCION-08924-12-Regularidad.pdf<\/a><\/span><\/span><\/strong><\/span><\/p>\n<table style=\"width: 621px; height: 1386px;\" border=\"0\" align=\"left\">\n<tbody>\n<tr style=\"height: 18px; background-color: #b5f5e3;\" align=\"left\" valign=\"middle\">\n<td class=\"Resaltado1\" style=\"height: 18px; width: 250px; background-color: #cef1ec; border: 1px solid #1d1da4;\" scope=\"rowgroup\" align=\"left\" valign=\"middle\"><span style=\"font-size: 12pt; color: #000000;\"><strong><span style=\"font-family: arial, helvetica, sans-serif;\">\u00a0Profesorado para la Educaci\u00f3n Secundaria en Biolog\u00eda\u00a0<\/span><\/strong><\/span><\/td>\n<td class=\"Resaltado1\" style=\"height: 18px; width: 250px; background-color: #cef1ec; border: 1px solid #1d1da4;\" scope=\"rowgroup\" align=\"left\" valign=\"middle\"><strong><a href=\"https:\/\/insquitilipi-cha.infd.edu.ar\/sitio\/wp-content\/uploads\/2025\/03\/RESOLUCION-02659-16-CORRELATIVIDADES-Biologia.pdf\" target=\"_blank\" rel=\"noopener\">RESOLUCION-02659-16 CORRELATIVIDADES Biologia<\/a><\/strong><\/td>\n<\/tr>\n<tr style=\"height: 18px; background-color: #b5f5e3;\" align=\"left\" valign=\"middle\">\n<td class=\"Resaltado1\" style=\"height: 18px; width: 250px; background-color: #cef1ec; border: 1px solid #1d1da4;\" scope=\"rowgroup\" align=\"left\" valign=\"middle\"><span style=\"font-size: 12pt; color: #000000;\"><strong><span style=\"font-family: arial, helvetica, sans-serif;\">Profesorado de Educaci\u00f3n Primaria (Plan viejo)<\/span><\/strong><\/span><\/td>\n<td class=\"Resaltado1\" style=\"height: 18px; width: 250px; background-color: #cef1ec; border: 1px solid #1d1da4;\" scope=\"rowgroup\" align=\"left\" valign=\"middle\"><span style=\"font-size: 12pt;\"><strong><span style=\"font-family: arial, helvetica, sans-serif;\">\u00a0<a href=\"https:\/\/insquitilipi-cha.infd.edu.ar\/aula\/archivos\/repositorio\/\/0\/29\/Resol._N8801Correlatividades_Prof._Educ._Primaria-Plan_viejo.pdf\" target=\"_NEW\" rel=\"noopener\">Resol._N8801Correlatividades_Prof._Educ._Primaria-Plan_viejo.pdf<\/a><\/span><\/strong><\/span>\n<p>\u00a0<\/p>\n<p><span style=\"font-size: 12pt;\"><strong><span style=\"font-family: arial, helvetica, sans-serif;\"><a href=\"https:\/\/insquitilipi-cha.infd.edu.ar\/aula\/archivos\/repositorio\/\/0\/42\/RESOLUCION-N-06530-13_Correlat_Resid_PEP.pdf\" target=\"_NEW\" rel=\"noopener\">RESOLUCION-N-06530-13_Correlat_Resid_PEP.pdf<\/a><\/span><\/strong><\/span><\/p>\n<\/td>\n<\/tr>\n<tr style=\"height: 18px; background-color: #b5f5e3;\" align=\"left\" valign=\"middle\">\n<td class=\"Resaltado1\" style=\"height: 18px; width: 250px; background-color: #cef1ec; border: 1px solid #1d1da4;\" scope=\"rowgroup\" align=\"left\" valign=\"middle\"><span style=\"font-size: 12pt; color: #000000;\"><strong><span style=\"font-family: arial, helvetica, sans-serif;\">\u00a0Profesorado para la Educaci\u00f3n Secundaria en Qu\u00edmica\u00a0(Plan viejo)<\/span><\/strong><\/span><\/td>\n<td class=\"Resaltado1\" style=\"height: 18px; width: 250px; background-color: #cef1ec; border: 1px solid #1d1da4;\" scope=\"rowgroup\" align=\"left\" valign=\"middle\"><span style=\"font-size: 12pt;\"><strong><span style=\"font-family: arial, helvetica, sans-serif;\">\u00a0<a href=\"https:\/\/insquitilipi-cha.infd.edu.ar\/aula\/archivos\/repositorio\/\/0\/37\/RESOLUCION-08260-11_Reg_Correlat_Viejos.pdf\" target=\"_NEW\" rel=\"noopener\">RESOLUCION-08260-11_Reg_Correlat_Viejos.pdf<\/a><\/span><\/strong><\/span><\/td>\n<\/tr>\n<tr style=\"height: 18px; background-color: #b5f5e3;\" align=\"left\" valign=\"middle\">\n<td class=\"Resaltado1\" style=\"height: 18px; width: 250px; background-color: #cef1ec; border: 1px solid #1d1da4;\" scope=\"rowgroup\" align=\"left\" valign=\"middle\"><span style=\"font-size: 12pt; color: #000000;\"><strong><span style=\"font-family: arial, helvetica, sans-serif;\">\u00a0Profesorado para la Educaci\u00f3n Secundaria en Lengua y Literatura (Plan viejo)<\/span><\/strong><\/span><\/td>\n<td class=\"Resaltado1\" style=\"height: 18px; width: 250px; background-color: #cef1ec; border: 1px solid #1d1da4;\" scope=\"rowgroup\" align=\"left\" valign=\"middle\"><span style=\"font-size: 12pt;\"><strong><span style=\"font-family: arial, helvetica, sans-serif;\">\u00a0<a href=\"https:\/\/insquitilipi-cha.infd.edu.ar\/aula\/archivos\/repositorio\/\/0\/37\/RESOLUCION-08260-11_Reg_Correlat_Viejos.pdf\" target=\"_NEW\" rel=\"noopener\">RESOLUCION-08260-11_Reg_Correlat_Viejos.pdf<\/a><\/span><\/strong><\/span><\/td>\n<\/tr>\n<tr style=\"height: 18px; background-color: #b5f5e3;\" align=\"left\" valign=\"middle\">\n<td class=\"Resaltado1\" style=\"height: 18px; width: 250px; background-color: #cef1ec; border: 1px solid #1d1da4;\" scope=\"rowgroup\" align=\"left\" valign=\"middle\"><span style=\"font-size: 12pt; color: #000000;\"><strong><span style=\"font-family: arial, helvetica, sans-serif;\">\u00a0\u00a0Profesorado para la Educaci\u00f3n Primaria (Plan nuevo)<\/span><\/strong><\/span><\/td>\n<td class=\"Resaltado1\" style=\"height: 18px; width: 250px; background-color: #cef1ec; border: 1px solid #1d1da4;\" scope=\"rowgroup\" align=\"left\" valign=\"middle\"><span style=\"font-size: 12pt;\"><strong><span style=\"font-family: arial, helvetica, sans-serif;\">\u00a0<a href=\"https:\/\/insquitilipi-cha.infd.edu.ar\/aula\/archivos\/repositorio\/\/0\/35\/RESOLUCION-02025-16-Primario.pdf\" target=\"_NEW\" rel=\"noopener\">RESOLUCION-02025-16-Primario.pdf<\/a><\/span><\/strong><\/span><\/td>\n<\/tr>\n<tr style=\"height: 18px; background-color: #b5f5e3;\" align=\"left\" valign=\"middle\">\n<td class=\"Resaltado1\" style=\"height: 18px; width: 250px; background-color: #cef1ec; border: 1px solid #1d1da4;\" scope=\"rowgroup\" align=\"left\" valign=\"middle\"><span style=\"font-size: 12pt; color: #000000;\"><strong><span style=\"font-family: arial, helvetica, sans-serif;\">\u00a0Profesorado de Educaci\u00f3n Secundaria en Qu\u00edmica\u00a0(Plan nuevo)<\/span><\/strong><\/span><\/td>\n<td class=\"Resaltado1\" style=\"height: 18px; width: 250px; background-color: #cef1ec; border: 1px solid #1d1da4;\" scope=\"rowgroup\" align=\"left\" valign=\"middle\"><span style=\"font-size: 12pt;\"><strong><span style=\"font-family: arial, helvetica, sans-serif;\">\u00a0<a href=\"https:\/\/insquitilipi-cha.infd.edu.ar\/aula\/archivos\/repositorio\/\/0\/31\/RESOLUCION-02031-16-Quimica.pdf\" target=\"_NEW\" rel=\"noopener\">RESOLUCION-02031-16-Quimica.pdf<\/a><\/span><\/strong><\/span><\/td>\n<\/tr>\n<tr style=\"height: 18px; background-color: #b5f5e3;\" align=\"left\" valign=\"middle\">\n<td class=\"Resaltado1\" style=\"height: 18px; width: 250px; background-color: #cef1ec; border: 1px solid #1d1da4;\" scope=\"rowgroup\" align=\"left\" valign=\"middle\"><span style=\"font-size: 12pt; color: #000000;\"><strong><span style=\"font-family: arial, helvetica, sans-serif;\">\u00a0\u00a0Profesorado para la Educaci\u00f3n Secundaria en Lengua y Literatura (Plan nuevo)<\/span><\/strong><\/span><\/td>\n<td class=\"Resaltado1\" style=\"height: 18px; width: 250px; background-color: #cef1ec; border: 1px solid #1d1da4;\" scope=\"rowgroup\" align=\"left\" valign=\"middle\"><span style=\"font-size: 12pt;\"><strong><span style=\"font-family: arial, helvetica, sans-serif;\">\u00a0<a href=\"https:\/\/insquitilipi-cha.infd.edu.ar\/aula\/archivos\/repositorio\/\/0\/34\/RESOLUCION-02033-16-Lengua_Literatura.pdf\" target=\"_NEW\" rel=\"noopener\">RESOLUCION-02033-16-Lengua_Literatura.pdf<\/a><\/span><\/strong><\/span>\n<p>\u00a0<\/p>\n<h4><strong><span style=\"color: #993300;\"><em>MODIF<\/em>:<\/span>\u00a0<span style=\"color: #ff0000;\"><a style=\"color: #ff0000;\" href=\"https:\/\/insquitilipi-cha.infd.edu.ar\/sitio\/wp-content\/uploads\/2022\/03\/Resol-7758-17-Nuevas-Correl-Lengua.pdf\" target=\"_blank\" rel=\"noopener\">Resol Lengua modif. 2017<\/a><\/span><\/strong><\/h4>\n<\/td>\n<\/tr>\n<tr style=\"height: 18px; background-color: #b5f5e3;\" align=\"left\" valign=\"middle\">\n<td class=\"Resaltado1\" style=\"height: 18px; width: 250px; background-color: #cef1ec; border: 1px solid #1d1da4;\" scope=\"rowgroup\" align=\"left\" valign=\"middle\"><span style=\"font-size: 12pt; color: #000000;\"><strong><span style=\"font-family: arial, helvetica, sans-serif;\">\u00a0Profesorado de Educaci\u00f3n Superior en Artes Visuales (Pintura)<\/span><\/strong><\/span><\/td>\n<td class=\"Resaltado1\" style=\"height: 18px; width: 250px; background-color: #cef1ec; border: 1px solid #1d1da4;\" scope=\"rowgroup\" align=\"left\" valign=\"middle\"><span style=\"font-size: 12pt;\"><strong><span style=\"font-family: arial, helvetica, sans-serif;\">\u00a0<a href=\"https:\/\/insquitilipi-cha.infd.edu.ar\/aula\/archivos\/repositorio\/\/0\/32\/RESOLUCION-02027-16-Artes_Visuales_Pintura.pdf\" target=\"_NEW\" rel=\"noopener\">RESOLUCION-02027-16-Artes_Visuales_Pintura.pdf<\/a><\/span><\/strong><\/span><\/td>\n<\/tr>\n<tr style=\"height: 18px; background-color: #b5f5e3;\" align=\"left\" valign=\"middle\">\n<td class=\"Resaltado1\" style=\"height: 18px; width: 250px; background-color: #cef1ec; border: 1px solid #1d1da4;\" scope=\"rowgroup\" align=\"left\" valign=\"middle\"><span style=\"font-size: 12pt; color: #000000;\"><strong><span style=\"font-family: arial, helvetica, sans-serif;\">\u00a0Profesorado de Educaci\u00f3n Superior en Educaci\u00f3n F\u00edsica\u00a0<\/span><\/strong><\/span><\/td>\n<td class=\"Resaltado1\" style=\"height: 18px; width: 250px; background-color: #cef1ec; border: 1px solid #1d1da4;\" scope=\"rowgroup\" align=\"left\" valign=\"middle\"><span style=\"font-size: 12pt;\"><strong><span style=\"font-family: arial, helvetica, sans-serif;\">\u00a0<a href=\"https:\/\/insquitilipi-cha.infd.edu.ar\/aula\/archivos\/repositorio\/\/0\/39\/Resol._N_2656_Correlatividades_Prof_Educ_Fisica.pdf\" target=\"_NEW\" rel=\"noopener\">Resol._N_2656_Correlatividades_Prof_Educ_Fisica.pdf<\/a><\/span><\/strong><\/span>\n<p>\u00a0<\/p>\n<p><strong><a href=\"https:\/\/insquitilipi-cha.infd.edu.ar\/sitio\/wp-content\/uploads\/2020\/06\/Res.6945-R\u00e9gimen-de-correlatividades-E.F..pdf\">Res.6945 R\u00e9gimen de correlatividades E.F.<\/a><\/strong><\/p>\n<\/td>\n<\/tr>\n<tr style=\"height: 18px; background-color: #b5f5e3;\" align=\"left\" valign=\"middle\">\n<td class=\"Resaltado1\" style=\"height: 18px; width: 250px; background-color: #cef1ec; border: 1px solid #1d1da4;\" scope=\"rowgroup\" align=\"left\" valign=\"middle\"><span style=\"font-size: 12pt; color: #000000;\"><strong><span style=\"font-family: arial, helvetica, sans-serif;\">Profesorado de Educaci\u00f3n Especial (orient. Disc. Intelectual)<\/span><\/strong><\/span><\/td>\n<td class=\"Resaltado1\" style=\"height: 18px; width: 250px; background-color: #cef1ec; border: 1px solid #1d1da4;\" scope=\"rowgroup\" align=\"left\" valign=\"middle\"><a href=\"https:\/\/insquitilipi-cha.infd.edu.ar\/sitio\/wp-content\/uploads\/2022\/12\/RESOL-04506-16_Correlat-Disc-Intelectual.pdf\" target=\"_blank\" rel=\"noopener\"><strong>RESOL-04506-16_Correlat Disc Intelectual<\/strong><\/a><\/td>\n<\/tr>\n<tr style=\"height: 18px; background-color: #b5f5e3;\" align=\"left\" valign=\"middle\">\n<td class=\"Resaltado1\" style=\"height: 18px; width: 250px; background-color: #cef1ec; border: 1px solid #1d1da4;\" scope=\"rowgroup\" align=\"left\" valign=\"middle\"><span style=\"font-size: 12pt; color: #000000;\"><strong><span style=\"font-family: arial, helvetica, sans-serif;\">Profesorado de Educaci\u00f3n Superior en M\u00fasica<\/span><\/strong><\/span><\/td>\n<td class=\"Resaltado1\" style=\"height: 18px; width: 250px; background-color: #cef1ec; border: 1px solid #1d1da4;\" scope=\"rowgroup\" align=\"left\" valign=\"middle\">\n<p><a href=\"https:\/\/insquitilipi-cha.infd.edu.ar\/sitio\/wp-content\/uploads\/2022\/04\/Resol-04489_16-Correlat-Musica.pdf\" target=\"_blank\" rel=\"noopener\"><span style=\"font-size: 12pt;\"><strong><span style=\"font-family: arial, helvetica, sans-serif;\">RESOLUCION-04489_16-MUSICA.pdf<\/span><\/strong><\/span><\/a><\/p>\n<\/td>\n<\/tr>\n<\/tbody>\n<\/table>\n\n\n<p><\/p>\n","protected":false},"excerpt":{"rendered":"<p>CORRELATIVIDADES CARRERAS I. E. S. PISARELLO Duraci\u00f3n de Regularidad\u00a0 \u00a0&#8212; RESOLUCION-08924-12-Regularidad.pdf \u00a0Profesorado para la Educaci\u00f3n Secundaria en Biolog\u00eda\u00a0 RESOLUCION-02659-16 CORRELATIVIDADES Biologia Profesorado de Educaci\u00f3n Primaria (Plan viejo) \u00a0Resol._N8801Correlatividades_Prof._Educ._Primaria-Plan_viejo.pdf \u00a0 RESOLUCION-N-06530-13_Correlat_Resid_PEP.pdf \u00a0Profesorado para la Educaci\u00f3n Secundaria en Qu\u00edmica\u00a0(Plan viejo) \u00a0RESOLUCION-08260-11_Reg_Correlat_Viejos.pdf \u00a0Profesorado para la Educaci\u00f3n Secundaria en Lengua y Literatura (Plan viejo) \u00a0RESOLUCION-08260-11_Reg_Correlat_Viejos.pdf \u00a0\u00a0Profesorado para la Educaci\u00f3n &#8230; <a title=\"CORRELATIVIDADES\" class=\"read-more\" href=\"https:\/\/insquitilipi-cha.infd.edu.ar\/sitio\/correlatividades\/\" aria-label=\"More on CORRELATIVIDADES\">[+]<\/a><\/p>\n","protected":false},"author":921,"featured_media":0,"parent":0,"menu_order":0,"comment_status":"closed","ping_status":"closed","template":"","meta":[],"acf":[],"_links":{"self":[{"href":"https:\/\/insquitilipi-cha.infd.edu.ar\/sitio\/wp-json\/wp\/v2\/pages\/890"}],"collection":[{"href":"https:\/\/insquitilipi-cha.infd.edu.ar\/sitio\/wp-json\/wp\/v2\/pages"}],"about":[{"href":"https:\/\/insquitilipi-cha.infd.edu.ar\/sitio\/wp-json\/wp\/v2\/types\/page"}],"author":[{"embeddable":true,"href":"https:\/\/insquitilipi-cha.infd.edu.ar\/sitio\/wp-json\/wp\/v2\/users\/921"}],"replies":[{"embeddable":true,"href":"https:\/\/insquitilipi-cha.infd.edu.ar\/sitio\/wp-json\/wp\/v2\/comments?post=890"}],"version-history":[{"count":8,"href":"https:\/\/insquitilipi-cha.infd.edu.ar\/sitio\/wp-json\/wp\/v2\/pages\/890\/revisions"}],"predecessor-version":[{"id":3850,"href":"https:\/\/insquitilipi-cha.infd.edu.ar\/sitio\/wp-json\/wp\/v2\/pages\/890\/revisions\/3850"}],"wp:attachment":[{"href":"https:\/\/insquitilipi-cha.infd.edu.ar\/sitio\/wp-json\/wp\/v2\/media?parent=890"}],"curies":[{"name":"wp","href":"https:\/\/api.w.org\/{rel}","templated":true}]}}