{"id":892,"date":"2018-08-30T12:52:52","date_gmt":"2018-08-30T15:52:52","guid":{"rendered":"https:\/\/insquitilipi-cha.infd.edu.ar\/sitio\/mesas-reprogramadas\/"},"modified":"2026-03-17T18:21:16","modified_gmt":"2026-03-17T21:21:16","slug":"propedeutico","status":"publish","type":"page","link":"https:\/\/insquitilipi-cha.infd.edu.ar\/sitio\/propedeutico\/","title":{"rendered":"TALLER PROPED\u00c9UTICO 2026"},"content":{"rendered":"<h1><img decoding=\"async\" loading=\"lazy\" class=\"alignnone  wp-image-4139\" src=\"https:\/\/insquitilipi-cha.infd.edu.ar\/sitio\/wp-content\/uploads\/2026\/03\/Proped_2026.jpg\" alt=\"\" width=\"737\" height=\"553\" srcset=\"https:\/\/insquitilipi-cha.infd.edu.ar\/sitio\/wp-content\/uploads\/2026\/03\/Proped_2026.jpg 960w, https:\/\/insquitilipi-cha.infd.edu.ar\/sitio\/wp-content\/uploads\/2026\/03\/Proped_2026-768x576.jpg 768w\" sizes=\"(max-width: 737px) 100vw, 737px\" \/><\/h1>\n<h1>\u00a0<\/h1>\n<h1 style=\"text-align: center;\"><span style=\"font-family: 'arial black', 'avant garde'; color: #ff6600;\">TALLERES PROPED\u00c9UTICOS 2026<\/span><\/h1>\n<h4>Los Talleres Proped\u00e9uticos de todas las carreras se dictar\u00e1n a partir del <strong><span style=\"color: #ff0000;\">LUNES 16 de marzo <span style=\"color: #000000;\">hasta el<\/span> VIERNES 03 de abril.<\/span><\/strong><\/h4>\n<h4>La modalidad es de <span style=\"color: #ff0000;\">CURSADO OBLIGATORIO PRESENCIAL<\/span>. <span style=\"color: #ff00ff;\">TODOS LOS INTERESADOS EN INGRESAR EN 2026 DEBEN CURSARLO<\/span>, tambi\u00e9n aquellos que a\u00fan no hayan terminado su Inscripci\u00f3n. Tambi\u00e9n aquellos mayores de 25 a\u00f1os que no culminaron el nivel secundario.<\/h4>\n<hr \/>\n<h2><span style=\"color: #ff6600;\">CUADERNILLOS<\/span><\/h2>\n<ul>\n<li>\n<h4><a href=\"https:\/\/insquitilipi-cha.infd.edu.ar\/sitio\/wp-content\/uploads\/2026\/03\/Propedeutico-PEP-2026.pdf\" target=\"_blank\" rel=\"noopener\">Curso Proped\u00e9utico Prof. Primaria 2026 &#8211; Cuadernillo<\/a><\/h4>\n<\/li>\n<li>\n<h4><a href=\"https:\/\/insquitilipi-cha.infd.edu.ar\/sitio\/wp-content\/uploads\/2026\/03\/Propedeutico-PESLyL-2026.pdf\" target=\"_blank\" rel=\"noopener\">Curso Proped\u00e9utico Prof. Lengua y Literatura 2026 &#8211; Cuadernillo<\/a><\/h4>\n<\/li>\n<li>\n<h4><a href=\"https:\/\/insquitilipi-cha.infd.edu.ar\/sitio\/wp-content\/uploads\/2026\/03\/Propedeutico-PESAV-2026.pdf\" target=\"_blank\" rel=\"noopener\">Curso Proped\u00e9utico Prof. Artes Visuales\u00a0 2026 &#8211; Cuadernillo<\/a><\/h4>\n<\/li>\n<li>\n<h4><a href=\"https:\/\/insquitilipi-cha.infd.edu.ar\/sitio\/wp-content\/uploads\/2026\/03\/Propedeutico-PESEF-2026.pdf\" target=\"_blank\" rel=\"noopener\">Curso Proped\u00e9utico Prof. Educ. F\u00edsica 2026 &#8211; Cuadernillo<\/a><\/h4>\n<\/li>\n<li>\n<h4><a href=\"https:\/\/insquitilipi-cha.infd.edu.ar\/sitio\/wp-content\/uploads\/2026\/03\/Propedeutico-PESB-2026.pdf\" target=\"_blank\" rel=\"noopener\">Curso Proped\u00e9utico &#8211; Prof. Biolog\u00eda 2026 &#8211; Cuadernillo<\/a><\/h4>\n<\/li>\n<\/ul>\n<hr \/>\n<h2 style=\"text-align: left;\"><span style=\"color: #ff6600;\"><span style=\"color: #000000;\"><img decoding=\"async\" loading=\"lazy\" class=\"alignleft wp-image-2288\" src=\"https:\/\/insquitilipi-cha.infd.edu.ar\/sitio\/wp-content\/uploads\/2021\/05\/Flecha-roja-mov.gif\" alt=\"\" width=\"131\" height=\"125\" \/>\u00a0 \u00a0 \u00a0<\/span><\/span><\/h2>\n<h2 style=\"text-align: left;\"><span style=\"color: #800000;\">HORARIOS Curso Proped\u00e9utico 2026<\/span><\/h2>\n<h4>\u00a0<\/h4>\n<p>\u00a0<\/p>\n<h3><strong><span style=\"color: #0000ff;\">TURNO MA\u00d1ANA:\u00a0<\/span><\/strong><\/h3>\n<h4><span style=\"color: #008000;\">&#8211; Prof. de Primaria\u00a0 &#8211;\u00a0<\/span><strong><span style=\"color: #0000ff;\">de 9:00 a 12:00 hs<\/span><\/strong><\/h4>\n<h5>\u00a0<\/h5>\n<h3><span style=\"color: #ff0000;\"><strong>TURNO TARDE:\u00a0<\/strong><\/span><\/h3>\n<h4><span style=\"color: #008000;\">&#8211; <\/span><span style=\"color: #008000;\">Prof. en Artes Visuales &#8212; <\/span><span style=\"color: #ff00ff;\">de 15:00 a 18:00 hs<\/span><\/h4>\n<h4><span style=\"color: #008000;\">&#8211; Prof. en Educaci\u00f3n F\u00edsica\u00a0 <span style=\"color: #000000;\">&#8212; <\/span><\/span><span style=\"color: #ff00ff;\"><strong>de 8:00 a 10:30 hs y de 16:00 a 18:00<\/strong><\/span><span style=\"color: #ff00ff;\">\u00a0hs<\/span><\/h4>\n<p>\u00a0<\/p>\n<h3><span style=\"color: #993300;\">TURNO NOCHE:\u00a0<\/span><\/h3>\n<h4><span style=\"color: #008000;\">&#8211; Prof. en Lengua y Literatura\u00a0 &#8212; <\/span><span style=\"color: #993300;\">de 18:30 a 21:45<\/span><span style=\"color: #993300;\">\u00a0hs<\/span><\/h4>\n<h4><span style=\"color: #008000;\">&#8211; Prof. en Biolog\u00eda\u00a0<\/span><span style=\"color: #008000;\">&#8212; <\/span><span style=\"color: #993300;\">de 1<\/span><span style=\"color: #993300;\">8:30 a 21:45 <\/span><span style=\"color: #993300;\">hs<\/span><\/h4>\n<hr \/>\n<h2><span style=\"color: #0000ff;\">VIDEOS TUTORIALES<\/span><\/h2>\n<h3>Aqu\u00ed se pueden ver o descargar\u00a0<span style=\"color: #33cccc;\">VIDEOS TUTORIALES<\/span>\u00a0sobre el Aula Virtual PARA\u00a0<span style=\"color: #33cccc;\">ALUMNOS<\/span> DEL I.E.S. PISARELLO<\/h3>\n<ol>\n<li>\n<h4><a href=\"https:\/\/drive.google.com\/open?id=1V7uI6MF2gD8HTFUoAFyrvNFs7G_Ynenq\" target=\"_blank\" rel=\"noopener\">https:\/\/drive.google.com\/open?id=1V7uI6MF2gD8HTFUoAFyrvNFs7G_Ynenq<\/a><\/h4>\n<\/li>\n<li>\n<h4><a href=\"https:\/\/drive.google.com\/open?id=1AnV6tgAPZCQASO7IAkSjSwjGqKR0UxxN\" target=\"_blank\" rel=\"noopener\">https:\/\/drive.google.com\/open?id=1AnV6tgAPZCQASO7IAkSjSwjGqKR0UxxN<\/a><\/h4>\n<\/li>\n<\/ol>\n<hr \/>\n<h2><em><strong>BEDELES<\/strong><\/em><\/h2>\n<ul>\n<li>\n<h5><span style=\"color: #ff0000;\">Prof. de Educaci\u00f3n PRIMARIA\u00a0 \u00a0<\/span><strong><span style=\"color: #ff0000;\">\u2013&gt;\u00a0<\/span> <\/strong>\u00a0Karina Pavicich<\/h5>\n<\/li>\n<li>\n<h5><span style=\"color: #ff0000;\">Prof. en LENGUA y LITERATURA\u00a0 \u00a0<\/span><strong><span style=\"color: #ff0000;\">\u2013&gt;<\/span>\u00a0 Silvia Encina<\/strong><\/h5>\n<\/li>\n<li>\n<h5><span style=\"color: #ff0000;\">Prof. en EDUCACI\u00d3N F\u00cdSICA\u00a0\u00a0\u00a0<\/span><strong><span style=\"color: #ff0000;\">\u2013&gt;<\/span>\u00a0 M\u00f3nica Fogar<\/strong><\/h5>\n<\/li>\n<li>\n<h5><span style=\"color: #ff0000;\">Prof. en ARTES VISUALES\u00a0 \u00a0\u00a0<\/span><strong><span style=\"color: #ff0000;\">\u2013&gt;\u00a0<\/span> Mirta Godoy<\/strong><\/h5>\n<\/li>\n<li>\n<h5><span style=\"color: #ff0000;\">Prof. en BIOLOG\u00cdA\u00a0 \u00a0 <\/span><strong><span style=\"color: #ff0000;\">\u2013&gt;\u00a0<\/span> Marita Borelli<\/strong><\/h5>\n<\/li>\n<\/ul>\n\n\n<p><\/p>\n","protected":false},"excerpt":{"rendered":"<p>\u00a0 TALLERES PROPED\u00c9UTICOS 2026 Los Talleres Proped\u00e9uticos de todas las carreras se dictar\u00e1n a partir del LUNES 16 de marzo hasta el VIERNES 03 de abril. La modalidad es de CURSADO OBLIGATORIO PRESENCIAL. TODOS LOS INTERESADOS EN INGRESAR EN 2026 DEBEN CURSARLO, tambi\u00e9n aquellos que a\u00fan no hayan terminado su Inscripci\u00f3n. Tambi\u00e9n aquellos mayores de &#8230; <a title=\"TALLER PROPED\u00c9UTICO 2026\" class=\"read-more\" href=\"https:\/\/insquitilipi-cha.infd.edu.ar\/sitio\/propedeutico\/\" aria-label=\"More on TALLER PROPED\u00c9UTICO 2026\">[+]<\/a><\/p>\n","protected":false},"author":921,"featured_media":0,"parent":0,"menu_order":0,"comment_status":"closed","ping_status":"closed","template":"","meta":[],"acf":[],"_links":{"self":[{"href":"https:\/\/insquitilipi-cha.infd.edu.ar\/sitio\/wp-json\/wp\/v2\/pages\/892"}],"collection":[{"href":"https:\/\/insquitilipi-cha.infd.edu.ar\/sitio\/wp-json\/wp\/v2\/pages"}],"about":[{"href":"https:\/\/insquitilipi-cha.infd.edu.ar\/sitio\/wp-json\/wp\/v2\/types\/page"}],"author":[{"embeddable":true,"href":"https:\/\/insquitilipi-cha.infd.edu.ar\/sitio\/wp-json\/wp\/v2\/users\/921"}],"replies":[{"embeddable":true,"href":"https:\/\/insquitilipi-cha.infd.edu.ar\/sitio\/wp-json\/wp\/v2\/comments?post=892"}],"version-history":[{"count":81,"href":"https:\/\/insquitilipi-cha.infd.edu.ar\/sitio\/wp-json\/wp\/v2\/pages\/892\/revisions"}],"predecessor-version":[{"id":4143,"href":"https:\/\/insquitilipi-cha.infd.edu.ar\/sitio\/wp-json\/wp\/v2\/pages\/892\/revisions\/4143"}],"wp:attachment":[{"href":"https:\/\/insquitilipi-cha.infd.edu.ar\/sitio\/wp-json\/wp\/v2\/media?parent=892"}],"curies":[{"name":"wp","href":"https:\/\/api.w.org\/{rel}","templated":true}]}}