{"id":905,"date":"2018-08-30T12:52:58","date_gmt":"2018-08-30T15:52:58","guid":{"rendered":"https:\/\/insquitilipi-cha.infd.edu.ar\/sitio\/equivalencias\/"},"modified":"2026-04-16T18:57:20","modified_gmt":"2026-04-16T21:57:20","slug":"homolog_equivalencias","status":"publish","type":"page","link":"https:\/\/insquitilipi-cha.infd.edu.ar\/sitio\/homolog_equivalencias\/","title":{"rendered":"READMISIONES, HOMOLOGACIONES Y EQUIVALENCIAS"},"content":{"rendered":"<h1 style=\"text-align: center;\"><span style=\"color: #ff0000;\">READMISIONES 2026<\/span><\/h1>\n<h4><a href=\"https:\/\/insquitilipi-cha.infd.edu.ar\/sitio\/wp-content\/uploads\/2022\/04\/SOLICITUD-DE-READMISION-2022.pdf\" target=\"_blank\" rel=\"noopener\"><em><span style=\"color: #0000ff;\">Solicitud de Readmisi\u00f3n <span style=\"color: #000000;\">(descargar)<\/span><\/span><\/em><\/a><\/h4>\n<h5><span style=\"color: #000000;\">Para aquellos alumnos que hayan perdido su condici\u00f3n de alumno regular, deben SOLICITAR READMISI\u00d3N y presentar la siguiente Documentaci\u00f3n:<\/span><\/h5>\n<h5><span style=\"color: #000000;\"><strong>Primera readmisi\u00f3n:<\/strong> presentar una nota dirigida a rector\u00eda, a trav\u00e9s de secretaria acad\u00e9mica, exponiendo su situaci\u00f3n acad\u00e9mica y fundamentando su pedido.<\/span><\/h5>\n<h5><span style=\"color: #000000;\"><strong>Segunda readmisi\u00f3n:<\/strong> Debe solicitar, previa nota a la rector\u00eda, que el consejo resuelva su pedido de readmisi\u00f3n. Para ello debe adjuntar a la nota toda documentaci\u00f3n probatoria que respalde las razones por las cuales perdi\u00f3 su condici\u00f3n de alumno regular.<\/span><\/h5>\n<h5><span style=\"color: #000000;\">Las solicitudes de readmisi\u00f3n deben presentarse durante los meses de febrero y marzo, en el caso de U.C. anuales o del primer cuatrimestre, y en el mes de Julio para U.C. del 2do cuatrimestre<\/span><\/h5>\n<h5><span style=\"color: #000000;\">Para consultas y tr\u00e1mites dirigirse a SECRETAR\u00cdA ACAD\u00c9MICA.<\/span><\/h5>\n<hr \/>\n<h1><\/h1>\n<h1><\/h1>\n<hr \/>\n<h1 style=\"text-align: center;\"><span style=\"color: #ff0000;\">EQUIVALENCIAS 2026<\/span><\/h1>\n<h4><strong>Aquellos estudiantes que lo deseen pueden solicitar <\/strong><span style=\"color: #ff00ff;\"><strong>EQUIVALENCIAS<\/strong><\/span><strong> desde el lunes <\/strong><strong><span style=\"color: #ff0000;\">20\/04\/2026<\/span>\u00a0<\/strong><strong>hasta el viernes <\/strong><span style=\"color: #ff0000;\"><strong>08\/05\/2026, <span style=\"color: #000000;\">de<\/span> 17:00 a 21:00<span style=\"color: #000000;\"> hs.<\/span><\/strong><\/span><\/h4>\n<h4><strong>Para ello el estudiante debe presentar <span style=\"color: #008000;\">CARPETA CON DOCUMENTACI\u00d3N IMPRESA EN SECRETAR\u00cdA ACAD\u00c9MICA.<\/span><\/strong><\/h4>\n<h4><strong>La <span style=\"color: #ff0000;\">documentaci\u00f3n<\/span> consiste en: <\/strong><span style=\"color: #ff0000;\"><strong>Solicitud de equivalencia <span style=\"color: #000000;\">(completada y firmada)<\/span>, Ficha de Equivalencia\u00a0<\/strong><\/span><span style=\"color: #ff0000;\"><strong><span style=\"color: #000000;\">(1 copia completada por cada Unidad Curricular que se solicita), <\/span><\/strong><\/span><span style=\"color: #ff0000;\"><strong>Certificado anal\u00edtico de Unidades Curriculares aprobadas <\/strong><\/span><span style=\"color: #ff0000;\"><strong><span style=\"color: #000000;\">(solicitar por nota en Secretar\u00eda Administrativa)<\/span><\/strong><\/span><span style=\"color: #ff0000;\"><strong>, copia digitalizada de programas de UC aprobadas<\/strong><\/span><strong> (excepto del IES Pisarello).<\/strong><\/h4>\n<h3>\u00a0<img decoding=\"async\" loading=\"lazy\" src=\"https:\/\/insquitilipi-cha.infd.edu.ar\/sitio\/wp-content\/uploads\/2021\/06\/Flecha-verde.png\" alt=\"\" width=\"50\" height=\"43\" \/>\u00a0\u00a0<span style=\"color: #0000ff;\"><a style=\"color: #0000ff;\" href=\"https:\/\/insquitilipi-cha.infd.edu.ar\/sitio\/wp-content\/uploads\/2021\/06\/SOLICITUD-EQUIVALENCIA.docx\" target=\"_blank\" rel=\"noopener\">SOLICITUD EQUIVALENCIA<\/a><\/span><\/h3>\n<h3><\/h3>\n<h3><\/h3>\n<h3><img decoding=\"async\" loading=\"lazy\" class=\"alignnone wp-image-2342\" src=\"https:\/\/insquitilipi-cha.infd.edu.ar\/sitio\/wp-content\/uploads\/2021\/06\/Flecha-verde.png\" alt=\"\" width=\"50\" height=\"43\" srcset=\"https:\/\/insquitilipi-cha.infd.edu.ar\/sitio\/wp-content\/uploads\/2021\/06\/Flecha-verde.png 890w, https:\/\/insquitilipi-cha.infd.edu.ar\/sitio\/wp-content\/uploads\/2021\/06\/Flecha-verde-768x663.png 768w\" sizes=\"(max-width: 50px) 100vw, 50px\" \/>\u00a0\u00a0<span style=\"color: #000000;\"><a style=\"color: #000000;\" href=\"https:\/\/insquitilipi-cha.infd.edu.ar\/sitio\/wp-content\/uploads\/2021\/06\/FICHA-EQUIVALENCIA.docx\" target=\"_blank\" rel=\"noopener\"><span style=\"color: #008000;\">FICHA EQUIVALENCIA<\/span><\/a><\/span><\/h3>\n<hr \/>\n<h2><\/h2>\n<h2><span style=\"color: #d91469;\"><em><strong>BEDELES<\/strong><\/em><\/span><\/h2>\n<ul>\n<li>\n<h5><span style=\"color: #ff0000;\">Prof. en QU\u00cdMICA\u00a0 \u00a0<span style=\"color: #339966;\"><strong>&#8211;&gt;\u00a0<\/strong><\/span>\u00a0 <span style=\"color: #0000ff;\">Radich, Sergio\u00a0<\/span><\/span><\/h5>\n<\/li>\n<li>\n<h5><span style=\"color: #ff0000;\">Prof. Educ. PRIMARIA\u00a0 \u00a0<\/span><span style=\"color: #ff0000;\"><strong><span style=\"color: #ff6600;\"><span style=\"color: #339966;\">&#8211;&gt;<\/span><span style=\"color: #339966;\">\u00a0\u00a0<\/span><\/span><\/strong><\/span><span style=\"color: #0000ff;\"> Pavicich, Karina\u00a0<\/span><\/h5>\n<\/li>\n<li>\n<h5><span style=\"color: #ff0000;\">Prof. en Educ. ESPECIAL\u00a0 \u00a0<\/span><span style=\"color: #ff0000;\"><strong><span style=\"color: #ff6600;\"><span style=\"color: #339966;\">&#8211;&gt;\u00a0<\/span><\/span><\/strong><\/span><span style=\"color: #ff0000;\"><span style=\"color: #0000ff;\">Radich, Sergio<\/span><\/span><\/h5>\n<\/li>\n<li>\n<h5><span style=\"color: #ff0000;\">Prof. en M\u00daSICA\u00a0<\/span><span style=\"color: #ff0000;\"> \u00a0<\/span><span style=\"color: #ff0000;\"><strong><span style=\"color: #ff6600;\"><span style=\"color: #339966;\">&#8211;&gt;<\/span>\u00a0<\/span><\/strong><\/span><span style=\"color: #0000ff;\"> Bogarin, Vanesa<\/span><\/h5>\n<\/li>\n<li>\n<h5><span style=\"color: #ff0000;\">Prof. en LENGUA y LITERATURA\u00a0 \u00a0<\/span><span style=\"color: #ff0000;\"><strong><span style=\"color: #ff6600;\"><span style=\"color: #339966;\"><span style=\"color: #0000ff;\">&#8211;&gt;\u00a0 Encina, Silvia\u00a0<\/span><\/span><\/span><\/strong><\/span><\/h5>\n<\/li>\n<li>\n<h5><span style=\"color: #ff0000;\">Prof. en EDUCACI\u00d3N F\u00cdSICA\u00a0 <span style=\"color: #0000ff;\">\u00a0<\/span><\/span><span style=\"color: #ff0000;\"><strong><span style=\"color: #ff6600;\"><span style=\"color: #339966;\"><span style=\"color: #0000ff;\">&#8211;&gt;\u00a0\u00a0<\/span><\/span><\/span><\/strong><\/span><span style=\"color: #ff0000;\"><strong><span style=\"color: #ff6600;\"><span style=\"color: #339966;\"><span style=\"color: #0000ff;\">Fogar,\u00a0<\/span><\/span><\/span><\/strong><\/span><span style=\"color: #ff0000;\"><strong><span style=\"color: #ff6600;\"><span style=\"color: #339966;\"><span style=\"color: #0000ff;\">M\u00f3nica\u00a0<\/span><\/span><\/span><\/strong><\/span><\/h5>\n<\/li>\n<li>\n<h5><span style=\"color: #ff0000;\">Prof. en ARTES VISUALES\u00a0 \u00a0\u00a0<\/span><span style=\"color: #ff0000;\"><strong><span style=\"color: #ff6600;\"><span style=\"color: #339966;\">&#8211;&gt;\u00a0 \u00a0<\/span><\/span><\/strong><\/span><span style=\"color: #ff0000;\"><span style=\"color: #0000ff;\">Godoy, Mirta\u00a0<\/span><\/span><\/h5>\n<\/li>\n<li>\n<h5><span style=\"color: #ff0000;\">Prof. en BIOLOG\u00cdA\u00a0<\/span><span style=\"color: #ff0000;\"> \u00a0<\/span><span style=\"color: #ff0000;\"><strong><span style=\"color: #ff6600;\"><span style=\"color: #339966;\">&#8211;&gt;<\/span>\u00a0<\/span><\/strong><\/span><span style=\"color: #0000ff;\"> Bogarin, Vanesa<\/span><\/h5>\n<\/li>\n<\/ul>\n","protected":false},"excerpt":{"rendered":"<p>READMISIONES 2026 Solicitud de Readmisi\u00f3n (descargar) Para aquellos alumnos que hayan perdido su condici\u00f3n de alumno regular, deben SOLICITAR READMISI\u00d3N y presentar la siguiente Documentaci\u00f3n: Primera readmisi\u00f3n: presentar una nota dirigida a rector\u00eda, a trav\u00e9s de secretaria acad\u00e9mica, exponiendo su situaci\u00f3n acad\u00e9mica y fundamentando su pedido. Segunda readmisi\u00f3n: Debe solicitar, previa nota a la rector\u00eda, &#8230; <a title=\"READMISIONES, HOMOLOGACIONES Y EQUIVALENCIAS\" class=\"read-more\" href=\"https:\/\/insquitilipi-cha.infd.edu.ar\/sitio\/homolog_equivalencias\/\" aria-label=\"More on READMISIONES, HOMOLOGACIONES Y EQUIVALENCIAS\">[+]<\/a><\/p>\n","protected":false},"author":921,"featured_media":0,"parent":0,"menu_order":0,"comment_status":"closed","ping_status":"closed","template":"","meta":[],"acf":[],"_links":{"self":[{"href":"https:\/\/insquitilipi-cha.infd.edu.ar\/sitio\/wp-json\/wp\/v2\/pages\/905"}],"collection":[{"href":"https:\/\/insquitilipi-cha.infd.edu.ar\/sitio\/wp-json\/wp\/v2\/pages"}],"about":[{"href":"https:\/\/insquitilipi-cha.infd.edu.ar\/sitio\/wp-json\/wp\/v2\/types\/page"}],"author":[{"embeddable":true,"href":"https:\/\/insquitilipi-cha.infd.edu.ar\/sitio\/wp-json\/wp\/v2\/users\/921"}],"replies":[{"embeddable":true,"href":"https:\/\/insquitilipi-cha.infd.edu.ar\/sitio\/wp-json\/wp\/v2\/comments?post=905"}],"version-history":[{"count":31,"href":"https:\/\/insquitilipi-cha.infd.edu.ar\/sitio\/wp-json\/wp\/v2\/pages\/905\/revisions"}],"predecessor-version":[{"id":4185,"href":"https:\/\/insquitilipi-cha.infd.edu.ar\/sitio\/wp-json\/wp\/v2\/pages\/905\/revisions\/4185"}],"wp:attachment":[{"href":"https:\/\/insquitilipi-cha.infd.edu.ar\/sitio\/wp-json\/wp\/v2\/media?parent=905"}],"curies":[{"name":"wp","href":"https:\/\/api.w.org\/{rel}","templated":true}]}}