{"id":917,"date":"2018-08-30T12:53:01","date_gmt":"2018-08-30T15:53:01","guid":{"rendered":"https:\/\/insquitilipi-cha.infd.edu.ar\/sitio\/congresos\/"},"modified":"2022-09-23T12:13:12","modified_gmt":"2022-09-23T15:13:12","slug":"congresos","status":"publish","type":"page","link":"https:\/\/insquitilipi-cha.infd.edu.ar\/sitio\/congresos\/","title":{"rendered":"CONGRESOS Y JORNADAS"},"content":{"rendered":"<h3 style=\"text-align: center;\"><span style=\"color: #0000ff;\">3\u00ba Jornada de Investigaci\u00f3n, Producci\u00f3n y Docencia<\/span><br \/>\n<span style=\"color: #0000ff;\">13, 14 y 15 de octubre<\/span><\/h3>\n<p><img decoding=\"async\" class=\"aligncenter\" src=\"https:\/\/educacion.chaco.gob.ar\/wp-content\/uploads\/2022\/08\/FLYER-730x1024.png\" \/><\/p>\n<h5><span style=\"color: #ff0000;\"><a href=\"https:\/\/educacion.chaco.gob.ar\/2022\/09\/08\/3eras-jornadas-de-investigacion-produccion-y-docencia\/\" target=\"_blank\" rel=\"noopener\">https:\/\/educacion.chaco.gob.ar\/2022\/09\/08\/3eras-jornadas-de-investigacion-produccion-y-docencia\/<\/a>\u00a0<\/span><\/h5>\n<hr \/>\n<hr \/>\n<h4 style=\"text-align: center;\"><strong><span class=\"Titulo_resaltado\">I CONGRESO REGIONAL ZONA NEA- NOA EN ENSE\u00d1ANZA DE LAS CIENCIAS NATURALES, MATEM\u00c1TICA Y EDUCACI\u00d3N INCLUSIVA<\/span><\/strong><\/h4>\n<p><span style=\"font-size: 12pt; font-family: 'comic sans ms', sans-serif;\"><strong>Docentes y estudiantes participaron de este evento realizado en la ciudad de Resistencia, del 19 al 21 de octubre de 2017.<\/strong><\/span><\/p>\n<p><span style=\"color: #0000ff; font-family: 'arial black', sans-serif; font-size: 18pt; background-color: #ffcc00;\">\u00a0FOTOS\u00a0<\/span><\/p>\n<p><strong><span style=\"font-family: 'book antiqua', palatino, serif; font-size: 14pt;\">DISERTACI\u00d3N DEL PROF. MARIO R. MOLINA<\/span><\/strong><\/p>\n<p><img decoding=\"async\" loading=\"lazy\" style=\"vertical-align: middle;\" src=\"https:\/\/insquitilipi-cha.infd.edu.ar\/aula\/archivos\/repositorio\/0\/219\/dd-DSC07818.JPG\" alt=\"\" width=\"4320\" height=\"2432\" border=\"0\" \/><\/p>\n<p><img decoding=\"async\" loading=\"lazy\" style=\"vertical-align: middle;\" src=\"https:\/\/insquitilipi-cha.infd.edu.ar\/aula\/archivos\/repositorio\/0\/223\/dd-DSC_0464.JPG\" alt=\"\" width=\"2992\" height=\"2000\" border=\"0\" \/><\/p>\n<p><img decoding=\"async\" loading=\"lazy\" style=\"vertical-align: middle;\" src=\"https:\/\/insquitilipi-cha.infd.edu.ar\/aula\/archivos\/repositorio\/0\/220\/dd-DSC_0466.JPG\" alt=\"\" width=\"2992\" height=\"2000\" border=\"0\" \/><\/p>\n<p><span style=\"color: #0000ff; background-color: #ffcc00; font-family: 'arial black', sans-serif; font-size: 18pt;\">\u00a0FOTOS\u00a0<\/span><\/p>\n<p><span style=\"font-family: 'book antiqua', palatino, serif; font-size: 14pt;\"><strong>TALLER DICTADO POR EL\u00a0PROF. MARIO R. MOLINA<\/strong><\/span><\/p>\n<p><img decoding=\"async\" loading=\"lazy\" style=\"vertical-align: middle;\" src=\"https:\/\/insquitilipi-cha.infd.edu.ar\/aula\/archivos\/repositorio\/0\/224\/tt-DSC07820.JPG\" alt=\"\" width=\"4320\" height=\"2432\" border=\"0\" \/><\/p>\n<p><img decoding=\"async\" loading=\"lazy\" style=\"vertical-align: middle;\" src=\"https:\/\/insquitilipi-cha.infd.edu.ar\/aula\/archivos\/repositorio\/0\/221\/tt-DSC_0535.JPG\" alt=\"\" width=\"2992\" height=\"2000\" border=\"0\" \/><\/p>\n<p><img decoding=\"async\" loading=\"lazy\" style=\"vertical-align: middle;\" src=\"https:\/\/insquitilipi-cha.infd.edu.ar\/aula\/archivos\/repositorio\/0\/222\/tt-DSC_0580.JPG\" alt=\"\" width=\"2992\" height=\"2000\" border=\"0\" \/><\/p>\n","protected":false},"excerpt":{"rendered":"<p>3\u00ba Jornada de Investigaci\u00f3n, Producci\u00f3n y Docencia 13, 14 y 15 de octubre https:\/\/educacion.chaco.gob.ar\/2022\/09\/08\/3eras-jornadas-de-investigacion-produccion-y-docencia\/\u00a0 I CONGRESO REGIONAL ZONA NEA- NOA EN ENSE\u00d1ANZA DE LAS CIENCIAS NATURALES, MATEM\u00c1TICA Y EDUCACI\u00d3N INCLUSIVA Docentes y estudiantes participaron de este evento realizado en la ciudad de Resistencia, del 19 al 21 de octubre de 2017. \u00a0FOTOS\u00a0 DISERTACI\u00d3N DEL PROF. &#8230; <a title=\"CONGRESOS Y JORNADAS\" class=\"read-more\" href=\"https:\/\/insquitilipi-cha.infd.edu.ar\/sitio\/congresos\/\" aria-label=\"More on CONGRESOS Y JORNADAS\">[+]<\/a><\/p>\n","protected":false},"author":921,"featured_media":0,"parent":0,"menu_order":0,"comment_status":"closed","ping_status":"closed","template":"","meta":[],"acf":[],"_links":{"self":[{"href":"https:\/\/insquitilipi-cha.infd.edu.ar\/sitio\/wp-json\/wp\/v2\/pages\/917"}],"collection":[{"href":"https:\/\/insquitilipi-cha.infd.edu.ar\/sitio\/wp-json\/wp\/v2\/pages"}],"about":[{"href":"https:\/\/insquitilipi-cha.infd.edu.ar\/sitio\/wp-json\/wp\/v2\/types\/page"}],"author":[{"embeddable":true,"href":"https:\/\/insquitilipi-cha.infd.edu.ar\/sitio\/wp-json\/wp\/v2\/users\/921"}],"replies":[{"embeddable":true,"href":"https:\/\/insquitilipi-cha.infd.edu.ar\/sitio\/wp-json\/wp\/v2\/comments?post=917"}],"version-history":[{"count":3,"href":"https:\/\/insquitilipi-cha.infd.edu.ar\/sitio\/wp-json\/wp\/v2\/pages\/917\/revisions"}],"predecessor-version":[{"id":2957,"href":"https:\/\/insquitilipi-cha.infd.edu.ar\/sitio\/wp-json\/wp\/v2\/pages\/917\/revisions\/2957"}],"wp:attachment":[{"href":"https:\/\/insquitilipi-cha.infd.edu.ar\/sitio\/wp-json\/wp\/v2\/media?parent=917"}],"curies":[{"name":"wp","href":"https:\/\/api.w.org\/{rel}","templated":true}]}}