{"id":919,"date":"2018-08-30T12:53:02","date_gmt":"2018-08-30T15:53:02","guid":{"rendered":"https:\/\/insquitilipi-cha.infd.edu.ar\/sitio\/cursado-2018\/"},"modified":"2026-03-30T15:39:02","modified_gmt":"2026-03-30T18:39:02","slug":"cursado-2026","status":"publish","type":"page","link":"https:\/\/insquitilipi-cha.infd.edu.ar\/sitio\/cursado-2026\/","title":{"rendered":"CURSADO 2026"},"content":{"rendered":"<h1 style=\"text-align: center;\"><span style=\"color: #ff0000; background-color: #00ff00; font-size: 24pt; font-family: 'arial black', sans-serif;\">\u00a0CURSADO DE UNIDADES CURRICULARES 2026\u00a0<\/span><\/h1>\n<p><img decoding=\"async\" loading=\"lazy\" class=\"alignnone size-full wp-image-4151\" src=\"https:\/\/insquitilipi-cha.infd.edu.ar\/sitio\/wp-content\/uploads\/2026\/03\/Cursado-1er-C-2026.jpg\" alt=\"\" width=\"960\" height=\"720\" srcset=\"https:\/\/insquitilipi-cha.infd.edu.ar\/sitio\/wp-content\/uploads\/2026\/03\/Cursado-1er-C-2026.jpg 960w, https:\/\/insquitilipi-cha.infd.edu.ar\/sitio\/wp-content\/uploads\/2026\/03\/Cursado-1er-C-2026-768x576.jpg 768w\" sizes=\"(max-width: 960px) 100vw, 960px\" \/><\/p>\n<h2 style=\"text-align: center;\"><span style=\"color: #ff00ff;\">La inscripci\u00f3n CIERRA el lunes 06 de Abril a las 23:50 hs.<\/span><\/h2>\n<hr \/>\n<table style=\"width: 618px; height: 200px;\" border=\"0\">\n<tbody>\n<tr style=\"border-color: #660a03; background-color: #d1f0df;\">\n<td style=\"width: 307px;\"><span style=\"font-family: 'comic sans ms', sans-serif; font-size: 18pt; color: #ff6600;\"><strong>INSCRIPCI\u00d3N ONLINE<\/strong><\/span><\/p>\n<h4><span style=\"color: #ff6600;\"><em><strong>1er Cuatrimestre <\/strong><\/em><\/span><span style=\"color: #ff6600;\"><span style=\"color: #ff0000;\"><img decoding=\"async\" loading=\"lazy\" class=\"alignnone wp-image-2228\" src=\"https:\/\/insquitilipi-cha.infd.edu.ar\/sitio\/wp-content\/uploads\/2021\/04\/Flecha-anim.gif\" alt=\"\" width=\"129\" height=\"49\" \/><\/span><\/span><\/h4>\n<\/td>\n<td style=\"width: 189px; text-align: center;\"><span style=\"font-family: 'comic sans ms', sans-serif; font-size: 18pt;\"><strong>\u00a0<\/strong><\/span><span style=\"font-family: 'comic sans ms', sans-serif; font-size: 18pt; color: #ff0000;\"><strong><a style=\"color: #ff0000;\" href=\"http:\/\/insup.com.ar\/Pisarello\/alumnos\/\" target=\"_blank\" rel=\"noopener\">Hacer click<\/a><\/strong><\/span><\/td>\n<\/tr>\n<\/tbody>\n<\/table>\n<h5><strong>Para consultas sobre el sistema de Gesti\u00f3n comunicarse a: <span style=\"color: #ff0000;\"><a style=\"color: #ff0000;\" href=\"mailto:consultas.iespisarello@gmail.com\" target=\"_blank\" rel=\"noopener\">consultas.iespisarello@<wbr \/>gmail.com<\/a><\/span>\u00a0<\/strong><\/h5>\n<hr \/>\n<h2><span style=\"color: #ff6600;\">IMPORTANTE:<\/span> <span style=\"color: #0000ff;\"><span style=\"color: #008000;\">Luego de realizar la Inscripci\u00f3n, se deben imprimir dos copias de la<\/span> <span style=\"color: #ff6600;\">constancia de inscripci\u00f3n<\/span> <span style=\"color: #008000;\">y presentar a la bedel de la carrera. <span style=\"color: #0000ff;\">Estas constancias se deber\u00e1n Imprimir el 06 de abril, despu\u00e9s que cierre la inscripci\u00f3n<\/span>.<\/span><\/span><\/h2>\n<hr \/>\n<h3><span style=\"color: #993300;\"><em>INSTRUCTIVO SISTEMA DE GESTI\u00d3N<\/em><\/span><\/h3>\n<h4><a href=\"https:\/\/insquitilipi-cha.infd.edu.ar\/sitio\/wp-content\/uploads\/2020\/06\/1-PLATAFORMA-DE-AUTOGESTI\u00d3N-INSTRUCTIVO-PARA-EL-ALUMNO.pdf\" target=\"_blank\" rel=\"noopener\">1-<\/a><a href=\"https:\/\/insquitilipi-cha.infd.edu.ar\/sitio\/wp-content\/uploads\/2024\/04\/Pagina-de-Autogestion-Estudiantil.pdf\" target=\"_blank\" rel=\"noopener\">PLATAFORMA DE AUTOGESTI\u00d3N &#8211; INSTRUCTIVO PARA EL ALUMNO<\/a><\/h4>\n<hr \/>\n<h3><span style=\"color: #ff0000;\"><strong>AULAS VIRTUALES<\/strong><\/span><\/h3>\n<h4><span style=\"color: #0000ff;\">PARA CONSULTAS SOBRE AULAS VIRTUALES . Todos aquellos docentes y alumnos que tengan problemas con Aulas Virtuales que env\u00eden un correo a <span style=\"color: #ff0000;\">pisarellovirtual@gmail.com<\/span> explicando el problema, con estos datos:<\/span><br \/>\n<span style=\"color: #0000ff;\">* Apellido y Nombres completo<\/span><br \/>\n<span style=\"color: #0000ff;\">* DNI<\/span><br \/>\n<span style=\"color: #0000ff;\">* Correo electr\u00f3nico<\/span><br \/>\n<span style=\"color: #0000ff;\">* Carrera<\/span><br \/>\n<span style=\"color: #0000ff;\">* Unidades Curriculares que se dictan o cursan<\/span><\/h4>\n<hr \/>\n<h3><\/h3>\n<h3>Aqu\u00ed se pueden ver o descargar <span style=\"color: #ff6600;\">VIDEOS TUTORIALES<\/span>\u00a0sobre el Aula Virtual PARA <span style=\"color: #0000ff;\">ALUMNOS DEL I.E.S. PISARELLO<\/span><\/h3>\n<ol>\n<li>\n<h5><a href=\"https:\/\/drive.google.com\/file\/d\/1EVnbWinlACammu6tbpgrQMi5_yf0u2da\/view?usp=sharing\" target=\"_blank\" rel=\"noopener\">https:\/\/drive.google.com\/file\/d\/1EVnbWinlACammu6tbpgrQMi5_yf0u2da\/view?usp=sharing<\/a><\/h5>\n<\/li>\n<li>\n<h5><a href=\"https:\/\/drive.google.com\/file\/d\/1Zi2Nsyz4_dygwSW9vwfi23DimiY7E0lK\/view?usp=sharing\" target=\"_blank\" rel=\"noopener\">https:\/\/drive.google.com\/file\/d\/1Zi2Nsyz4_dygwSW9vwfi23DimiY7E0lK\/view?usp=sharing<\/a><\/h5>\n<\/li>\n<\/ol>\n<hr \/>\n<h3>Aqu\u00ed se pueden ver o descargar <span style=\"color: #ff0000;\">VIDEOS TUTORIALES<\/span>\u00a0sobre el Aula Virtual PARA <span style=\"color: #800000;\">PROFESORES DEL I.E.S. PISARELLO<\/span><\/h3>\n<ol>\n<li>\n<h5>PAG. INICIO &#8211;\u00a0<a href=\"https:\/\/drive.google.com\/file\/d\/1_42VLfhULTi_oKB30rv0HNCE6vx8Js3H\/view?usp=sharing\" target=\"_blank\" rel=\"noopener\">https:\/\/drive.google.com\/file\/d\/1_42VLfhULTi_oKB30rv0HNCE6vx8Js3H\/view?usp=sharing<\/a><\/h5>\n<\/li>\n<li>\n<h5>CARGA ALUMNOS &#8211; <a href=\"https:\/\/drive.google.com\/file\/d\/1ypP052OFOo9z3P-dZQlOLtx3rklqE4VZ\/view?usp=sharing\" target=\"_blank\" rel=\"noopener\">https:\/\/drive.google.com\/file\/d\/1ypP052OFOo9z3P-dZQlOLtx3rklqE4VZ\/view?usp=sharing<\/a><\/h5>\n<\/li>\n<li>\n<h5>CLASES &#8211;\u00a0<a href=\"https:\/\/drive.google.com\/file\/d\/1YrgbRaaURsx_4H0F4GyMPxn0vA2RxKYO\/view?usp=sharing\" target=\"_blank\" rel=\"noopener\">https:\/\/drive.google.com\/file\/d\/1YrgbRaaURsx_4H0F4GyMPxn0vA2RxKYO\/view?usp=sharing<\/a><\/h5>\n<\/li>\n<li>\n<h5>ARCHIVOS Y SITIOS &#8211;\u00a0<a href=\"https:\/\/drive.google.com\/file\/d\/1FvH6IobvQMF3tHWI9iMicjDpU-Czm5VH\/view?usp=sharing\" target=\"_blank\" rel=\"noopener\">https:\/\/drive.google.com\/file\/d\/1FvH6IobvQMF3tHWI9iMicjDpU-Czm5VH\/view?usp=sharing<\/a><\/h5>\n<\/li>\n<\/ol>\n<hr \/>\n<hr \/>\n<ul>\n<li>\n<h4><span style=\"color: #ff0000;\"><a style=\"color: #ff0000;\" href=\"https:\/\/insquitilipi-cha.infd.edu.ar\/sitio\/wp-content\/uploads\/2020\/06\/Resol-1082_20-MODALIDADES-CURSADO.pdf\">Resol 1082_20-MODALIDADES CURSADO<\/a><\/span><\/h4>\n<\/li>\n<li>\n<h4><a href=\"https:\/\/insquitilipi-cha.infd.edu.ar\/sitio\/wp-content\/uploads\/2022\/09\/Regimen-de-convivencia-IES-Pisarello-2022.pdf\" target=\"_blank\" rel=\"noopener\"><span style=\"color: #ff00ff;\"><strong>REGIMEN DE CONVIVENCIA IES Pisarello\u00a0<\/strong><\/span><\/a><\/h4>\n<\/li>\n<li>\n<h4><a href=\"https:\/\/insquitilipi-cha.infd.edu.ar\/sitio\/wp-content\/uploads\/2023\/07\/Constancia-General-Pisarello.pdf\">Constancia General Pisarello<\/a><\/h4>\n<\/li>\n<li>\n<h3><a href=\"https:\/\/insquitilipi-cha.infd.edu.ar\/sitio\/retiro-de-legajos\/\" target=\"_blank\" rel=\"noopener\"><span style=\"color: #ab0202;\">RETIRO DE LEGAJOS<\/span><\/a><\/h3>\n<\/li>\n<\/ul>\n<hr \/>\n<h3><span style=\"color: #993300;\">Para cualquier consulta o aviso comunicate con tu BEDEL.<\/span><\/h3>\n<h2><span style=\"color: #d91469;\"><em><strong>BEDELES<\/strong><\/em><\/span><\/h2>\n<ul>\n<li>\n<h5><span style=\"color: #ff0000;\">Prof. en QU\u00cdMICA\u00a0 \u00a0<span style=\"color: #339966;\"><strong>&#8211;&gt;\u00a0<\/strong><\/span>\u00a0 <span style=\"color: #0000ff;\">Zamora, Anabel\u00a0<\/span><\/span><\/h5>\n<\/li>\n<li>\n<h5><span style=\"color: #ff0000;\">Prof. Educ. PRIMARIA\u00a0 \u00a0<\/span><span style=\"color: #ff0000;\"><strong><span style=\"color: #ff6600;\"><span style=\"color: #339966;\">&#8211;&gt;<\/span><span style=\"color: #339966;\">\u00a0\u00a0<\/span><\/span><\/strong><\/span><span style=\"color: #0000ff;\"> Pavicich, Karina\u00a0<\/span><\/h5>\n<\/li>\n<li>\n<h5><span style=\"color: #ff0000;\">Prof. en Educ. ESPECIAL\u00a0 \u00a0<\/span><span style=\"color: #ff0000;\"><strong><span style=\"color: #ff6600;\"><span style=\"color: #339966;\">&#8211;&gt;<\/span>\u00a0\u00a0<\/span><\/strong><\/span><span style=\"color: #ff0000;\"><span style=\"color: #0000ff;\">Zamora, Anabel<\/span><\/span><\/h5>\n<\/li>\n<li>\n<h5><span style=\"color: #ff0000;\">Prof. en M\u00daSICA\u00a0<\/span><span style=\"color: #ff0000;\"> \u00a0<\/span><span style=\"color: #ff0000;\"><strong><span style=\"color: #ff6600;\"><span style=\"color: #339966;\">&#8211;&gt;<\/span>\u00a0<\/span><\/strong><\/span><span style=\"color: #0000ff;\"> Borelli, Mar\u00eda del Pilar<\/span><\/h5>\n<\/li>\n<li>\n<h5><span style=\"color: #ff0000;\">Prof. en LENGUA y LITERATURA\u00a0 \u00a0<\/span><span style=\"color: #ff0000;\"><strong><span style=\"color: #ff6600;\"><span style=\"color: #339966;\"><span style=\"color: #0000ff;\">&#8211;&gt;\u00a0 Encina, Silvia\u00a0<\/span><\/span><\/span><\/strong><\/span><\/h5>\n<\/li>\n<li>\n<h5><span style=\"color: #ff0000;\">Prof. en EDUCACI\u00d3N F\u00cdSICA\u00a0 <span style=\"color: #0000ff;\">\u00a0<\/span><\/span><span style=\"color: #ff0000;\"><strong><span style=\"color: #ff6600;\"><span style=\"color: #339966;\"><span style=\"color: #0000ff;\"><span style=\"color: #339966;\">&#8211;&gt;<\/span>\u00a0\u00a0<\/span><\/span><\/span><\/strong><\/span><span style=\"color: #ff0000;\"><strong><span style=\"color: #ff6600;\"><span style=\"color: #339966;\"><span style=\"color: #0000ff;\">Fogar,\u00a0<\/span><\/span><\/span><\/strong><\/span><span style=\"color: #ff0000;\"><strong><span style=\"color: #ff6600;\"><span style=\"color: #339966;\"><span style=\"color: #0000ff;\">M\u00f3nica\u00a0<\/span><\/span><\/span><\/strong><\/span><\/h5>\n<\/li>\n<li>\n<h5><span style=\"color: #ff0000;\">Prof. en ARTES VISUALES\u00a0 \u00a0\u00a0<\/span><span style=\"color: #ff0000;\"><strong><span style=\"color: #ff6600;\"><span style=\"color: #339966;\">&#8211;&gt;\u00a0 \u00a0<\/span><\/span><\/strong><\/span><span style=\"color: #ff0000;\"><span style=\"color: #0000ff;\">Godoy, Mirta\u00a0<\/span><\/span><\/h5>\n<\/li>\n<\/ul>\n","protected":false},"excerpt":{"rendered":"<p>\u00a0CURSADO DE UNIDADES CURRICULARES 2026\u00a0 La inscripci\u00f3n CIERRA el lunes 06 de Abril a las 23:50 hs. INSCRIPCI\u00d3N ONLINE 1er Cuatrimestre \u00a0Hacer click Para consultas sobre el sistema de Gesti\u00f3n comunicarse a: consultas.iespisarello@gmail.com\u00a0 IMPORTANTE: Luego de realizar la Inscripci\u00f3n, se deben imprimir dos copias de la constancia de inscripci\u00f3n y presentar a la bedel de &#8230; <a title=\"CURSADO 2026\" class=\"read-more\" href=\"https:\/\/insquitilipi-cha.infd.edu.ar\/sitio\/cursado-2026\/\" aria-label=\"More on CURSADO 2026\">[+]<\/a><\/p>\n","protected":false},"author":921,"featured_media":0,"parent":0,"menu_order":0,"comment_status":"closed","ping_status":"closed","template":"","meta":[],"acf":[],"_links":{"self":[{"href":"https:\/\/insquitilipi-cha.infd.edu.ar\/sitio\/wp-json\/wp\/v2\/pages\/919"}],"collection":[{"href":"https:\/\/insquitilipi-cha.infd.edu.ar\/sitio\/wp-json\/wp\/v2\/pages"}],"about":[{"href":"https:\/\/insquitilipi-cha.infd.edu.ar\/sitio\/wp-json\/wp\/v2\/types\/page"}],"author":[{"embeddable":true,"href":"https:\/\/insquitilipi-cha.infd.edu.ar\/sitio\/wp-json\/wp\/v2\/users\/921"}],"replies":[{"embeddable":true,"href":"https:\/\/insquitilipi-cha.infd.edu.ar\/sitio\/wp-json\/wp\/v2\/comments?post=919"}],"version-history":[{"count":98,"href":"https:\/\/insquitilipi-cha.infd.edu.ar\/sitio\/wp-json\/wp\/v2\/pages\/919\/revisions"}],"predecessor-version":[{"id":4152,"href":"https:\/\/insquitilipi-cha.infd.edu.ar\/sitio\/wp-json\/wp\/v2\/pages\/919\/revisions\/4152"}],"wp:attachment":[{"href":"https:\/\/insquitilipi-cha.infd.edu.ar\/sitio\/wp-json\/wp\/v2\/media?parent=919"}],"curies":[{"name":"wp","href":"https:\/\/api.w.org\/{rel}","templated":true}]}}